{"id":8056,"date":"2025-12-05T06:22:12","date_gmt":"2025-12-05T06:22:12","guid":{"rendered":"https:\/\/spherefixgnssrtk.com\/?post_type=product&#038;p=8056"},"modified":"2026-03-31T16:47:41","modified_gmt":"2026-03-31T08:47:41","slug":"spherefix","status":"publish","type":"product","link":"https:\/\/spherefixgnssrtk.com\/vi\/product\/spherefix\/","title":{"rendered":"Spherefix"},"content":{"rendered":"<p>Spherefix l\u00e0 ph\u1ea7n m\u1ec1m tr\u1eafc \u0111\u1ecba \u0111\u01b0\u1ee3c ph\u00e1t tri\u1ec3n b\u1edfi Spherefix d\u00e0nh cho n\u1ec1n t\u1ea3ng Android. Ph\u1ea7n m\u1ec1m h\u1ed7 tr\u1ee3 nhi\u1ec1u ng\u00f4n ng\u1eef, c\u00e1c h\u1ec7 t\u1ecda \u0111\u1ed9 kh\u00e1c nhau v\u00e0 ph\u01b0\u01a1ng ph\u00e1p chi\u1ebfu, cung c\u1ea5p b\u1ed9 t\u00ednh n\u0103ng phong ph\u00fa mang l\u1ea1i tr\u1ea3i nghi\u1ec7m tr\u1eafc \u0111\u1ecba k\u1ef9 thu\u1eadt ch\u01b0a t\u1eebng c\u00f3.<\/p>","protected":false},"excerpt":{"rendered":"<p>Spherefix l\u00e0 ph\u1ea7n m\u1ec1m tr\u1eafc \u0111\u1ecba \u0111\u01b0\u1ee3c ph\u00e1t tri\u1ec3n b\u1edfi Spherefix d\u00e0nh cho n\u1ec1n t\u1ea3ng Android. Ph\u1ea7n m\u1ec1m h\u1ed7 tr\u1ee3 nhi\u1ec1u ng\u00f4n ng\u1eef, c\u00e1c h\u1ec7 t\u1ecda \u0111\u1ed9 kh\u00e1c nhau v\u00e0 ph\u01b0\u01a1ng ph\u00e1p chi\u1ebfu, cung c\u1ea5p b\u1ed9 t\u00ednh n\u0103ng phong ph\u00fa mang l\u1ea1i tr\u1ea3i nghi\u1ec7m tr\u1eafc \u0111\u1ecba k\u1ef9 thu\u1eadt ch\u01b0a t\u1eebng c\u00f3.<\/p>","protected":false},"featured_media":8057,"comment_status":"open","ping_status":"closed","template":"","meta":{"_surecart_dashboard_logo_width":"180px","_surecart_dashboard_show_logo":true,"_surecart_dashboard_navigation_orders":true,"_surecart_dashboard_navigation_invoices":true,"_surecart_dashboard_navigation_subscriptions":true,"_surecart_dashboard_navigation_downloads":true,"_surecart_dashboard_navigation_billing":true,"_surecart_dashboard_navigation_account":true,"_uag_custom_page_level_css":"","site-sidebar-layout":"default","site-content-layout":"","ast-site-content-layout":"default","site-content-style":"default","site-sidebar-style":"default","ast-global-header-display":"","ast-banner-title-visibility":"","ast-main-header-display":"","ast-hfb-above-header-display":"","ast-hfb-below-header-display":"","ast-hfb-mobile-header-display":"","site-post-title":"","ast-breadcrumbs-content":"","ast-featured-img":"","footer-sml-layout":"","theme-transparent-header-meta":"default","adv-header-id-meta":"","stick-header-meta":"","header-above-stick-meta":"","header-main-stick-meta":"","header-below-stick-meta":"","astra-migrate-meta-layouts":"set","ast-page-background-enabled":"default","ast-page-background-meta":{"desktop":{"background-color":"","background-image":"","background-repeat":"repeat","background-position":"center center","background-size":"auto","background-attachment":"scroll","background-type":"","background-media":"","overlay-type":"","overlay-color":"","overlay-opacity":"","overlay-gradient":""},"tablet":{"background-color":"","background-image":"","background-repeat":"repeat","background-position":"center center","background-size":"auto","background-attachment":"scroll","background-type":"","background-media":"","overlay-type":"","overlay-color":"","overlay-opacity":"","overlay-gradient":""},"mobile":{"background-color":"","background-image":"","background-repeat":"repeat","background-position":"center center","background-size":"auto","background-attachment":"scroll","background-type":"","background-media":"","overlay-type":"","overlay-color":"","overlay-opacity":"","overlay-gradient":""}},"ast-content-background-meta":{"desktop":{"background-color":"var(--ast-global-color-5)","background-image":"","background-repeat":"repeat","background-position":"center center","background-size":"auto","background-attachment":"scroll","background-type":"","background-media":"","overlay-type":"","overlay-color":"","overlay-opacity":"","overlay-gradient":""},"tablet":{"background-color":"var(--ast-global-color-5)","background-image":"","background-repeat":"repeat","background-position":"center center","background-size":"auto","background-attachment":"scroll","background-type":"","background-media":"","overlay-type":"","overlay-color":"","overlay-opacity":"","overlay-gradient":""},"mobile":{"background-color":"var(--ast-global-color-5)","background-image":"","background-repeat":"repeat","background-position":"center center","background-size":"auto","background-attachment":"scroll","background-type":"","background-media":"","overlay-type":"","overlay-color":"","overlay-opacity":"","overlay-gradient":""}}},"product_brand":[],"product_cat":[66],"product_tag":[36,68,67],"class_list":{"0":"post-8056","1":"product","2":"type-product","3":"status-publish","4":"has-post-thumbnail","6":"product_cat-software","7":"product_tag-gnss-receiver","8":"product_tag-software","9":"product_tag-spherefix","10":"desktop-align-left","11":"tablet-align-left","12":"mobile-align-left","14":"first","15":"outofstock","16":"shipping-taxable","17":"purchasable","18":"product-type-simple"},"uagb_featured_image_src":{"full":["https:\/\/spherefixgnssrtk.com\/wp-content\/uploads\/2025\/12\/Spherefix.png",958,958,false],"thumbnail":["https:\/\/spherefixgnssrtk.com\/wp-content\/uploads\/2025\/12\/Spherefix-150x150.png",150,150,true],"medium":["https:\/\/spherefixgnssrtk.com\/wp-content\/uploads\/2025\/12\/Spherefix-300x300.png",300,300,true],"medium_large":["https:\/\/spherefixgnssrtk.com\/wp-content\/uploads\/2025\/12\/Spherefix-768x768.png",768,768,true],"large":["https:\/\/spherefixgnssrtk.com\/wp-content\/uploads\/2025\/12\/Spherefix.png",958,958,false],"1536x1536":["https:\/\/spherefixgnssrtk.com\/wp-content\/uploads\/2025\/12\/Spherefix.png",958,958,false],"2048x2048":["https:\/\/spherefixgnssrtk.com\/wp-content\/uploads\/2025\/12\/Spherefix.png",958,958,false],"trp-custom-language-flag":["https:\/\/spherefixgnssrtk.com\/wp-content\/uploads\/2025\/12\/Spherefix.png",12,12,false],"woocommerce_thumbnail":["https:\/\/spherefixgnssrtk.com\/wp-content\/uploads\/2025\/12\/Spherefix-300x300.png",300,300,true],"woocommerce_single":["https:\/\/spherefixgnssrtk.com\/wp-content\/uploads\/2025\/12\/Spherefix-600x600.png",600,600,true],"woocommerce_gallery_thumbnail":["https:\/\/spherefixgnssrtk.com\/wp-content\/uploads\/2025\/12\/Spherefix-100x100.png",100,100,true]},"uagb_author_info":{"display_name":"jeffreyrtk@gmail.com","author_link":"https:\/\/spherefixgnssrtk.com\/vi\/author\/"},"uagb_comment_info":0,"uagb_excerpt":"Spherefix is a surveying software developed by Spherefix for the Android platform. The software supports multiple languages, various coordinate systems, and projection methods, offering a rich set of features for an unprecedented engineering surveying experience.","_links":{"self":[{"href":"https:\/\/spherefixgnssrtk.com\/vi\/wp-json\/wp\/v2\/product\/8056","targetHints":{"allow":["GET"]}}],"collection":[{"href":"https:\/\/spherefixgnssrtk.com\/vi\/wp-json\/wp\/v2\/product"}],"about":[{"href":"https:\/\/spherefixgnssrtk.com\/vi\/wp-json\/wp\/v2\/types\/product"}],"replies":[{"embeddable":true,"href":"https:\/\/spherefixgnssrtk.com\/vi\/wp-json\/wp\/v2\/comments?post=8056"}],"version-history":[{"count":1,"href":"https:\/\/spherefixgnssrtk.com\/vi\/wp-json\/wp\/v2\/product\/8056\/revisions"}],"predecessor-version":[{"id":8063,"href":"https:\/\/spherefixgnssrtk.com\/vi\/wp-json\/wp\/v2\/product\/8056\/revisions\/8063"}],"wp:featuredmedia":[{"embeddable":true,"href":"https:\/\/spherefixgnssrtk.com\/vi\/wp-json\/wp\/v2\/media\/8057"}],"wp:attachment":[{"href":"https:\/\/spherefixgnssrtk.com\/vi\/wp-json\/wp\/v2\/media?parent=8056"}],"wp:term":[{"taxonomy":"product_brand","embeddable":true,"href":"https:\/\/spherefixgnssrtk.com\/vi\/wp-json\/wp\/v2\/product_brand?post=8056"},{"taxonomy":"product_cat","embeddable":true,"href":"https:\/\/spherefixgnssrtk.com\/vi\/wp-json\/wp\/v2\/product_cat?post=8056"},{"taxonomy":"product_tag","embeddable":true,"href":"https:\/\/spherefixgnssrtk.com\/vi\/wp-json\/wp\/v2\/product_tag?post=8056"}],"curies":[{"name":"wp","href":"https:\/\/api.w.org\/{rel}","templated":true}]}}