{"id":7993,"date":"2025-12-05T00:59:38","date_gmt":"2025-12-05T00:59:38","guid":{"rendered":"https:\/\/spherefixgnssrtk.com\/?post_type=product&#038;p=7993"},"modified":"2026-03-31T16:51:03","modified_gmt":"2026-03-31T08:51:03","slug":"smc20-excavator-guidance-system","status":"publish","type":"product","link":"https:\/\/spherefixgnssrtk.com\/vi\/product\/smc20-excavator-guidance-system\/","title":{"rendered":"H\u1ec7 th\u1ed1ng d\u1eabn \u0111\u01b0\u1eddng cho m\u00e1y \u0111\u00e0o SMC20"},"content":{"rendered":"<p>H\u1ec7 th\u1ed1ng H\u01b0\u1edbng d\u1eabn M\u00e1y \u0111\u00e0o SMC20 l\u00e0 gi\u1ea3i ph\u00e1p ti\u00ean ti\u1ebfn v\u1edbi \u0111\u1ed9 ch\u00ednh x\u00e1c cao v\u00e0 hi\u1ec7u su\u1ea5t v\u01b0\u1ee3t tr\u1ed9i, cung c\u1ea5p kh\u1ea3 n\u0103ng v\u1eadn h\u00e0nh tr\u1ef1c quan. H\u1ec7 th\u1ed1ng n\u00e0y cung c\u1ea5p th\u00f4ng tin v\u1ecb tr\u00ed ch\u00ednh x\u00e1c c\u1ee7a m\u0169i x\u1ebbng v\u00e0 th\u1ec3 t\u00edch \u0111\u00e0o\/\u0111\u1eafp th\u00f4ng qua c\u00f4ng ngh\u1ec7 \u0111\u1ecbnh v\u1ecb ch\u00ednh x\u00e1c cao, thu th\u1eadp d\u1eef li\u1ec7u c\u1ea3m bi\u1ebfn v\u00e0 x\u1eed l\u00fd d\u1eef li\u1ec7u th\u1eddi gian th\u1ef1c. H\u1ec7 th\u1ed1ng t\u01b0\u01a1ng th\u00edch v\u1edbi nhi\u1ec1u lo\u1ea1i m\u00e1y \u0111\u00e0o v\u00e0 ph\u00f9 h\u1ee3p v\u1edbi nhi\u1ec1u t\u00ecnh hu\u1ed1ng nh\u01b0 \u0111\u00e0o s\u00f4ng, n\u1ea1o v\u00e9t \u0111\u00e1y bi\u1ec3n v\u00e0 c\u1eaft d\u1ed1c \u0111\u01b0\u1eddng cao t\u1ed1c. M\u1ed9t ng\u01b0\u1eddi v\u1eadn h\u00e0nh c\u00f3 th\u1ec3 ho\u00e0n th\u00e0nh t\u1ea5t c\u1ea3 c\u00e1c t\u00e1c v\u1ee5, gi\u00fap gi\u1ea3m chi ph\u00ed lao \u0111\u1ed9ng v\u00e0 th\u1eddi gian thi c\u00f4ng.<\/p>","protected":false},"excerpt":{"rendered":"<p>SMC20 Excavator Guidance System is a sophisticated solution with high precision and high performance, which offers visualized operation. It provides accurate position information of the bucket tip and cut\/fill volumes through high-precision positioning technology, sensor data acquisition, and real-time data processing.Compatible with various excavators, it fits many situations like river excavation, seabed dredging, and highway [&hellip;]<\/p>\n","protected":false},"featured_media":7994,"comment_status":"open","ping_status":"closed","template":"","meta":{"_surecart_dashboard_logo_width":"180px","_surecart_dashboard_show_logo":true,"_surecart_dashboard_navigation_orders":true,"_surecart_dashboard_navigation_invoices":true,"_surecart_dashboard_navigation_subscriptions":true,"_surecart_dashboard_navigation_downloads":true,"_surecart_dashboard_navigation_billing":true,"_surecart_dashboard_navigation_account":true,"_uag_custom_page_level_css":"","site-sidebar-layout":"default","site-content-layout":"","ast-site-content-layout":"default","site-content-style":"default","site-sidebar-style":"default","ast-global-header-display":"","ast-banner-title-visibility":"","ast-main-header-display":"","ast-hfb-above-header-display":"","ast-hfb-below-header-display":"","ast-hfb-mobile-header-display":"","site-post-title":"","ast-breadcrumbs-content":"","ast-featured-img":"","footer-sml-layout":"","theme-transparent-header-meta":"default","adv-header-id-meta":"","stick-header-meta":"","header-above-stick-meta":"","header-main-stick-meta":"","header-below-stick-meta":"","astra-migrate-meta-layouts":"set","ast-page-background-enabled":"default","ast-page-background-meta":{"desktop":{"background-color":"","background-image":"","background-repeat":"repeat","background-position":"center center","background-size":"auto","background-attachment":"scroll","background-type":"","background-media":"","overlay-type":"","overlay-color":"","overlay-opacity":"","overlay-gradient":""},"tablet":{"background-color":"","background-image":"","background-repeat":"repeat","background-position":"center center","background-size":"auto","background-attachment":"scroll","background-type":"","background-media":"","overlay-type":"","overlay-color":"","overlay-opacity":"","overlay-gradient":""},"mobile":{"background-color":"","background-image":"","background-repeat":"repeat","background-position":"center center","background-size":"auto","background-attachment":"scroll","background-type":"","background-media":"","overlay-type":"","overlay-color":"","overlay-opacity":"","overlay-gradient":""}},"ast-content-background-meta":{"desktop":{"background-color":"var(--ast-global-color-5)","background-image":"","background-repeat":"repeat","background-position":"center center","background-size":"auto","background-attachment":"scroll","background-type":"","background-media":"","overlay-type":"","overlay-color":"","overlay-opacity":"","overlay-gradient":""},"tablet":{"background-color":"var(--ast-global-color-5)","background-image":"","background-repeat":"repeat","background-position":"center center","background-size":"auto","background-attachment":"scroll","background-type":"","background-media":"","overlay-type":"","overlay-color":"","overlay-opacity":"","overlay-gradient":""},"mobile":{"background-color":"var(--ast-global-color-5)","background-image":"","background-repeat":"repeat","background-position":"center center","background-size":"auto","background-attachment":"scroll","background-type":"","background-media":"","overlay-type":"","overlay-color":"","overlay-opacity":"","overlay-gradient":""}}},"product_brand":[],"product_cat":[58],"product_tag":[62,61],"class_list":{"0":"post-7993","1":"product","2":"type-product","3":"status-publish","4":"has-post-thumbnail","6":"product_cat-machine-control","7":"product_tag-excavator-guidance-system","8":"product_tag-smc20","9":"desktop-align-left","10":"tablet-align-left","11":"mobile-align-left","13":"first","14":"outofstock","15":"sale","16":"shipping-taxable","17":"purchasable","18":"product-type-simple"},"uagb_featured_image_src":{"full":["https:\/\/spherefixgnssrtk.com\/wp-content\/uploads\/2025\/12\/SMC20\u4e3b\u56fe\uff08\u65e0\u80cc\u666f\uff09-scaled-e1764896763508.png",1886,1596,false],"thumbnail":["https:\/\/spherefixgnssrtk.com\/wp-content\/uploads\/2025\/12\/SMC20\u4e3b\u56fe\uff08\u65e0\u80cc\u666f\uff09-scaled-e1764896763508-150x150.png",150,150,true],"medium":["https:\/\/spherefixgnssrtk.com\/wp-content\/uploads\/2025\/12\/SMC20\u4e3b\u56fe\uff08\u65e0\u80cc\u666f\uff09-scaled-e1764896763508-300x254.png",300,254,true],"medium_large":["https:\/\/spherefixgnssrtk.com\/wp-content\/uploads\/2025\/12\/SMC20\u4e3b\u56fe\uff08\u65e0\u80cc\u666f\uff09-scaled-e1764896763508-768x650.png",768,650,true],"large":["https:\/\/spherefixgnssrtk.com\/wp-content\/uploads\/2025\/12\/SMC20\u4e3b\u56fe\uff08\u65e0\u80cc\u666f\uff09-scaled-e1764896763508-1024x867.png",1024,867,true],"1536x1536":["https:\/\/spherefixgnssrtk.com\/wp-content\/uploads\/2025\/12\/SMC20\u4e3b\u56fe\uff08\u65e0\u80cc\u666f\uff09-scaled-e1764896763508-1536x1300.png",1536,1300,true],"2048x2048":["https:\/\/spherefixgnssrtk.com\/wp-content\/uploads\/2025\/12\/SMC20\u4e3b\u56fe\uff08\u65e0\u80cc\u666f\uff09-2048x1448.png",2048,1448,true],"trp-custom-language-flag":["https:\/\/spherefixgnssrtk.com\/wp-content\/uploads\/2025\/12\/SMC20\u4e3b\u56fe\uff08\u65e0\u80cc\u666f\uff09-scaled-e1764896763508.png",14,12,false],"woocommerce_thumbnail":["https:\/\/spherefixgnssrtk.com\/wp-content\/uploads\/2025\/12\/SMC20\u4e3b\u56fe\uff08\u65e0\u80cc\u666f\uff09-scaled-e1764896763508-300x300.png",300,300,true],"woocommerce_single":["https:\/\/spherefixgnssrtk.com\/wp-content\/uploads\/2025\/12\/SMC20\u4e3b\u56fe\uff08\u65e0\u80cc\u666f\uff09-scaled-e1764896763508-600x508.png",600,508,true],"woocommerce_gallery_thumbnail":["https:\/\/spherefixgnssrtk.com\/wp-content\/uploads\/2025\/12\/SMC20\u4e3b\u56fe\uff08\u65e0\u80cc\u666f\uff09-scaled-e1764896763508-100x100.png",100,100,true]},"uagb_author_info":{"display_name":"jeffreyrtk@gmail.com","author_link":"https:\/\/spherefixgnssrtk.com\/vi\/author\/"},"uagb_comment_info":0,"uagb_excerpt":"SMC20 Excavator Guidance System is a sophisticated solution with high precision and high performance, which offers visualized operation. It provides accurate position information of the bucket tip and cut\/fill volumes through high-precision positioning technology, sensor data acquisition, and real-time data processing.Compatible with various excavators, it fits many situations like river excavation, seabed dredging, and highway&hellip;","_links":{"self":[{"href":"https:\/\/spherefixgnssrtk.com\/vi\/wp-json\/wp\/v2\/product\/7993","targetHints":{"allow":["GET"]}}],"collection":[{"href":"https:\/\/spherefixgnssrtk.com\/vi\/wp-json\/wp\/v2\/product"}],"about":[{"href":"https:\/\/spherefixgnssrtk.com\/vi\/wp-json\/wp\/v2\/types\/product"}],"replies":[{"embeddable":true,"href":"https:\/\/spherefixgnssrtk.com\/vi\/wp-json\/wp\/v2\/comments?post=7993"}],"version-history":[{"count":1,"href":"https:\/\/spherefixgnssrtk.com\/vi\/wp-json\/wp\/v2\/product\/7993\/revisions"}],"predecessor-version":[{"id":7997,"href":"https:\/\/spherefixgnssrtk.com\/vi\/wp-json\/wp\/v2\/product\/7993\/revisions\/7997"}],"wp:featuredmedia":[{"embeddable":true,"href":"https:\/\/spherefixgnssrtk.com\/vi\/wp-json\/wp\/v2\/media\/7994"}],"wp:attachment":[{"href":"https:\/\/spherefixgnssrtk.com\/vi\/wp-json\/wp\/v2\/media?parent=7993"}],"wp:term":[{"taxonomy":"product_brand","embeddable":true,"href":"https:\/\/spherefixgnssrtk.com\/vi\/wp-json\/wp\/v2\/product_brand?post=7993"},{"taxonomy":"product_cat","embeddable":true,"href":"https:\/\/spherefixgnssrtk.com\/vi\/wp-json\/wp\/v2\/product_cat?post=7993"},{"taxonomy":"product_tag","embeddable":true,"href":"https:\/\/spherefixgnssrtk.com\/vi\/wp-json\/wp\/v2\/product_tag?post=7993"}],"curies":[{"name":"wp","href":"https:\/\/api.w.org\/{rel}","templated":true}]}}