{"id":7970,"date":"2025-12-04T08:17:16","date_gmt":"2025-12-04T08:17:16","guid":{"rendered":"https:\/\/spherefixgnssrtk.com\/?post_type=product&#038;p=7970"},"modified":"2026-03-31T16:52:47","modified_gmt":"2026-03-31T08:52:47","slug":"smc10-dozer-control-system","status":"publish","type":"product","link":"https:\/\/spherefixgnssrtk.com\/vi\/product\/smc10-dozer-control-system\/","title":{"rendered":"H\u1ec7 th\u1ed1ng \u0111i\u1ec1u khi\u1ec3n m\u00e1y \u1ee7i SMC10"},"content":{"rendered":"<p>H\u1ec7 th\u1ed1ng \u0111i\u1ec1u khi\u1ec3n m\u00e1y \u1ee7i SMC10 l\u00e0 gi\u1ea3i ph\u00e1p \u0111i\u1ec1u khi\u1ec3n th\u00f4ng minh gi\u00fap n\u00e2ng cao \u0111\u1ed9 ch\u00ednh x\u00e1c, hi\u1ec7u qu\u1ea3 v\u00e0 an to\u00e0n c\u1ee7a m\u00e1y \u1ee7i. H\u1ec7 th\u1ed1ng t\u00edch h\u1ee3p c\u00f4ng ngh\u1ec7 \u0111\u1ecbnh v\u1ecb ch\u00ednh x\u00e1c cao, c\u1ea3m bi\u1ebfn v\u00e0 \u0111\u01a1n v\u1ecb t\u00ednh to\u00e1n \u0111\u1ec3 cung c\u1ea5p \u0111\u1ecbnh v\u1ecb v\u00e0 h\u01b0\u1edbng d\u1eabn l\u01b0\u1ee1i \u1ee7i theo th\u1eddi gian th\u1ef1c. S\u1eed d\u1ee5ng c\u00f4ng ngh\u1ec7 \u0111\u1ecbnh v\u1ecb to\u00e0n c\u1ea7u v\u00e0 c\u00f4ng ngh\u1ec7 nh\u00fang, h\u1ec7 th\u1ed1ng h\u1ed7 tr\u1ee3 gi\u00e1m s\u00e1t th\u1eddi gian th\u1ef1c v\u00e0 \u0111i\u1ec1u khi\u1ec3n t\u1eeb xa, n\u00e2ng cao ch\u1ea5t l\u01b0\u1ee3ng thi c\u00f4ng v\u00e0 gi\u1ea3m c\u01b0\u1eddng \u0111\u1ed9 lao \u0111\u1ed9ng. H\u1ec7 th\u1ed1ng n\u00e0y l\u00fd t\u01b0\u1edfng cho c\u00e1c t\u00e1c v\u1ee5 san l\u1ea5p m\u1eb7t b\u1eb1ng, x\u00e2y d\u1ef1ng \u0111\u01b0\u1eddng b\u1ed9, x\u00e2y d\u1ef1ng \u0111\u01b0\u1eddng b\u0103ng s\u00e2n bay v\u00e0 c\u00e1c c\u00f4ng vi\u1ec7c di chuy\u1ec3n \u0111\u1ea5t n\u1eb7ng kh\u00e1c, cho ph\u00e9p ho\u1ea1t \u0111\u1ed9ng \u0111a m\u00e1y m\u00f3c kh\u00f4ng c\u1ea7n c\u1ecdc v\u00e0 ph\u1ed1i h\u1ee3p nh\u1ecbp nh\u00e0ng.<\/p>","protected":false},"excerpt":{"rendered":"<p>SMC10 Dozer Control System is a smart control solution that enhances dozer precision, efficiency, and safety. It integrates high-precision positioning, sensors, and computing units to provide real-time blade positioning and guidance. Using global navigation and embedded technologies, it supports real-time monitoring and remote control, improving construction quality and reducing labor intensity. It is ideal for [&hellip;]<\/p>\n","protected":false},"featured_media":7971,"comment_status":"open","ping_status":"closed","template":"","meta":{"_surecart_dashboard_logo_width":"180px","_surecart_dashboard_show_logo":true,"_surecart_dashboard_navigation_orders":true,"_surecart_dashboard_navigation_invoices":true,"_surecart_dashboard_navigation_subscriptions":true,"_surecart_dashboard_navigation_downloads":true,"_surecart_dashboard_navigation_billing":true,"_surecart_dashboard_navigation_account":true,"_uag_custom_page_level_css":"","site-sidebar-layout":"default","site-content-layout":"","ast-site-content-layout":"default","site-content-style":"default","site-sidebar-style":"default","ast-global-header-display":"","ast-banner-title-visibility":"","ast-main-header-display":"","ast-hfb-above-header-display":"","ast-hfb-below-header-display":"","ast-hfb-mobile-header-display":"","site-post-title":"","ast-breadcrumbs-content":"","ast-featured-img":"","footer-sml-layout":"","theme-transparent-header-meta":"default","adv-header-id-meta":"","stick-header-meta":"","header-above-stick-meta":"","header-main-stick-meta":"","header-below-stick-meta":"","astra-migrate-meta-layouts":"set","ast-page-background-enabled":"default","ast-page-background-meta":{"desktop":{"background-color":"","background-image":"","background-repeat":"repeat","background-position":"center center","background-size":"auto","background-attachment":"scroll","background-type":"","background-media":"","overlay-type":"","overlay-color":"","overlay-opacity":"","overlay-gradient":""},"tablet":{"background-color":"","background-image":"","background-repeat":"repeat","background-position":"center center","background-size":"auto","background-attachment":"scroll","background-type":"","background-media":"","overlay-type":"","overlay-color":"","overlay-opacity":"","overlay-gradient":""},"mobile":{"background-color":"","background-image":"","background-repeat":"repeat","background-position":"center center","background-size":"auto","background-attachment":"scroll","background-type":"","background-media":"","overlay-type":"","overlay-color":"","overlay-opacity":"","overlay-gradient":""}},"ast-content-background-meta":{"desktop":{"background-color":"var(--ast-global-color-5)","background-image":"","background-repeat":"repeat","background-position":"center center","background-size":"auto","background-attachment":"scroll","background-type":"","background-media":"","overlay-type":"","overlay-color":"","overlay-opacity":"","overlay-gradient":""},"tablet":{"background-color":"var(--ast-global-color-5)","background-image":"","background-repeat":"repeat","background-position":"center center","background-size":"auto","background-attachment":"scroll","background-type":"","background-media":"","overlay-type":"","overlay-color":"","overlay-opacity":"","overlay-gradient":""},"mobile":{"background-color":"var(--ast-global-color-5)","background-image":"","background-repeat":"repeat","background-position":"center center","background-size":"auto","background-attachment":"scroll","background-type":"","background-media":"","overlay-type":"","overlay-color":"","overlay-opacity":"","overlay-gradient":""}}},"product_brand":[],"product_cat":[58],"product_tag":[60,59],"class_list":{"0":"post-7970","1":"product","2":"type-product","3":"status-publish","4":"has-post-thumbnail","6":"product_cat-machine-control","7":"product_tag-dozer-control-system","8":"product_tag-smc10","9":"desktop-align-left","10":"tablet-align-left","11":"mobile-align-left","13":"first","14":"outofstock","15":"sale","16":"shipping-taxable","17":"purchasable","18":"product-type-simple"},"uagb_featured_image_src":{"full":["https:\/\/spherefixgnssrtk.com\/wp-content\/uploads\/2025\/12\/SMC10\u4e3b\u56fe\uff08\u65e0\u80cc\u666f\uff09-scaled-e1764840611153.png",1766,1460,false],"thumbnail":["https:\/\/spherefixgnssrtk.com\/wp-content\/uploads\/2025\/12\/SMC10\u4e3b\u56fe\uff08\u65e0\u80cc\u666f\uff09-scaled-e1764840611153-150x150.png",150,150,true],"medium":["https:\/\/spherefixgnssrtk.com\/wp-content\/uploads\/2025\/12\/SMC10\u4e3b\u56fe\uff08\u65e0\u80cc\u666f\uff09-scaled-e1764840611153-300x248.png",300,248,true],"medium_large":["https:\/\/spherefixgnssrtk.com\/wp-content\/uploads\/2025\/12\/SMC10\u4e3b\u56fe\uff08\u65e0\u80cc\u666f\uff09-scaled-e1764840611153-768x635.png",768,635,true],"large":["https:\/\/spherefixgnssrtk.com\/wp-content\/uploads\/2025\/12\/SMC10\u4e3b\u56fe\uff08\u65e0\u80cc\u666f\uff09-scaled-e1764840611153-1024x847.png",1024,847,true],"1536x1536":["https:\/\/spherefixgnssrtk.com\/wp-content\/uploads\/2025\/12\/SMC10\u4e3b\u56fe\uff08\u65e0\u80cc\u666f\uff09-scaled-e1764840611153-1536x1270.png",1536,1270,true],"2048x2048":["https:\/\/spherefixgnssrtk.com\/wp-content\/uploads\/2025\/12\/SMC10\u4e3b\u56fe\uff08\u65e0\u80cc\u666f\uff09-2048x1448.png",2048,1448,true],"trp-custom-language-flag":["https:\/\/spherefixgnssrtk.com\/wp-content\/uploads\/2025\/12\/SMC10\u4e3b\u56fe\uff08\u65e0\u80cc\u666f\uff09-scaled-e1764840611153.png",15,12,false],"woocommerce_thumbnail":["https:\/\/spherefixgnssrtk.com\/wp-content\/uploads\/2025\/12\/SMC10\u4e3b\u56fe\uff08\u65e0\u80cc\u666f\uff09-scaled-e1764840611153-300x300.png",300,300,true],"woocommerce_single":["https:\/\/spherefixgnssrtk.com\/wp-content\/uploads\/2025\/12\/SMC10\u4e3b\u56fe\uff08\u65e0\u80cc\u666f\uff09-scaled-e1764840611153-600x496.png",600,496,true],"woocommerce_gallery_thumbnail":["https:\/\/spherefixgnssrtk.com\/wp-content\/uploads\/2025\/12\/SMC10\u4e3b\u56fe\uff08\u65e0\u80cc\u666f\uff09-scaled-e1764840611153-100x100.png",100,100,true]},"uagb_author_info":{"display_name":"jeffreyrtk@gmail.com","author_link":"https:\/\/spherefixgnssrtk.com\/vi\/author\/"},"uagb_comment_info":0,"uagb_excerpt":"SMC10 Dozer Control System is a smart control solution that enhances dozer precision, efficiency, and safety. It integrates high-precision positioning, sensors, and computing units to provide real-time blade positioning and guidance. Using global navigation and embedded technologies, it supports real-time monitoring and remote control, improving construction quality and reducing labor intensity. It is ideal for&hellip;","_links":{"self":[{"href":"https:\/\/spherefixgnssrtk.com\/vi\/wp-json\/wp\/v2\/product\/7970","targetHints":{"allow":["GET"]}}],"collection":[{"href":"https:\/\/spherefixgnssrtk.com\/vi\/wp-json\/wp\/v2\/product"}],"about":[{"href":"https:\/\/spherefixgnssrtk.com\/vi\/wp-json\/wp\/v2\/types\/product"}],"replies":[{"embeddable":true,"href":"https:\/\/spherefixgnssrtk.com\/vi\/wp-json\/wp\/v2\/comments?post=7970"}],"version-history":[{"count":1,"href":"https:\/\/spherefixgnssrtk.com\/vi\/wp-json\/wp\/v2\/product\/7970\/revisions"}],"predecessor-version":[{"id":7974,"href":"https:\/\/spherefixgnssrtk.com\/vi\/wp-json\/wp\/v2\/product\/7970\/revisions\/7974"}],"wp:featuredmedia":[{"embeddable":true,"href":"https:\/\/spherefixgnssrtk.com\/vi\/wp-json\/wp\/v2\/media\/7971"}],"wp:attachment":[{"href":"https:\/\/spherefixgnssrtk.com\/vi\/wp-json\/wp\/v2\/media?parent=7970"}],"wp:term":[{"taxonomy":"product_brand","embeddable":true,"href":"https:\/\/spherefixgnssrtk.com\/vi\/wp-json\/wp\/v2\/product_brand?post=7970"},{"taxonomy":"product_cat","embeddable":true,"href":"https:\/\/spherefixgnssrtk.com\/vi\/wp-json\/wp\/v2\/product_cat?post=7970"},{"taxonomy":"product_tag","embeddable":true,"href":"https:\/\/spherefixgnssrtk.com\/vi\/wp-json\/wp\/v2\/product_tag?post=7970"}],"curies":[{"name":"wp","href":"https:\/\/api.w.org\/{rel}","templated":true}]}}