{"id":7937,"date":"2025-12-04T06:40:08","date_gmt":"2025-12-04T06:40:08","guid":{"rendered":"https:\/\/spherefixgnssrtk.com\/?post_type=product&#038;p=7937"},"modified":"2026-03-31T16:54:00","modified_gmt":"2026-03-31T08:54:00","slug":"sag20-agricultural-satellite-land-leveling-system","status":"publish","type":"product","link":"https:\/\/spherefixgnssrtk.com\/vi\/product\/sag20-agricultural-satellite-land-leveling-system\/","title":{"rendered":"H\u1ec7 th\u1ed1ng san l\u1ea5p m\u1eb7t b\u1eb1ng \u0111\u1ea5t n\u00f4ng nghi\u1ec7p b\u1eb1ng v\u1ec7 tinh SAG20"},"content":{"rendered":"<p>H\u1ec7 th\u1ed1ng san l\u1ea5p m\u1eb7t b\u1eb1ng n\u00f4ng nghi\u1ec7p b\u1eb1ng v\u1ec7 tinh SAG20 l\u00e0 c\u00f4ng c\u1ee5 \u0111\u1ecbnh v\u1ecb ch\u00ednh x\u00e1c cao d\u00e0nh cho m\u00e1y m\u00f3c n\u00f4ng nghi\u1ec7p. H\u1ec7 th\u1ed1ng s\u1eed d\u1ee5ng t\u00edn hi\u1ec7u GPS v\u00e0 GLONASS \u0111\u1ec3 cung c\u1ea5p \u0111\u1ecbnh v\u1ecb ch\u00ednh x\u00e1c v\u00e0 \u0111i\u1ec1u khi\u1ec3n cho m\u00e1y san l\u1ea5p, cho ph\u00e9p ho\u1ea1t \u0111\u1ed9ng 24\/7 tr\u00ean di\u1ec7n t\u00edch r\u1ed9ng l\u1edbn (l\u00ean \u0111\u1ebfn 30 km). C\u00e1c t\u00ednh n\u0103ng ch\u00ednh bao g\u1ed3m \u0111\u1ed3ng b\u1ed9 h\u00f3a \u0111a m\u00e1y, nh\u1eadn di\u1ec7n \u0111\u1ecba h\u00ecnh t\u1ef1 \u0111\u1ed9ng, l\u1eadp b\u1ea3n \u0111\u1ed3 th\u1eddi gian th\u1ef1c, l\u1eadp k\u1ebf ho\u1ea1ch \u0111\u01b0\u1eddng \u0111i v\u00e0 qu\u1ea3n l\u00fd d\u1ef1a tr\u00ean \u0111\u00e1m m\u00e2y. H\u1ec7 th\u1ed1ng t\u01b0\u01a1ng th\u00edch v\u1edbi nhi\u1ec1u lo\u1ea1i l\u01b0\u1ee1i c\u00e0y \u0111\u1ec3 th\u1ef1c hi\u1ec7n san l\u1ea5p hi\u1ec7u qu\u1ea3 v\u00e0 ch\u00ednh x\u00e1c tr\u00ean \u0111\u1ecba h\u00ecnh ph\u1ee9c t\u1ea1p, ph\u00f9 h\u1ee3p cho n\u00f4ng nghi\u1ec7p ch\u00ednh x\u00e1c v\u00e0 c\u00e1c c\u00f4ng tr\u00ecnh x\u00e2y d\u1ef1ng.<\/p>","protected":false},"excerpt":{"rendered":"<p>SAG20 Agricultural Satellite Land Leveling System is a high-precision navigation tool for agricultural machinery. It uses GPS and GLONASS signals to provide exact positioning and control for graders, enabling 24\/7 operation over large areas (up to 30 km). Key features include multi-machine synchronization, automatic terrain recognition, real-time mapping, route planning, and cloud-based management. It works [&hellip;]<\/p>\n","protected":false},"featured_media":7969,"comment_status":"open","ping_status":"closed","template":"","meta":{"_surecart_dashboard_logo_width":"180px","_surecart_dashboard_show_logo":true,"_surecart_dashboard_navigation_orders":true,"_surecart_dashboard_navigation_invoices":true,"_surecart_dashboard_navigation_subscriptions":true,"_surecart_dashboard_navigation_downloads":true,"_surecart_dashboard_navigation_billing":true,"_surecart_dashboard_navigation_account":true,"_uag_custom_page_level_css":"","site-sidebar-layout":"default","site-content-layout":"","ast-site-content-layout":"default","site-content-style":"default","site-sidebar-style":"default","ast-global-header-display":"","ast-banner-title-visibility":"","ast-main-header-display":"","ast-hfb-above-header-display":"","ast-hfb-below-header-display":"","ast-hfb-mobile-header-display":"","site-post-title":"","ast-breadcrumbs-content":"","ast-featured-img":"","footer-sml-layout":"","theme-transparent-header-meta":"default","adv-header-id-meta":"","stick-header-meta":"","header-above-stick-meta":"","header-main-stick-meta":"","header-below-stick-meta":"","astra-migrate-meta-layouts":"set","ast-page-background-enabled":"default","ast-page-background-meta":{"desktop":{"background-color":"","background-image":"","background-repeat":"repeat","background-position":"center center","background-size":"auto","background-attachment":"scroll","background-type":"","background-media":"","overlay-type":"","overlay-color":"","overlay-opacity":"","overlay-gradient":""},"tablet":{"background-color":"","background-image":"","background-repeat":"repeat","background-position":"center center","background-size":"auto","background-attachment":"scroll","background-type":"","background-media":"","overlay-type":"","overlay-color":"","overlay-opacity":"","overlay-gradient":""},"mobile":{"background-color":"","background-image":"","background-repeat":"repeat","background-position":"center center","background-size":"auto","background-attachment":"scroll","background-type":"","background-media":"","overlay-type":"","overlay-color":"","overlay-opacity":"","overlay-gradient":""}},"ast-content-background-meta":{"desktop":{"background-color":"var(--ast-global-color-5)","background-image":"","background-repeat":"repeat","background-position":"center center","background-size":"auto","background-attachment":"scroll","background-type":"","background-media":"","overlay-type":"","overlay-color":"","overlay-opacity":"","overlay-gradient":""},"tablet":{"background-color":"var(--ast-global-color-5)","background-image":"","background-repeat":"repeat","background-position":"center center","background-size":"auto","background-attachment":"scroll","background-type":"","background-media":"","overlay-type":"","overlay-color":"","overlay-opacity":"","overlay-gradient":""},"mobile":{"background-color":"var(--ast-global-color-5)","background-image":"","background-repeat":"repeat","background-position":"center center","background-size":"auto","background-attachment":"scroll","background-type":"","background-media":"","overlay-type":"","overlay-color":"","overlay-opacity":"","overlay-gradient":""}}},"product_brand":[],"product_cat":[39],"product_tag":[57,56],"class_list":{"0":"post-7937","1":"product","2":"type-product","3":"status-publish","4":"has-post-thumbnail","6":"product_cat-precision-agriculture","7":"product_tag-agricultural-satellite-land-leveling-system","8":"product_tag-sag20","9":"desktop-align-left","10":"tablet-align-left","11":"mobile-align-left","13":"first","14":"outofstock","15":"sale","16":"shipping-taxable","17":"purchasable","18":"product-type-simple"},"uagb_featured_image_src":{"full":["https:\/\/spherefixgnssrtk.com\/wp-content\/uploads\/2025\/12\/\u5206\u7ec4-8-1.png",1464,1464,false],"thumbnail":["https:\/\/spherefixgnssrtk.com\/wp-content\/uploads\/2025\/12\/\u5206\u7ec4-8-1-150x150.png",150,150,true],"medium":["https:\/\/spherefixgnssrtk.com\/wp-content\/uploads\/2025\/12\/\u5206\u7ec4-8-1-300x300.png",300,300,true],"medium_large":["https:\/\/spherefixgnssrtk.com\/wp-content\/uploads\/2025\/12\/\u5206\u7ec4-8-1-768x768.png",768,768,true],"large":["https:\/\/spherefixgnssrtk.com\/wp-content\/uploads\/2025\/12\/\u5206\u7ec4-8-1-1024x1024.png",1024,1024,true],"1536x1536":["https:\/\/spherefixgnssrtk.com\/wp-content\/uploads\/2025\/12\/\u5206\u7ec4-8-1.png",1464,1464,false],"2048x2048":["https:\/\/spherefixgnssrtk.com\/wp-content\/uploads\/2025\/12\/\u5206\u7ec4-8-1.png",1464,1464,false],"trp-custom-language-flag":["https:\/\/spherefixgnssrtk.com\/wp-content\/uploads\/2025\/12\/\u5206\u7ec4-8-1.png",12,12,false],"woocommerce_thumbnail":["https:\/\/spherefixgnssrtk.com\/wp-content\/uploads\/2025\/12\/\u5206\u7ec4-8-1-300x300.png",300,300,true],"woocommerce_single":["https:\/\/spherefixgnssrtk.com\/wp-content\/uploads\/2025\/12\/\u5206\u7ec4-8-1-600x600.png",600,600,true],"woocommerce_gallery_thumbnail":["https:\/\/spherefixgnssrtk.com\/wp-content\/uploads\/2025\/12\/\u5206\u7ec4-8-1-100x100.png",100,100,true]},"uagb_author_info":{"display_name":"jeffreyrtk@gmail.com","author_link":"https:\/\/spherefixgnssrtk.com\/vi\/author\/"},"uagb_comment_info":0,"uagb_excerpt":"SAG20 Agricultural Satellite Land Leveling System is a high-precision navigation tool for agricultural machinery. It uses GPS and GLONASS signals to provide exact positioning and control for graders, enabling 24\/7 operation over large areas (up to 30 km). Key features include multi-machine synchronization, automatic terrain recognition, real-time mapping, route planning, and cloud-based management. It works&hellip;","_links":{"self":[{"href":"https:\/\/spherefixgnssrtk.com\/vi\/wp-json\/wp\/v2\/product\/7937","targetHints":{"allow":["GET"]}}],"collection":[{"href":"https:\/\/spherefixgnssrtk.com\/vi\/wp-json\/wp\/v2\/product"}],"about":[{"href":"https:\/\/spherefixgnssrtk.com\/vi\/wp-json\/wp\/v2\/types\/product"}],"replies":[{"embeddable":true,"href":"https:\/\/spherefixgnssrtk.com\/vi\/wp-json\/wp\/v2\/comments?post=7937"}],"version-history":[{"count":1,"href":"https:\/\/spherefixgnssrtk.com\/vi\/wp-json\/wp\/v2\/product\/7937\/revisions"}],"predecessor-version":[{"id":7942,"href":"https:\/\/spherefixgnssrtk.com\/vi\/wp-json\/wp\/v2\/product\/7937\/revisions\/7942"}],"wp:featuredmedia":[{"embeddable":true,"href":"https:\/\/spherefixgnssrtk.com\/vi\/wp-json\/wp\/v2\/media\/7969"}],"wp:attachment":[{"href":"https:\/\/spherefixgnssrtk.com\/vi\/wp-json\/wp\/v2\/media?parent=7937"}],"wp:term":[{"taxonomy":"product_brand","embeddable":true,"href":"https:\/\/spherefixgnssrtk.com\/vi\/wp-json\/wp\/v2\/product_brand?post=7937"},{"taxonomy":"product_cat","embeddable":true,"href":"https:\/\/spherefixgnssrtk.com\/vi\/wp-json\/wp\/v2\/product_cat?post=7937"},{"taxonomy":"product_tag","embeddable":true,"href":"https:\/\/spherefixgnssrtk.com\/vi\/wp-json\/wp\/v2\/product_tag?post=7937"}],"curies":[{"name":"wp","href":"https:\/\/api.w.org\/{rel}","templated":true}]}}