{"id":7921,"date":"2025-12-04T02:47:58","date_gmt":"2025-12-04T02:47:58","guid":{"rendered":"https:\/\/spherefixgnssrtk.com\/?post_type=product&#038;p=7921"},"modified":"2026-03-31T16:55:18","modified_gmt":"2026-03-31T08:55:18","slug":"sp8635-external-digital-radio","status":"publish","type":"product","link":"https:\/\/spherefixgnssrtk.com\/vi\/product\/sp8635-external-digital-radio\/","title":{"rendered":"SP8635 Radio k\u1ef9 thu\u1eadt s\u1ed1 ngo\u00e0i tr\u1eddi"},"content":{"rendered":"<p>SP8635 l\u00e0 m\u1ed9t b\u1ed9 thu ph\u00e1t v\u00f4 tuy\u1ebfn c\u00f4ng su\u1ea5t cao ngo\u1ea1i vi \u0111\u01b0\u1ee3c ph\u00e1t tri\u1ec3n \u0111\u1eb7c bi\u1ec7t cho th\u1ecb tr\u01b0\u1eddng \u0111o \u0111\u1ea1c v\u00e0 l\u1eadp b\u1ea3n \u0111\u1ed3, n\u1ed5i b\u1eadt v\u1edbi ph\u1ea1m vi truy\u1ec1n th\u00f4ng xa, ti\u00eau th\u1ee5 \u0111i\u1ec7n n\u0103ng th\u1ea5p, t\u00ednh th\u00f4ng minh v\u00e0 thi\u1ebft k\u1ebf th\u00e2n thi\u1ec7n v\u1edbi ng\u01b0\u1eddi d\u00f9ng. Thi\u1ebft b\u1ecb n\u00e0y ch\u1ee7 y\u1ebfu t\u00edch h\u1ee3p m\u00e0n h\u00ecnh OLED \u0111\u1ed9 ph\u00e2n gi\u1ea3i cao, h\u1ed7 tr\u1ee3 \u0111i\u1ec1u khi\u1ec3n qua menu, nh\u1eadn di\u1ec7n t\u1ed1c \u0111\u1ed9 truy\u1ec1n d\u1eef li\u1ec7u c\u1ed5ng serial th\u00f4ng minh, nh\u1eadn di\u1ec7n tr\u1ea1ng th\u00e1i b\u1eadt ngu\u1ed3n th\u00f4ng minh, ph\u00e1t hi\u1ec7n nhi\u1ec5u v\u00e0 kh\u1ea3 n\u0103ng \u0111i\u1ec1u khi\u1ec3n t\u1eeb xa.<\/p>","protected":false},"excerpt":{"rendered":"<div data-page-id=\"Me9ZfE8UfdvxP9cEDaYcecS4nsd\" data-lark-html-role=\"root\" data-docx-has-block-data=\"false\">\n<div class=\"ace-line ace-line old-record-id-FEh1fiinZdvTejcgN1Nc3QoHnJc\">SP8635 External Digital Radio is a professional high-power transceiver specially designed for surveying and mapping engineering, tailored to meet the harsh demands of outdoor field operations. This dedicated communication device perfectly balances high-power signal output and ultra-long transmission range, ensuring stable and reliable data transmission even in complex terrains such as mountains, suburbs and remote construction sites, breaking through distance limitations for field survey work. Meanwhile, it adopts optimized low-power circuit design, effectively extending battery life and reducing the trouble of frequent charging during long-term outdoor tasks, perfectly adapting to off-grid field working scenarios.<\/div>\n<\/div>","protected":false},"featured_media":7922,"comment_status":"open","ping_status":"closed","template":"","meta":{"_surecart_dashboard_logo_width":"180px","_surecart_dashboard_show_logo":true,"_surecart_dashboard_navigation_orders":true,"_surecart_dashboard_navigation_invoices":true,"_surecart_dashboard_navigation_subscriptions":true,"_surecart_dashboard_navigation_downloads":true,"_surecart_dashboard_navigation_billing":true,"_surecart_dashboard_navigation_account":true,"_uag_custom_page_level_css":"","site-sidebar-layout":"default","site-content-layout":"","ast-site-content-layout":"default","site-content-style":"default","site-sidebar-style":"default","ast-global-header-display":"","ast-banner-title-visibility":"","ast-main-header-display":"","ast-hfb-above-header-display":"","ast-hfb-below-header-display":"","ast-hfb-mobile-header-display":"","site-post-title":"","ast-breadcrumbs-content":"","ast-featured-img":"","footer-sml-layout":"","theme-transparent-header-meta":"default","adv-header-id-meta":"","stick-header-meta":"","header-above-stick-meta":"","header-main-stick-meta":"","header-below-stick-meta":"","astra-migrate-meta-layouts":"set","ast-page-background-enabled":"default","ast-page-background-meta":{"desktop":{"background-color":"","background-image":"","background-repeat":"repeat","background-position":"center center","background-size":"auto","background-attachment":"scroll","background-type":"","background-media":"","overlay-type":"","overlay-color":"","overlay-opacity":"","overlay-gradient":""},"tablet":{"background-color":"","background-image":"","background-repeat":"repeat","background-position":"center center","background-size":"auto","background-attachment":"scroll","background-type":"","background-media":"","overlay-type":"","overlay-color":"","overlay-opacity":"","overlay-gradient":""},"mobile":{"background-color":"","background-image":"","background-repeat":"repeat","background-position":"center center","background-size":"auto","background-attachment":"scroll","background-type":"","background-media":"","overlay-type":"","overlay-color":"","overlay-opacity":"","overlay-gradient":""}},"ast-content-background-meta":{"desktop":{"background-color":"var(--ast-global-color-5)","background-image":"","background-repeat":"repeat","background-position":"center center","background-size":"auto","background-attachment":"scroll","background-type":"","background-media":"","overlay-type":"","overlay-color":"","overlay-opacity":"","overlay-gradient":""},"tablet":{"background-color":"var(--ast-global-color-5)","background-image":"","background-repeat":"repeat","background-position":"center center","background-size":"auto","background-attachment":"scroll","background-type":"","background-media":"","overlay-type":"","overlay-color":"","overlay-opacity":"","overlay-gradient":""},"mobile":{"background-color":"var(--ast-global-color-5)","background-image":"","background-repeat":"repeat","background-position":"center center","background-size":"auto","background-attachment":"scroll","background-type":"","background-media":"","overlay-type":"","overlay-color":"","overlay-opacity":"","overlay-gradient":""}}},"product_brand":[],"product_cat":[53,35],"product_tag":[50,55,36,37,54],"class_list":{"0":"post-7921","1":"product","2":"type-product","3":"status-publish","4":"has-post-thumbnail","6":"product_cat-datalink","7":"product_cat-gnss-receiver","8":"product_tag-data-controller","9":"product_tag-external-digital-radio","10":"product_tag-gnss-receiver","11":"product_tag-rtk","12":"product_tag-sp8635","13":"desktop-align-left","14":"tablet-align-left","15":"mobile-align-left","17":"first","18":"outofstock","19":"sale","20":"shipping-taxable","21":"purchasable","22":"product-type-simple"},"uagb_featured_image_src":{"full":["https:\/\/spherefixgnssrtk.com\/wp-content\/uploads\/2025\/12\/SP8635-\u6b63.png",958,958,false],"thumbnail":["https:\/\/spherefixgnssrtk.com\/wp-content\/uploads\/2025\/12\/SP8635-\u6b63-150x150.png",150,150,true],"medium":["https:\/\/spherefixgnssrtk.com\/wp-content\/uploads\/2025\/12\/SP8635-\u6b63-300x300.png",300,300,true],"medium_large":["https:\/\/spherefixgnssrtk.com\/wp-content\/uploads\/2025\/12\/SP8635-\u6b63-768x768.png",768,768,true],"large":["https:\/\/spherefixgnssrtk.com\/wp-content\/uploads\/2025\/12\/SP8635-\u6b63.png",958,958,false],"1536x1536":["https:\/\/spherefixgnssrtk.com\/wp-content\/uploads\/2025\/12\/SP8635-\u6b63.png",958,958,false],"2048x2048":["https:\/\/spherefixgnssrtk.com\/wp-content\/uploads\/2025\/12\/SP8635-\u6b63.png",958,958,false],"trp-custom-language-flag":["https:\/\/spherefixgnssrtk.com\/wp-content\/uploads\/2025\/12\/SP8635-\u6b63.png",12,12,false],"woocommerce_thumbnail":["https:\/\/spherefixgnssrtk.com\/wp-content\/uploads\/2025\/12\/SP8635-\u6b63-300x300.png",300,300,true],"woocommerce_single":["https:\/\/spherefixgnssrtk.com\/wp-content\/uploads\/2025\/12\/SP8635-\u6b63-600x600.png",600,600,true],"woocommerce_gallery_thumbnail":["https:\/\/spherefixgnssrtk.com\/wp-content\/uploads\/2025\/12\/SP8635-\u6b63-100x100.png",100,100,true]},"uagb_author_info":{"display_name":"jeffreyrtk@gmail.com","author_link":"https:\/\/spherefixgnssrtk.com\/vi\/author\/"},"uagb_comment_info":0,"uagb_excerpt":"SP8635 External Digital Radio is a professional high-power transceiver specially designed for surveying and mapping engineering, tailored to meet the harsh demands of outdoor field operations. This dedicated communication device perfectly balances high-power signal output and ultra-long transmission range, ensuring stable and reliable data transmission even in complex terrains such as mountains, suburbs and remote&hellip;","_links":{"self":[{"href":"https:\/\/spherefixgnssrtk.com\/vi\/wp-json\/wp\/v2\/product\/7921","targetHints":{"allow":["GET"]}}],"collection":[{"href":"https:\/\/spherefixgnssrtk.com\/vi\/wp-json\/wp\/v2\/product"}],"about":[{"href":"https:\/\/spherefixgnssrtk.com\/vi\/wp-json\/wp\/v2\/types\/product"}],"replies":[{"embeddable":true,"href":"https:\/\/spherefixgnssrtk.com\/vi\/wp-json\/wp\/v2\/comments?post=7921"}],"version-history":[{"count":3,"href":"https:\/\/spherefixgnssrtk.com\/vi\/wp-json\/wp\/v2\/product\/7921\/revisions"}],"predecessor-version":[{"id":10158,"href":"https:\/\/spherefixgnssrtk.com\/vi\/wp-json\/wp\/v2\/product\/7921\/revisions\/10158"}],"wp:featuredmedia":[{"embeddable":true,"href":"https:\/\/spherefixgnssrtk.com\/vi\/wp-json\/wp\/v2\/media\/7922"}],"wp:attachment":[{"href":"https:\/\/spherefixgnssrtk.com\/vi\/wp-json\/wp\/v2\/media?parent=7921"}],"wp:term":[{"taxonomy":"product_brand","embeddable":true,"href":"https:\/\/spherefixgnssrtk.com\/vi\/wp-json\/wp\/v2\/product_brand?post=7921"},{"taxonomy":"product_cat","embeddable":true,"href":"https:\/\/spherefixgnssrtk.com\/vi\/wp-json\/wp\/v2\/product_cat?post=7921"},{"taxonomy":"product_tag","embeddable":true,"href":"https:\/\/spherefixgnssrtk.com\/vi\/wp-json\/wp\/v2\/product_tag?post=7921"}],"curies":[{"name":"wp","href":"https:\/\/api.w.org\/{rel}","templated":true}]}}