{"id":7633,"date":"2025-12-02T08:55:59","date_gmt":"2025-12-02T08:55:59","guid":{"rendered":"https:\/\/spherefixgnssrtk.com\/?page_id=7633"},"modified":"2026-04-03T14:59:49","modified_gmt":"2026-04-03T06:59:49","slug":"afghan-railway-survey","status":"publish","type":"page","link":"https:\/\/spherefixgnssrtk.com\/vi\/afghan-railway-survey\/","title":{"rendered":"C\u00e1c b\u1ed9 thu GNSS Spherefix h\u1ed7 tr\u1ee3 quan tr\u1ecdng cho cu\u1ed9c kh\u1ea3o s\u00e1t \u0111\u01b0\u1eddng s\u1eaft Afghanistan."},"content":{"rendered":"<div data-elementor-type=\"wp-page\" data-elementor-id=\"7633\" class=\"elementor elementor-7633\" data-elementor-post-type=\"page\">\n\t\t\t\t<div class=\"elementor-element elementor-element-429b605 e-flex e-con-boxed e-con e-parent\" data-id=\"429b605\" data-element_type=\"container\" data-e-type=\"container\">\n\t\t\t\t\t<div class=\"e-con-inner\">\n\t\t\t\t<div class=\"elementor-element elementor-element-f8eeac3 elementor-widget elementor-widget-spacer\" data-id=\"f8eeac3\" data-element_type=\"widget\" data-e-type=\"widget\" data-widget_type=\"spacer.default\">\n\t\t\t\t<div class=\"elementor-widget-container\">\n\t\t\t\t\t\t\t<div class=\"elementor-spacer\">\n\t\t\t<div class=\"elementor-spacer-inner\"><\/div>\n\t\t<\/div>\n\t\t\t\t\t\t<\/div>\n\t\t\t\t<\/div>\n\t\t\t\t\t<\/div>\n\t\t\t\t<\/div>\n\t\t<div class=\"elementor-element elementor-element-25c3ee43 e-con-full e-flex e-con e-parent\" data-id=\"25c3ee43\" data-element_type=\"container\" data-e-type=\"container\" data-settings=\"{&quot;background_background&quot;:&quot;classic&quot;}\">\n\t\t<div class=\"elementor-element elementor-element-45ca08d0 e-flex e-con-boxed e-con e-child\" data-id=\"45ca08d0\" data-element_type=\"container\" data-e-type=\"container\">\n\t\t\t\t\t<div class=\"e-con-inner\">\n\t\t<div class=\"elementor-element elementor-element-49c8231a e-con-full e-flex e-con e-child\" data-id=\"49c8231a\" data-element_type=\"container\" data-e-type=\"container\">\n\t\t\t\t<div class=\"elementor-element elementor-element-a2bdf44 elementor-widget elementor-widget-button\" data-id=\"a2bdf44\" data-element_type=\"widget\" data-e-type=\"widget\" data-widget_type=\"button.default\">\n\t\t\t\t<div class=\"elementor-widget-container\">\n\t\t\t\t\t\t\t\t\t<div class=\"elementor-button-wrapper\">\n\t\t\t\t\t<a class=\"elementor-button elementor-button-link elementor-size-sm\" href=\"https:\/\/spherefixgnssrtk.com\/vi\/\">\n\t\t\t\t\t\t<span class=\"elementor-button-content-wrapper\">\n\t\t\t\t\t\t<span class=\"elementor-button-icon\">\n\t\t\t\t<svg aria-hidden=\"true\" class=\"e-font-icon-svg e-fas-home\" viewbox=\"0 0 576 512\" xmlns=\"http:\/\/www.w3.org\/2000\/svg\"><path d=\"M280.37 148.26L96 300.11V464a16 16 0 0 0 16 16l112.06-.29a16 16 0 0 0 15.92-16V368a16 16 0 0 1 16-16h64a16 16 0 0 1 16 16v95.64a16 16 0 0 0 16 16.05L464 480a16 16 0 0 0 16-16V300L295.67 148.26a12.19 12.19 0 0 0-15.3 0zM571.6 251.47L488 182.56V44.05a12 12 0 0 0-12-12h-56a12 12 0 0 0-12 12v72.61L318.47 43a48 48 0 0 0-61 0L4.34 251.47a12 12 0 0 0-1.6 16.9l25.5 31A12 12 0 0 0 45.15 301l235.22-193.74a12.19 12.19 0 0 1 15.3 0L530.9 301a12 12 0 0 0 16.9-1.6l25.5-31a12 12 0 0 0-1.7-16.93z\"><\/path><\/svg>\t\t\t<\/span>\n\t\t\t\t\t\t\t\t\t<span class=\"elementor-button-text\">TRANG CH\u1ee6<\/span>\n\t\t\t\t\t<\/span>\n\t\t\t\t\t<\/a>\n\t\t\t\t<\/div>\n\t\t\t\t\t\t\t\t<\/div>\n\t\t\t\t<\/div>\n\t\t\t\t<\/div>\n\t\t<div class=\"elementor-element elementor-element-23d7ebab e-con-full e-flex e-con e-child\" data-id=\"23d7ebab\" data-element_type=\"container\" data-e-type=\"container\">\n\t\t\t\t<div class=\"elementor-element elementor-element-237c6b65 elementor-widget elementor-widget-heading\" data-id=\"237c6b65\" data-element_type=\"widget\" data-e-type=\"widget\" data-widget_type=\"heading.default\">\n\t\t\t\t<div class=\"elementor-widget-container\">\n\t\t\t\t\t<h2 class=\"elementor-heading-title elementor-size-default\">TIN T\u1ee8C<\/h2>\t\t\t\t<\/div>\n\t\t\t\t<\/div>\n\t\t\t\t<\/div>\n\t\t<div class=\"elementor-element elementor-element-d79772a e-con-full e-flex e-con e-child\" data-id=\"d79772a\" data-element_type=\"container\" data-e-type=\"container\">\n\t\t\t\t<div class=\"elementor-element elementor-element-4e7903e9 elementor-align-right elementor-widget elementor-widget-button\" data-id=\"4e7903e9\" data-element_type=\"widget\" data-e-type=\"widget\" data-widget_type=\"button.default\">\n\t\t\t\t<div class=\"elementor-widget-container\">\n\t\t\t\t\t\t\t\t\t<div class=\"elementor-button-wrapper\">\n\t\t\t\t\t<a class=\"elementor-button elementor-button-link elementor-size-sm\" href=\"\/vi\/news-events\/\">\n\t\t\t\t\t\t<span class=\"elementor-button-content-wrapper\">\n\t\t\t\t\t\t<span class=\"elementor-button-icon\">\n\t\t\t\t<svg aria-hidden=\"true\" class=\"e-font-icon-svg e-fas-bars\" viewbox=\"0 0 448 512\" xmlns=\"http:\/\/www.w3.org\/2000\/svg\"><path d=\"M16 132h416c8.837 0 16-7.163 16-16V76c0-8.837-7.163-16-16-16H16C7.163 60 0 67.163 0 76v40c0 8.837 7.163 16 16 16zm0 160h416c8.837 0 16-7.163 16-16v-40c0-8.837-7.163-16-16-16H16c-8.837 0-16 7.163-16 16v40c0 8.837 7.163 16 16 16zm0 160h416c8.837 0 16-7.163 16-16v-40c0-8.837-7.163-16-16-16H16c-8.837 0-16 7.163-16 16v40c0 8.837 7.163 16 16 16z\"><\/path><\/svg>\t\t\t<\/span>\n\t\t\t\t\t\t\t\t\t<span class=\"elementor-button-text\">Danh s\u00e1ch<\/span>\n\t\t\t\t\t<\/span>\n\t\t\t\t\t<\/a>\n\t\t\t\t<\/div>\n\t\t\t\t\t\t\t\t<\/div>\n\t\t\t\t<\/div>\n\t\t\t\t<\/div>\n\t\t\t\t\t<\/div>\n\t\t\t\t<\/div>\n\t\t\t\t<\/div>\n\t\t<div class=\"elementor-element elementor-element-5124c15a e-flex e-con-boxed e-con e-parent\" data-id=\"5124c15a\" data-element_type=\"container\" data-e-type=\"container\">\n\t\t\t\t\t<div class=\"e-con-inner\">\n\t\t<div class=\"elementor-element elementor-element-68038683 e-con-full e-flex e-con e-child\" data-id=\"68038683\" data-element_type=\"container\" data-e-type=\"container\">\n\t\t\t\t<div class=\"elementor-element elementor-element-64c31695 elementor-widget elementor-widget-heading\" data-id=\"64c31695\" data-element_type=\"widget\" data-e-type=\"widget\" data-widget_type=\"heading.default\">\n\t\t\t\t<div class=\"elementor-widget-container\">\n\t\t\t\t\t<h1 class=\"elementor-heading-title elementor-size-default\">C\u00e1c b\u1ed9 thu GNSS Spherefix h\u1ed7 tr\u1ee3 cu\u1ed9c kh\u1ea3o s\u00e1t \u0111\u01b0\u1eddng s\u1eaft 800 km \u1edf Afghanistan \u0111\u01b0\u1ee3c gi\u1edbi thi\u1ec7u tr\u00ean TOLOnews.<\/h1>\t\t\t\t<\/div>\n\t\t\t\t<\/div>\n\t\t\t\t<\/div>\n\t\t<div class=\"elementor-element elementor-element-6ed377a8 e-con-full e-flex e-con e-child\" data-id=\"6ed377a8\" data-element_type=\"container\" data-e-type=\"container\">\n\t\t<div class=\"elementor-element elementor-element-56393b68 e-con-full e-flex e-con e-child\" data-id=\"56393b68\" data-element_type=\"container\" data-e-type=\"container\">\n\t\t\t\t<div class=\"elementor-element elementor-element-c7961 elementor-view-default elementor-widget elementor-widget-icon\" data-id=\"c7961\" data-element_type=\"widget\" data-e-type=\"widget\" data-widget_type=\"icon.default\">\n\t\t\t\t<div class=\"elementor-widget-container\">\n\t\t\t\t\t\t\t<div class=\"elementor-icon-wrapper\">\n\t\t\t<div class=\"elementor-icon\">\n\t\t\t<svg aria-hidden=\"true\" class=\"e-font-icon-svg e-far-clock\" viewbox=\"0 0 512 512\" xmlns=\"http:\/\/www.w3.org\/2000\/svg\"><path d=\"M256 8C119 8 8 119 8 256s111 248 248 248 248-111 248-248S393 8 256 8zm0 448c-110.5 0-200-89.5-200-200S145.5 56 256 56s200 89.5 200 200-89.5 200-200 200zm61.8-104.4l-84.9-61.7c-3.1-2.3-4.9-5.9-4.9-9.7V116c0-6.6 5.4-12 12-12h32c6.6 0 12 5.4 12 12v141.7l66.8 48.6c5.4 3.9 6.5 11.4 2.6 16.8L334.6 349c-3.9 5.3-11.4 6.5-16.8 2.6z\"><\/path><\/svg>\t\t\t<\/div>\n\t\t<\/div>\n\t\t\t\t\t\t<\/div>\n\t\t\t\t<\/div>\n\t\t\t\t<\/div>\n\t\t<div class=\"elementor-element elementor-element-1bff02ae e-con-full e-flex e-con e-child\" data-id=\"1bff02ae\" data-element_type=\"container\" data-e-type=\"container\">\n\t\t\t\t<div class=\"elementor-element elementor-element-6ea99492 elementor-widget elementor-widget-heading\" data-id=\"6ea99492\" data-element_type=\"widget\" data-e-type=\"widget\" data-widget_type=\"heading.default\">\n\t\t\t\t<div class=\"elementor-widget-container\">\n\t\t\t\t\t<h3 class=\"elementor-heading-title elementor-size-default\">30 th\u00e1ng 7 n\u0103m 2025<\/h3>\t\t\t\t<\/div>\n\t\t\t\t<\/div>\n\t\t\t\t<\/div>\n\t\t\t\t<\/div>\n\t\t<div class=\"elementor-element elementor-element-591c8e1b e-flex e-con-boxed e-con e-child\" data-id=\"591c8e1b\" data-element_type=\"container\" data-e-type=\"container\">\n\t\t\t\t\t<div class=\"e-con-inner\">\n\t\t\t\t<div class=\"elementor-element elementor-element-14bdf43c elementor-widget elementor-widget-text-editor\" data-id=\"14bdf43c\" data-element_type=\"widget\" data-e-type=\"widget\" data-widget_type=\"text-editor.default\">\n\t\t\t\t<div class=\"elementor-widget-container\">\n\t\t\t\t\t\t\t\t\t<div>Guangzhou, ng\u00e0y 30 th\u00e1ng 7 n\u0103m 2025 \u2013 TOLOnews g\u1ea7n \u0111\u00e2y \u0111\u00e3 \u0111\u01b0a tin v\u1ec1 d\u1ef1 \u00e1n \u0111\u01b0\u1eddng s\u1eaft Herat\u2013Spin Boldak. <strong>\u0110\u00e1ng ch\u00fa \u00fd l\u00e0<\/strong>, kh\u00e1n gi\u1ea3 \u0111\u00e3 ch\u1ee9ng ki\u1ebfn c\u00e1c \u0111\u1ed9i kh\u1ea3o s\u00e1t Afghanistan s\u1eed d\u1ee5ng m\u00e1y thu GNSS Spherefix. H\u1ecd \u0111\u00e3 \u0111\u00e1nh d\u1ea5u c\u00e1c \u0111i\u1ec3m ki\u1ec3m so\u00e1t d\u1ecdc theo tuy\u1ebfn \u0111\u01b0\u1eddng d\u00e0i 800 km.<\/div><div>\u00a0<\/div><div><a href=\"https:\/\/www.facebook.com\/share\/v\/1C9irQ8Ebf\/\" target=\"_blank\" rel=\"noopener\">https:\/\/www.facebook.com\/share\/v\/1C9irQ8Ebf\/<\/a><\/div>\t\t\t\t\t\t\t\t<\/div>\n\t\t\t\t<\/div>\n\t\t\t\t\t<\/div>\n\t\t\t\t<\/div>\n\t\t<div class=\"elementor-element elementor-element-567bc14 e-con-full e-flex e-con e-child\" data-id=\"567bc14\" data-element_type=\"container\" data-e-type=\"container\">\n\t\t\t\t<div class=\"elementor-element elementor-element-a5946d5 elementor-widget elementor-widget-text-editor\" data-id=\"a5946d5\" data-element_type=\"widget\" data-e-type=\"widget\" data-widget_type=\"text-editor.default\">\n\t\t\t\t<div class=\"elementor-widget-container\">\n\t\t\t\t\t\t\t\t\t<p>C\u00f4ng ty X\u00e2y d\u1ef1ng, Logistics v\u00e0 K\u1ef9 thu\u1eadt \u0110\u01b0\u1eddng b\u1ed9 Afghanistan Arya Khan (AKARCL) \u0111\u00e3 tr\u00fang th\u1ea7u g\u00f3i th\u1ea7u nghi\u00ean c\u1ee9u kh\u1ea3 thi, kh\u1ea3o s\u00e1t chi ti\u1ebft v\u00e0 thi\u1ebft k\u1ebf c\u1ee7a d\u1ef1 \u00e1n. <strong>H\u01a1n n\u1eefa<\/strong>, \u0110\u1ed9i kh\u1ea3o s\u00e1t c\u1ee7a c\u00f4ng ty k\u1ebft h\u1ee3p c\u00e1c b\u1ed9 thu \u0111a t\u1ea7n s\u1ed1 Spherefix v\u1edbi m\u00e1y bay kh\u00f4ng ng\u01b0\u1eddi l\u00e1i. H\u1ecd thu th\u1eadp d\u1eef li\u1ec7u \u0111\u1ecba h\u00ecnh cho \u0111\u01b0\u1eddng s\u1eaft. <strong>Ngo\u00e0i ra<\/strong>, M\u1ed9t tr\u1ea1m g\u1ed1c g\u1eedi c\u00e1c b\u1ea3n s\u1eeda l\u1ed7i RTK cho c\u1ea3 m\u00e1y bay kh\u00f4ng ng\u01b0\u1eddi l\u00e1i v\u00e0 c\u00e1c thi\u1ebft b\u1ecb di \u0111\u1ed9ng. \u0110i\u1ec1u n\u00e0y cho ph\u00e9p nh\u00f3m \u0111\u1ea1t \u0111\u01b0\u1ee3c \u0111\u1ed9 ch\u00ednh x\u00e1c \u0111\u1ecbnh v\u1ecb \u1edf m\u1ee9c centimet cho m\u1ea1ng l\u01b0\u1edbi ki\u1ec3m so\u00e1t m\u1eb7t \u0111\u1ea5t c\u1ee7a h\u1ecd.<\/p>\t\t\t\t\t\t\t\t<\/div>\n\t\t\t\t<\/div>\n\t\t\t\t<\/div>\n\t\t<div class=\"elementor-element elementor-element-1a6f8db0 e-con-full e-flex e-con e-child\" data-id=\"1a6f8db0\" data-element_type=\"container\" data-e-type=\"container\">\n\t\t<div class=\"elementor-element elementor-element-1524da14 e-con-full e-flex e-con e-child\" data-id=\"1524da14\" data-element_type=\"container\" data-e-type=\"container\">\n\t\t\t\t<div class=\"elementor-element elementor-element-45c8083a elementor-widget elementor-widget-image\" data-id=\"45c8083a\" data-element_type=\"widget\" data-e-type=\"widget\" data-widget_type=\"image.default\">\n\t\t\t\t<div class=\"elementor-widget-container\">\n\t\t\t\t\t\t\t\t\t\t\t\t\t\t\t<img decoding=\"async\" src=\"https:\/\/spherefixgnssrtk.com\/wp-content\/uploads\/elementor\/thumbs\/Snipaste_2025-07-29_14-51-18-rfk36qc7y4ylmlajnygogj3hfnv19xq0x7oifo72j0.png\" title=\"Snipaste_2025-07-29_14-51-18.png\" alt=\"Snipaste_2025-07-29_14-51-18.png\" loading=\"lazy\" \/>\t\t\t\t\t\t\t\t\t\t\t\t\t\t\t<\/div>\n\t\t\t\t<\/div>\n\t\t\t\t<div class=\"elementor-element elementor-element-460c80c3 elementor-widget elementor-widget-image\" data-id=\"460c80c3\" data-element_type=\"widget\" data-e-type=\"widget\" data-widget_type=\"image.default\">\n\t\t\t\t<div class=\"elementor-widget-container\">\n\t\t\t\t\t\t\t\t\t\t\t\t\t\t\t<img decoding=\"async\" src=\"https:\/\/spherefixgnssrtk.com\/wp-content\/uploads\/elementor\/thumbs\/Snipaste_2025-07-29_14-50-13-rfk36vz9356aqsddrzcqqen1s7y9phgrn1rwu0i3xg.png\" title=\"Snipaste_2025-07-29_14-50-13.png\" alt=\"Snipaste_2025-07-29_14-50-13.png\" loading=\"lazy\" \/>\t\t\t\t\t\t\t\t\t\t\t\t\t\t\t<\/div>\n\t\t\t\t<\/div>\n\t\t<div class=\"elementor-element elementor-element-43d2cb28 e-con-full e-flex e-con e-child\" data-id=\"43d2cb28\" data-element_type=\"container\" data-e-type=\"container\">\n\t\t\t\t<div class=\"elementor-element elementor-element-149b26e7 elementor-widget elementor-widget-text-editor\" data-id=\"149b26e7\" data-element_type=\"widget\" data-e-type=\"widget\" data-widget_type=\"text-editor.default\">\n\t\t\t\t<div class=\"elementor-widget-container\">\n\t\t\t\t\t\t\t\t\t<p>Qu\u1ea3n l\u00fd kh\u1ea3o s\u00e1t c\u1ee7a AKARCL \u0111\u00e3 chia s\u1ebb ph\u1ea3n h\u1ed3i t\u00edch c\u1ef1c. C\u00e1c thi\u1ebft b\u1ecb thu t\u00edn hi\u1ec7u \u0111\u00e3 duy tr\u00ec k\u1ebft n\u1ed1i t\u00edn hi\u1ec7u \u1ed5n \u0111\u1ecbnh trong sa m\u1ea1c m\u1edf gi\u1eefa Herat v\u00e0 Kandahar. <strong>Th\u1ef1c t\u1ebf<\/strong>, H\u1ecd \u0111\u00e3 gi\u1ea3m th\u1eddi gian c\u1ea7n thi\u1ebft \u0111\u1ec3 thi\u1ebft l\u1eadp m\u1ed7i \u0111i\u1ec3m ki\u1ec3m so\u00e1t. So v\u1edbi c\u00e1c c\u00f4ng c\u1ee5 quang h\u1ecdc c\u0169, th\u1eddi gian n\u00e0y ng\u1eafn h\u01a1n \u0111\u00e1ng k\u1ec3. <strong>H\u01a1n n\u1eefa<\/strong>, D\u1eef li\u1ec7u thu th\u1eadp \u0111\u01b0\u1ee3c s\u1ebd tr\u1ef1c ti\u1ebfp h\u1ed7 tr\u1ee3 vi\u1ec7c x\u00e1c \u0111\u1ecbnh tuy\u1ebfn \u0111\u01b0\u1eddng cu\u1ed1i c\u00f9ng v\u00e0 t\u00ednh to\u00e1n c\u00f4ng t\u00e1c \u0111\u1ea5t c\u1ee7a h\u00e0nh lang.<\/p>\t\t\t\t\t\t\t\t<\/div>\n\t\t\t\t<\/div>\n\t\t\t\t<\/div>\n\t\t<div class=\"elementor-element elementor-element-49a8de91 e-con-full e-flex e-con e-child\" data-id=\"49a8de91\" data-element_type=\"container\" data-e-type=\"container\">\n\t\t\t\t<div class=\"elementor-element elementor-element-7e14f43d elementor-widget elementor-widget-text-editor\" data-id=\"7e14f43d\" data-element_type=\"widget\" data-e-type=\"widget\" data-widget_type=\"text-editor.default\">\n\t\t\t\t<div class=\"elementor-widget-container\">\n\t\t\t\t\t\t\t\t\t<p>K\u1ec3 t\u1eeb khi ra m\u1eaft, c\u00e1c thi\u1ebft b\u1ecb thu GNSS Spherefix \u0111\u00e3 \u0111\u01b0\u1ee3c s\u1eed d\u1ee5ng t\u1ea1i h\u01a1n 50 qu\u1ed1c gia v\u00e0 khu v\u1ef1c. Ch\u00fang ph\u1ee5c v\u1ee5 cho c\u00e1c c\u01a1 quan \u0111o \u0111\u1ea1c c\u1ee7a ch\u00ednh ph\u1ee7, c\u00e1c c\u00f4ng ty t\u01b0 v\u1ea5n k\u1ef9 thu\u1eadt v\u00e0 c\u00e1c nh\u00e0 th\u1ea7u x\u00e2y d\u1ef1ng. <strong>C\u0169ng quan tr\u1ecdng kh\u00f4ng k\u00e9m<\/strong>, Ng\u01b0\u1eddi d\u00f9ng th\u01b0\u1eddng khen ng\u1ee3i t\u1ed1c \u0111\u1ed9 kh\u00f3a t\u00edn hi\u1ec7u nhanh c\u1ee7a thi\u1ebft b\u1ecb. H\u1ecd c\u0169ng nh\u1ea5n m\u1ea1nh kh\u1ea3 n\u0103ng ch\u1ed1ng nhi\u1ec5u m\u1ea1nh m\u1ebd v\u00e0 quy tr\u00ecnh l\u00e0m vi\u1ec7c d\u1ec5 s\u1eed d\u1ee5ng. <strong>Tr\u00ean h\u1ebft<\/strong>, D\u1ef1 \u00e1n \u0111\u01b0\u1eddng s\u1eaft Afghanistan ch\u1ec9 l\u00e0 th\u00e0nh c\u00f4ng m\u1edbi nh\u1ea5t. Ch\u00fang t\u00f4i \u0111\u00e3 nh\u1eadn \u0111\u01b0\u1ee3c m\u1ed9t l\u01b0\u1ee3ng l\u1edbn ph\u1ea3n h\u1ed3i t\u00edch c\u1ef1c t\u1eeb c\u00e1c \u0111\u1ed9i kh\u1ea3o s\u00e1t tr\u00ean to\u00e0n th\u1ebf gi\u1edbi. \u0110\u1ec3 xem c\u00e1c \u0111\u00e1nh gi\u00e1 tr\u1ef1c ti\u1ebfp v\u00e0 nghi\u00ean c\u1ee9u tr\u01b0\u1eddng h\u1ee3p th\u1ef1c t\u1ebf, h\u00e3y truy c\u1eadp k\u00eanh YouTube Spherefix: <a href=\"https:\/\/youtube.com\/playlist?list=PLHHfXcS-cb5CtEXUCQHCnKdQ7kP5LpC_S&amp;si=X6Hb0s_SZAbuUHf5\" target=\"_blank\" rel=\"noopener\">https:\/\/youtube.com\/playlist?list=PLHHfXcS-cb5CtEXUCQHCnKdQ7kP5LpC_S&amp;si=X6Hb0s_SZAbuUHf5<\/a>.<\/p>\t\t\t\t\t\t\t\t<\/div>\n\t\t\t\t<\/div>\n\t\t\t\t<\/div>\n\t\t\t\t<\/div>\n\t\t\t\t<\/div>\n\t\t\t\t\t<\/div>\n\t\t\t\t<\/div>\n\t\t<div class=\"elementor-element elementor-element-923e33f e-flex e-con-boxed e-con e-parent\" data-id=\"923e33f\" data-element_type=\"container\" data-e-type=\"container\">\n\t\t\t\t\t<div class=\"e-con-inner\">\n\t\t\t\t<div class=\"elementor-element elementor-element-89d5976 elementor-widget elementor-widget-spacer\" data-id=\"89d5976\" data-element_type=\"widget\" data-e-type=\"widget\" data-widget_type=\"spacer.default\">\n\t\t\t\t<div class=\"elementor-widget-container\">\n\t\t\t\t\t\t\t<div class=\"elementor-spacer\">\n\t\t\t<div class=\"elementor-spacer-inner\"><\/div>\n\t\t<\/div>\n\t\t\t\t\t\t<\/div>\n\t\t\t\t<\/div>\n\t\t\t\t\t<\/div>\n\t\t\t\t<\/div>\n\t\t<div class=\"elementor-element elementor-element-3ae85221 e-con-full e-flex e-con e-parent\" data-id=\"3ae85221\" data-element_type=\"container\" data-e-type=\"container\" data-settings=\"{&quot;background_background&quot;:&quot;classic&quot;}\">\n\t\t<div class=\"elementor-element elementor-element-54b59c4f e-flex e-con-boxed e-con e-child\" data-id=\"54b59c4f\" data-element_type=\"container\" data-e-type=\"container\">\n\t\t\t\t\t<div class=\"e-con-inner\">\n\t\t<div class=\"elementor-element elementor-element-59c870c2 e-con-full e-flex e-con e-child\" data-id=\"59c870c2\" data-element_type=\"container\" data-e-type=\"container\">\n\t\t\t\t<div class=\"elementor-element elementor-element-3c64a5a7 elementor-widget elementor-widget-button\" data-id=\"3c64a5a7\" data-element_type=\"widget\" data-e-type=\"widget\" data-widget_type=\"button.default\">\n\t\t\t\t<div class=\"elementor-widget-container\">\n\t\t\t\t\t\t\t\t\t<div class=\"elementor-button-wrapper\">\n\t\t\t\t\t<a class=\"elementor-button elementor-button-link elementor-size-sm\" href=\"\/vi\/251107%e6%96%87%e7%ab%a0%e9%a1%b5\/\">\n\t\t\t\t\t\t<span class=\"elementor-button-content-wrapper\">\n\t\t\t\t\t\t<span class=\"elementor-button-icon\">\n\t\t\t\t<svg aria-hidden=\"true\" class=\"e-font-icon-svg e-fas-chevron-left\" viewbox=\"0 0 320 512\" xmlns=\"http:\/\/www.w3.org\/2000\/svg\"><path d=\"M34.52 239.03L228.87 44.69c9.37-9.37 24.57-9.37 33.94 0l22.67 22.67c9.36 9.36 9.37 24.52.04 33.9L131.49 256l154.02 154.75c9.34 9.38 9.32 24.54-.04 33.9l-22.67 22.67c-9.37 9.37-24.57 9.37-33.94 0L34.52 272.97c-9.37-9.37-9.37-24.57 0-33.94z\"><\/path><\/svg>\t\t\t<\/span>\n\t\t\t\t\t\t\t\t\t<span class=\"elementor-button-text\">Trang cu\u1ed1i c\u00f9ng<\/span>\n\t\t\t\t\t<\/span>\n\t\t\t\t\t<\/a>\n\t\t\t\t<\/div>\n\t\t\t\t\t\t\t\t<\/div>\n\t\t\t\t<\/div>\n\t\t\t\t<\/div>\n\t\t<div class=\"elementor-element elementor-element-3326e3c6 e-con-full e-flex e-con e-child\" data-id=\"3326e3c6\" data-element_type=\"container\" data-e-type=\"container\">\n\t\t\t\t<\/div>\n\t\t<div class=\"elementor-element elementor-element-39e1b580 e-con-full e-flex e-con e-child\" data-id=\"39e1b580\" data-element_type=\"container\" data-e-type=\"container\">\n\t\t\t\t<div class=\"elementor-element elementor-element-b5a79c3 elementor-align-right elementor-widget elementor-widget-button\" data-id=\"b5a79c3\" data-element_type=\"widget\" data-e-type=\"widget\" data-widget_type=\"button.default\">\n\t\t\t\t<div class=\"elementor-widget-container\">\n\t\t\t\t\t\t\t\t\t<div class=\"elementor-button-wrapper\">\n\t\t\t\t\t<a class=\"elementor-button elementor-button-link elementor-size-sm\" href=\"\/vi\/spherefix-introduces-cutting-edge-smc-series\/\">\n\t\t\t\t\t\t<span class=\"elementor-button-content-wrapper\">\n\t\t\t\t\t\t<span class=\"elementor-button-icon\">\n\t\t\t\t<svg aria-hidden=\"true\" class=\"e-font-icon-svg e-fas-chevron-right\" viewbox=\"0 0 320 512\" xmlns=\"http:\/\/www.w3.org\/2000\/svg\"><path d=\"M285.476 272.971L91.132 467.314c-9.373 9.373-24.569 9.373-33.941 0l-22.667-22.667c-9.357-9.357-9.375-24.522-.04-33.901L188.505 256 34.484 101.255c-9.335-9.379-9.317-24.544.04-33.901l22.667-22.667c9.373-9.373 24.569-9.373 33.941 0L285.475 239.03c9.373 9.372 9.373 24.568.001 33.941z\"><\/path><\/svg>\t\t\t<\/span>\n\t\t\t\t\t\t\t\t\t<span class=\"elementor-button-text\">Trang ti\u1ebfp theo<\/span>\n\t\t\t\t\t<\/span>\n\t\t\t\t\t<\/a>\n\t\t\t\t<\/div>\n\t\t\t\t\t\t\t\t<\/div>\n\t\t\t\t<\/div>\n\t\t\t\t<\/div>\n\t\t\t\t\t<\/div>\n\t\t\t\t<\/div>\n\t\t\t\t<\/div>\n\t\t\t\t<\/div>","protected":false},"excerpt":{"rendered":"<p>HOME NEWS List Spherefix GNSS Receivers Assist 800-km Afghan Rail Survey Featured on TOLOnews 30 July 2025 Guangzhou, 30 July 2025 \u2013 TOLOnews recently covered the proposed Herat\u2013Spin Boldak railway. Notably, viewers saw Afghan survey teams using Spherefix GNSS receivers. They marked control points along the 800-kilometre route.\u00a0https:\/\/www.facebook.com\/share\/v\/1C9irQ8Ebf\/ Arya Khan Afghan Road Construction Logistic &amp; [&hellip;]<\/p>\n","protected":false},"author":1,"featured_media":0,"parent":0,"menu_order":0,"comment_status":"closed","ping_status":"closed","template":"","meta":{"_surecart_dashboard_logo_width":"180px","_surecart_dashboard_show_logo":true,"_surecart_dashboard_navigation_orders":true,"_surecart_dashboard_navigation_invoices":true,"_surecart_dashboard_navigation_subscriptions":true,"_surecart_dashboard_navigation_downloads":true,"_surecart_dashboard_navigation_billing":true,"_surecart_dashboard_navigation_account":true,"_uag_custom_page_level_css":"","site-sidebar-layout":"no-sidebar","site-content-layout":"page-builder","ast-site-content-layout":"full-width-container","site-content-style":"unboxed","site-sidebar-style":"unboxed","ast-global-header-display":"","ast-banner-title-visibility":"","ast-main-header-display":"","ast-hfb-above-header-display":"","ast-hfb-below-header-display":"","ast-hfb-mobile-header-display":"","site-post-title":"","ast-breadcrumbs-content":"","ast-featured-img":"disabled","footer-sml-layout":"","theme-transparent-header-meta":"","adv-header-id-meta":"","stick-header-meta":"","header-above-stick-meta":"","header-main-stick-meta":"","header-below-stick-meta":"","astra-migrate-meta-layouts":"set","ast-page-background-enabled":"default","ast-page-background-meta":{"desktop":{"background-color":"","background-image":"","background-repeat":"repeat","background-position":"center center","background-size":"auto","background-attachment":"scroll","background-type":"","background-media":"","overlay-type":"","overlay-color":"","overlay-opacity":"","overlay-gradient":""},"tablet":{"background-color":"","background-image":"","background-repeat":"repeat","background-position":"center center","background-size":"auto","background-attachment":"scroll","background-type":"","background-media":"","overlay-type":"","overlay-color":"","overlay-opacity":"","overlay-gradient":""},"mobile":{"background-color":"","background-image":"","background-repeat":"repeat","background-position":"center center","background-size":"auto","background-attachment":"scroll","background-type":"","background-media":"","overlay-type":"","overlay-color":"","overlay-opacity":"","overlay-gradient":""}},"ast-content-background-meta":{"desktop":{"background-color":"var(--ast-global-color-5)","background-image":"","background-repeat":"repeat","background-position":"center center","background-size":"auto","background-attachment":"scroll","background-type":"","background-media":"","overlay-type":"","overlay-color":"","overlay-opacity":"","overlay-gradient":""},"tablet":{"background-color":"var(--ast-global-color-5)","background-image":"","background-repeat":"repeat","background-position":"center center","background-size":"auto","background-attachment":"scroll","background-type":"","background-media":"","overlay-type":"","overlay-color":"","overlay-opacity":"","overlay-gradient":""},"mobile":{"background-color":"var(--ast-global-color-5)","background-image":"","background-repeat":"repeat","background-position":"center center","background-size":"auto","background-attachment":"scroll","background-type":"","background-media":"","overlay-type":"","overlay-color":"","overlay-opacity":"","overlay-gradient":""}},"footnotes":""},"class_list":["post-7633","page","type-page","status-publish","hentry"],"_hostinger_reach_plugin_has_subscription_block":false,"_hostinger_reach_plugin_is_elementor":false,"uagb_featured_image_src":{"full":false,"thumbnail":false,"medium":false,"medium_large":false,"large":false,"1536x1536":false,"2048x2048":false,"trp-custom-language-flag":false,"woocommerce_thumbnail":false,"woocommerce_single":false,"woocommerce_gallery_thumbnail":false},"uagb_author_info":{"display_name":"jeffreyrtk@gmail.com","author_link":"https:\/\/spherefixgnssrtk.com\/vi\/author\/jeffreyrtkgmail-com\/"},"uagb_comment_info":0,"uagb_excerpt":"HOME NEWS List Spherefix GNSS Receivers Assist 800-km Afghan Rail Survey Featured on TOLOnews 30 July 2025 Guangzhou, 30 July 2025 \u2013 TOLOnews recently covered the proposed Herat\u2013Spin Boldak railway. Notably, viewers saw Afghan survey teams using Spherefix GNSS receivers. They marked control points along the 800-kilometre route.\u00a0https:\/\/www.facebook.com\/share\/v\/1C9irQ8Ebf\/ Arya Khan Afghan Road Construction Logistic &amp;&hellip;","_links":{"self":[{"href":"https:\/\/spherefixgnssrtk.com\/vi\/wp-json\/wp\/v2\/pages\/7633","targetHints":{"allow":["GET"]}}],"collection":[{"href":"https:\/\/spherefixgnssrtk.com\/vi\/wp-json\/wp\/v2\/pages"}],"about":[{"href":"https:\/\/spherefixgnssrtk.com\/vi\/wp-json\/wp\/v2\/types\/page"}],"author":[{"embeddable":true,"href":"https:\/\/spherefixgnssrtk.com\/vi\/wp-json\/wp\/v2\/users\/1"}],"replies":[{"embeddable":true,"href":"https:\/\/spherefixgnssrtk.com\/vi\/wp-json\/wp\/v2\/comments?post=7633"}],"version-history":[{"count":38,"href":"https:\/\/spherefixgnssrtk.com\/vi\/wp-json\/wp\/v2\/pages\/7633\/revisions"}],"predecessor-version":[{"id":10484,"href":"https:\/\/spherefixgnssrtk.com\/vi\/wp-json\/wp\/v2\/pages\/7633\/revisions\/10484"}],"wp:attachment":[{"href":"https:\/\/spherefixgnssrtk.com\/vi\/wp-json\/wp\/v2\/media?parent=7633"}],"curies":[{"name":"wp","href":"https:\/\/api.w.org\/{rel}","templated":true}]}}