{"id":8018,"date":"2025-12-05T02:40:17","date_gmt":"2025-12-05T02:40:17","guid":{"rendered":"https:\/\/spherefixgnssrtk.com\/?post_type=product&#038;p=8018"},"modified":"2026-03-31T16:50:03","modified_gmt":"2026-03-31T08:50:03","slug":"sp35-gnss-receiver","status":"publish","type":"product","link":"https:\/\/spherefixgnssrtk.com\/tr\/product\/sp35-gnss-receiver\/","title":{"rendered":"SP35 GNSS Al\u0131c\u0131s\u0131"},"content":{"rendered":"<p>SP35 is a compact, portable multi-band GNSS receiver featuring integrated AR real-scene stake out and laser surveying modules. Its high-precision positioning module tracks all-frequency satellite signals for centimeter-level accuracy. With full-network 4G, Bluetooth, Wi-Fi, and 1.5W LoRa Radio, it extends communication range significantly. The built-in tightly coupled IMU and camera-assisted laser measurement, combined with AR technology, enable visualized real-time surveying in complex environments.<\/p>","protected":false},"excerpt":{"rendered":"<p>SP35 is a compact, portable multi-band GNSS receiver featuring integrated AR real-scene stake out and laser surveying modules. Its high-precision positioning module tracks all-frequency satellite signals for centimeter-level accuracy. With full-network 4G, Bluetooth, Wi-Fi, and 1.5W LoRa Radio, it extends communication range significantly. The built-in tightly coupled IMU and camera-assisted laser measurement, combined with AR [&hellip;]<\/p>\n","protected":false},"featured_media":8019,"comment_status":"open","ping_status":"closed","template":"","meta":{"_surecart_dashboard_logo_width":"180px","_surecart_dashboard_show_logo":true,"_surecart_dashboard_navigation_orders":true,"_surecart_dashboard_navigation_invoices":true,"_surecart_dashboard_navigation_subscriptions":true,"_surecart_dashboard_navigation_downloads":true,"_surecart_dashboard_navigation_billing":true,"_surecart_dashboard_navigation_account":true,"_uag_custom_page_level_css":"","site-sidebar-layout":"default","site-content-layout":"","ast-site-content-layout":"default","site-content-style":"default","site-sidebar-style":"default","ast-global-header-display":"","ast-banner-title-visibility":"","ast-main-header-display":"","ast-hfb-above-header-display":"","ast-hfb-below-header-display":"","ast-hfb-mobile-header-display":"","site-post-title":"","ast-breadcrumbs-content":"","ast-featured-img":"","footer-sml-layout":"","theme-transparent-header-meta":"default","adv-header-id-meta":"","stick-header-meta":"","header-above-stick-meta":"","header-main-stick-meta":"","header-below-stick-meta":"","astra-migrate-meta-layouts":"set","ast-page-background-enabled":"default","ast-page-background-meta":{"desktop":{"background-color":"","background-image":"","background-repeat":"repeat","background-position":"center center","background-size":"auto","background-attachment":"scroll","background-type":"","background-media":"","overlay-type":"","overlay-color":"","overlay-opacity":"","overlay-gradient":""},"tablet":{"background-color":"","background-image":"","background-repeat":"repeat","background-position":"center center","background-size":"auto","background-attachment":"scroll","background-type":"","background-media":"","overlay-type":"","overlay-color":"","overlay-opacity":"","overlay-gradient":""},"mobile":{"background-color":"","background-image":"","background-repeat":"repeat","background-position":"center center","background-size":"auto","background-attachment":"scroll","background-type":"","background-media":"","overlay-type":"","overlay-color":"","overlay-opacity":"","overlay-gradient":""}},"ast-content-background-meta":{"desktop":{"background-color":"var(--ast-global-color-5)","background-image":"","background-repeat":"repeat","background-position":"center center","background-size":"auto","background-attachment":"scroll","background-type":"","background-media":"","overlay-type":"","overlay-color":"","overlay-opacity":"","overlay-gradient":""},"tablet":{"background-color":"var(--ast-global-color-5)","background-image":"","background-repeat":"repeat","background-position":"center center","background-size":"auto","background-attachment":"scroll","background-type":"","background-media":"","overlay-type":"","overlay-color":"","overlay-opacity":"","overlay-gradient":""},"mobile":{"background-color":"var(--ast-global-color-5)","background-image":"","background-repeat":"repeat","background-position":"center center","background-size":"auto","background-attachment":"scroll","background-type":"","background-media":"","overlay-type":"","overlay-color":"","overlay-opacity":"","overlay-gradient":""}}},"product_brand":[],"product_cat":[35],"product_tag":[36,37,63],"class_list":{"0":"post-8018","1":"product","2":"type-product","3":"status-publish","4":"has-post-thumbnail","6":"product_cat-gnss-receiver","7":"product_tag-gnss-receiver","8":"product_tag-rtk","9":"product_tag-sp35","10":"desktop-align-left","11":"tablet-align-left","12":"mobile-align-left","14":"first","15":"outofstock","16":"sale","17":"shipping-taxable","18":"purchasable","19":"product-type-simple"},"uagb_featured_image_src":{"full":["https:\/\/spherefixgnssrtk.com\/wp-content\/uploads\/2025\/12\/0005-\u62f7\u8d1d.png",1920,1603,false],"thumbnail":["https:\/\/spherefixgnssrtk.com\/wp-content\/uploads\/2025\/12\/0005-\u62f7\u8d1d-150x150.png",150,150,true],"medium":["https:\/\/spherefixgnssrtk.com\/wp-content\/uploads\/2025\/12\/0005-\u62f7\u8d1d-300x250.png",300,250,true],"medium_large":["https:\/\/spherefixgnssrtk.com\/wp-content\/uploads\/2025\/12\/0005-\u62f7\u8d1d-768x641.png",768,641,true],"large":["https:\/\/spherefixgnssrtk.com\/wp-content\/uploads\/2025\/12\/0005-\u62f7\u8d1d-1024x855.png",1024,855,true],"1536x1536":["https:\/\/spherefixgnssrtk.com\/wp-content\/uploads\/2025\/12\/0005-\u62f7\u8d1d-1536x1282.png",1536,1282,true],"2048x2048":["https:\/\/spherefixgnssrtk.com\/wp-content\/uploads\/2025\/12\/0005-\u62f7\u8d1d.png",1920,1603,false],"trp-custom-language-flag":["https:\/\/spherefixgnssrtk.com\/wp-content\/uploads\/2025\/12\/0005-\u62f7\u8d1d.png",14,12,false],"woocommerce_thumbnail":["https:\/\/spherefixgnssrtk.com\/wp-content\/uploads\/2025\/12\/0005-\u62f7\u8d1d-300x300.png",300,300,true],"woocommerce_single":["https:\/\/spherefixgnssrtk.com\/wp-content\/uploads\/2025\/12\/0005-\u62f7\u8d1d-600x501.png",600,501,true],"woocommerce_gallery_thumbnail":["https:\/\/spherefixgnssrtk.com\/wp-content\/uploads\/2025\/12\/0005-\u62f7\u8d1d-100x100.png",100,100,true]},"uagb_author_info":{"display_name":"jeffreyrtk@gmail.com","author_link":"https:\/\/spherefixgnssrtk.com\/tr\/author\/"},"uagb_comment_info":0,"uagb_excerpt":"SP35 is a compact, portable multi-band GNSS receiver featuring integrated AR real-scene stake out and laser surveying modules. Its high-precision positioning module tracks all-frequency satellite signals for centimeter-level accuracy. With full-network 4G, Bluetooth, Wi-Fi, and 1.5W LoRa Radio, it extends communication range significantly. The built-in tightly coupled IMU and camera-assisted laser measurement, combined with AR&hellip;","_links":{"self":[{"href":"https:\/\/spherefixgnssrtk.com\/tr\/wp-json\/wp\/v2\/product\/8018","targetHints":{"allow":["GET"]}}],"collection":[{"href":"https:\/\/spherefixgnssrtk.com\/tr\/wp-json\/wp\/v2\/product"}],"about":[{"href":"https:\/\/spherefixgnssrtk.com\/tr\/wp-json\/wp\/v2\/types\/product"}],"replies":[{"embeddable":true,"href":"https:\/\/spherefixgnssrtk.com\/tr\/wp-json\/wp\/v2\/comments?post=8018"}],"version-history":[{"count":1,"href":"https:\/\/spherefixgnssrtk.com\/tr\/wp-json\/wp\/v2\/product\/8018\/revisions"}],"predecessor-version":[{"id":8023,"href":"https:\/\/spherefixgnssrtk.com\/tr\/wp-json\/wp\/v2\/product\/8018\/revisions\/8023"}],"wp:featuredmedia":[{"embeddable":true,"href":"https:\/\/spherefixgnssrtk.com\/tr\/wp-json\/wp\/v2\/media\/8019"}],"wp:attachment":[{"href":"https:\/\/spherefixgnssrtk.com\/tr\/wp-json\/wp\/v2\/media?parent=8018"}],"wp:term":[{"taxonomy":"product_brand","embeddable":true,"href":"https:\/\/spherefixgnssrtk.com\/tr\/wp-json\/wp\/v2\/product_brand?post=8018"},{"taxonomy":"product_cat","embeddable":true,"href":"https:\/\/spherefixgnssrtk.com\/tr\/wp-json\/wp\/v2\/product_cat?post=8018"},{"taxonomy":"product_tag","embeddable":true,"href":"https:\/\/spherefixgnssrtk.com\/tr\/wp-json\/wp\/v2\/product_tag?post=8018"}],"curies":[{"name":"wp","href":"https:\/\/api.w.org\/{rel}","templated":true}]}}