{"id":7937,"date":"2025-12-04T06:40:08","date_gmt":"2025-12-04T06:40:08","guid":{"rendered":"https:\/\/spherefixgnssrtk.com\/?post_type=product&#038;p=7937"},"modified":"2026-03-31T16:54:00","modified_gmt":"2026-03-31T08:54:00","slug":"sag20-agricultural-satellite-land-leveling-system","status":"publish","type":"product","link":"https:\/\/spherefixgnssrtk.com\/tr\/product\/sag20-agricultural-satellite-land-leveling-system\/","title":{"rendered":"SAG20 Tar\u0131msal Uydu Arazi Tesviye Sistemi"},"content":{"rendered":"<p>SAG20 Tar\u0131msal Uydu Arazi Tesviye Sistemi, tar\u0131m makineleri i\u00e7in y\u00fcksek hassasiyetli bir navigasyon arac\u0131d\u0131r. Greyderler i\u00e7in tam konumland\u0131rma ve kontrol sa\u011flamak i\u00e7in GPS ve GLONASS sinyallerini kullan\u0131r ve geni\u015f alanlarda (30 km'ye kadar) 7\/24 \u00e7al\u0131\u015fmay\u0131 m\u00fcmk\u00fcn k\u0131lar. Temel \u00f6zellikleri aras\u0131nda \u00e7oklu makine senkronizasyonu, otomatik arazi tan\u0131ma, ger\u00e7ek zamanl\u0131 haritalama, rota planlama ve bulut tabanl\u0131 y\u00f6netim yer al\u0131r. Karma\u015f\u0131k arazilerde verimli ve do\u011fru tesviye sa\u011flamak i\u00e7in \u00e7e\u015fitli b\u0131\u00e7aklarla birlikte \u00e7al\u0131\u015farak hassas tar\u0131m ve in\u015faat projeleri gibi di\u011fer sahalar i\u00e7in idealdir.<\/p>","protected":false},"excerpt":{"rendered":"<p>SAG20 Agricultural Satellite Land Leveling System is a high-precision navigation tool for agricultural machinery. It uses GPS and GLONASS signals to provide exact positioning and control for graders, enabling 24\/7 operation over large areas (up to 30 km). Key features include multi-machine synchronization, automatic terrain recognition, real-time mapping, route planning, and cloud-based management. It works [&hellip;]<\/p>\n","protected":false},"featured_media":7969,"comment_status":"open","ping_status":"closed","template":"","meta":{"_surecart_dashboard_logo_width":"180px","_surecart_dashboard_show_logo":true,"_surecart_dashboard_navigation_orders":true,"_surecart_dashboard_navigation_invoices":true,"_surecart_dashboard_navigation_subscriptions":true,"_surecart_dashboard_navigation_downloads":true,"_surecart_dashboard_navigation_billing":true,"_surecart_dashboard_navigation_account":true,"_uag_custom_page_level_css":"","site-sidebar-layout":"default","site-content-layout":"","ast-site-content-layout":"default","site-content-style":"default","site-sidebar-style":"default","ast-global-header-display":"","ast-banner-title-visibility":"","ast-main-header-display":"","ast-hfb-above-header-display":"","ast-hfb-below-header-display":"","ast-hfb-mobile-header-display":"","site-post-title":"","ast-breadcrumbs-content":"","ast-featured-img":"","footer-sml-layout":"","theme-transparent-header-meta":"default","adv-header-id-meta":"","stick-header-meta":"","header-above-stick-meta":"","header-main-stick-meta":"","header-below-stick-meta":"","astra-migrate-meta-layouts":"set","ast-page-background-enabled":"default","ast-page-background-meta":{"desktop":{"background-color":"","background-image":"","background-repeat":"repeat","background-position":"center center","background-size":"auto","background-attachment":"scroll","background-type":"","background-media":"","overlay-type":"","overlay-color":"","overlay-opacity":"","overlay-gradient":""},"tablet":{"background-color":"","background-image":"","background-repeat":"repeat","background-position":"center center","background-size":"auto","background-attachment":"scroll","background-type":"","background-media":"","overlay-type":"","overlay-color":"","overlay-opacity":"","overlay-gradient":""},"mobile":{"background-color":"","background-image":"","background-repeat":"repeat","background-position":"center center","background-size":"auto","background-attachment":"scroll","background-type":"","background-media":"","overlay-type":"","overlay-color":"","overlay-opacity":"","overlay-gradient":""}},"ast-content-background-meta":{"desktop":{"background-color":"var(--ast-global-color-5)","background-image":"","background-repeat":"repeat","background-position":"center center","background-size":"auto","background-attachment":"scroll","background-type":"","background-media":"","overlay-type":"","overlay-color":"","overlay-opacity":"","overlay-gradient":""},"tablet":{"background-color":"var(--ast-global-color-5)","background-image":"","background-repeat":"repeat","background-position":"center center","background-size":"auto","background-attachment":"scroll","background-type":"","background-media":"","overlay-type":"","overlay-color":"","overlay-opacity":"","overlay-gradient":""},"mobile":{"background-color":"var(--ast-global-color-5)","background-image":"","background-repeat":"repeat","background-position":"center center","background-size":"auto","background-attachment":"scroll","background-type":"","background-media":"","overlay-type":"","overlay-color":"","overlay-opacity":"","overlay-gradient":""}}},"product_brand":[],"product_cat":[39],"product_tag":[57,56],"class_list":{"0":"post-7937","1":"product","2":"type-product","3":"status-publish","4":"has-post-thumbnail","6":"product_cat-precision-agriculture","7":"product_tag-agricultural-satellite-land-leveling-system","8":"product_tag-sag20","9":"desktop-align-left","10":"tablet-align-left","11":"mobile-align-left","13":"first","14":"outofstock","15":"sale","16":"shipping-taxable","17":"purchasable","18":"product-type-simple"},"uagb_featured_image_src":{"full":["https:\/\/spherefixgnssrtk.com\/wp-content\/uploads\/2025\/12\/\u5206\u7ec4-8-1.png",1464,1464,false],"thumbnail":["https:\/\/spherefixgnssrtk.com\/wp-content\/uploads\/2025\/12\/\u5206\u7ec4-8-1-150x150.png",150,150,true],"medium":["https:\/\/spherefixgnssrtk.com\/wp-content\/uploads\/2025\/12\/\u5206\u7ec4-8-1-300x300.png",300,300,true],"medium_large":["https:\/\/spherefixgnssrtk.com\/wp-content\/uploads\/2025\/12\/\u5206\u7ec4-8-1-768x768.png",768,768,true],"large":["https:\/\/spherefixgnssrtk.com\/wp-content\/uploads\/2025\/12\/\u5206\u7ec4-8-1-1024x1024.png",1024,1024,true],"1536x1536":["https:\/\/spherefixgnssrtk.com\/wp-content\/uploads\/2025\/12\/\u5206\u7ec4-8-1.png",1464,1464,false],"2048x2048":["https:\/\/spherefixgnssrtk.com\/wp-content\/uploads\/2025\/12\/\u5206\u7ec4-8-1.png",1464,1464,false],"trp-custom-language-flag":["https:\/\/spherefixgnssrtk.com\/wp-content\/uploads\/2025\/12\/\u5206\u7ec4-8-1.png",12,12,false],"woocommerce_thumbnail":["https:\/\/spherefixgnssrtk.com\/wp-content\/uploads\/2025\/12\/\u5206\u7ec4-8-1-300x300.png",300,300,true],"woocommerce_single":["https:\/\/spherefixgnssrtk.com\/wp-content\/uploads\/2025\/12\/\u5206\u7ec4-8-1-600x600.png",600,600,true],"woocommerce_gallery_thumbnail":["https:\/\/spherefixgnssrtk.com\/wp-content\/uploads\/2025\/12\/\u5206\u7ec4-8-1-100x100.png",100,100,true]},"uagb_author_info":{"display_name":"jeffreyrtk@gmail.com","author_link":"https:\/\/spherefixgnssrtk.com\/tr\/author\/"},"uagb_comment_info":0,"uagb_excerpt":"SAG20 Agricultural Satellite Land Leveling System is a high-precision navigation tool for agricultural machinery. It uses GPS and GLONASS signals to provide exact positioning and control for graders, enabling 24\/7 operation over large areas (up to 30 km). Key features include multi-machine synchronization, automatic terrain recognition, real-time mapping, route planning, and cloud-based management. It works&hellip;","_links":{"self":[{"href":"https:\/\/spherefixgnssrtk.com\/tr\/wp-json\/wp\/v2\/product\/7937","targetHints":{"allow":["GET"]}}],"collection":[{"href":"https:\/\/spherefixgnssrtk.com\/tr\/wp-json\/wp\/v2\/product"}],"about":[{"href":"https:\/\/spherefixgnssrtk.com\/tr\/wp-json\/wp\/v2\/types\/product"}],"replies":[{"embeddable":true,"href":"https:\/\/spherefixgnssrtk.com\/tr\/wp-json\/wp\/v2\/comments?post=7937"}],"version-history":[{"count":1,"href":"https:\/\/spherefixgnssrtk.com\/tr\/wp-json\/wp\/v2\/product\/7937\/revisions"}],"predecessor-version":[{"id":7942,"href":"https:\/\/spherefixgnssrtk.com\/tr\/wp-json\/wp\/v2\/product\/7937\/revisions\/7942"}],"wp:featuredmedia":[{"embeddable":true,"href":"https:\/\/spherefixgnssrtk.com\/tr\/wp-json\/wp\/v2\/media\/7969"}],"wp:attachment":[{"href":"https:\/\/spherefixgnssrtk.com\/tr\/wp-json\/wp\/v2\/media?parent=7937"}],"wp:term":[{"taxonomy":"product_brand","embeddable":true,"href":"https:\/\/spherefixgnssrtk.com\/tr\/wp-json\/wp\/v2\/product_brand?post=7937"},{"taxonomy":"product_cat","embeddable":true,"href":"https:\/\/spherefixgnssrtk.com\/tr\/wp-json\/wp\/v2\/product_cat?post=7937"},{"taxonomy":"product_tag","embeddable":true,"href":"https:\/\/spherefixgnssrtk.com\/tr\/wp-json\/wp\/v2\/product_tag?post=7937"}],"curies":[{"name":"wp","href":"https:\/\/api.w.org\/{rel}","templated":true}]}}