{"id":6675,"date":"2025-11-13T02:11:17","date_gmt":"2025-11-13T02:11:17","guid":{"rendered":"https:\/\/spherefixgnssrtk.com\/?post_type=product&#038;p=6675"},"modified":"2026-03-31T17:09:11","modified_gmt":"2026-03-31T09:09:11","slug":"sp30-gnss-receiver","status":"publish","type":"product","link":"https:\/\/spherefixgnssrtk.com\/tr\/product\/sp30-gnss-receiver\/","title":{"rendered":"SP30 GNSS Al\u0131c\u0131s\u0131"},"content":{"rendered":"<p>SP30 GNSS Receiver is a multifunctional GNSS receiver integrating AR and laser modules. It features a built-in high-precision positioning module that supports satellite signal tracking across all frequencies. It is equipped with 4G full network access, Bluetooth, Wi-Fi, and a 5W LoRa radio. Its built-in high-precision inertial navigation module, AR real-scene staking module, and camera-assisted laser measurement module provide a premium &#8220;what you see is what you measure&#8221; measurement experience.<\/p>","protected":false},"excerpt":{"rendered":"<p><img fetchpriority=\"high\" decoding=\"async\" class=\"alignnone size-medium wp-image-6676\" src=\"https:\/\/spherefixgnssrtk.com\/wp-content\/uploads\/2025\/11\/SP10-\u4fa7\u89c6-1.png-5-1-300x300.png\" alt=\"SP30 GNSS Al\u0131c\u0131s\u0131\" width=\"300\" height=\"300\" srcset=\"https:\/\/spherefixgnssrtk.com\/wp-content\/uploads\/2025\/11\/SP10-\u4fa7\u89c6-1.png-5-1-300x300.png 300w, https:\/\/spherefixgnssrtk.com\/wp-content\/uploads\/2025\/11\/SP10-\u4fa7\u89c6-1.png-5-1-1024x1024.png 1024w, https:\/\/spherefixgnssrtk.com\/wp-content\/uploads\/2025\/11\/SP10-\u4fa7\u89c6-1.png-5-1-150x150.png 150w, https:\/\/spherefixgnssrtk.com\/wp-content\/uploads\/2025\/11\/SP10-\u4fa7\u89c6-1.png-5-1-768x768.png 768w, https:\/\/spherefixgnssrtk.com\/wp-content\/uploads\/2025\/11\/SP10-\u4fa7\u89c6-1.png-5-1-600x600.png 600w, https:\/\/spherefixgnssrtk.com\/wp-content\/uploads\/2025\/11\/SP10-\u4fa7\u89c6-1.png-5-1-100x100.png 100w, https:\/\/spherefixgnssrtk.com\/wp-content\/uploads\/2025\/11\/elementor\/thumbs\/SP10-\u4fa7\u89c6-1-5-1-remjmhjqj5t8v3jgxfcg1fob2ibwqjo8i76uab4ys4.png 194w, https:\/\/spherefixgnssrtk.com\/wp-content\/uploads\/2025\/11\/SP10-\u4fa7\u89c6-1.png-5-1.png 1316w\" sizes=\"(max-width: 300px) 100vw, 300px\" \/><img decoding=\"async\" class=\"alignnone size-medium wp-image-6677\" src=\"https:\/\/spherefixgnssrtk.com\/wp-content\/uploads\/2025\/11\/SP10-\u4fa7\u89c6.png-6-300x300.png\" alt=\"\" width=\"300\" height=\"300\" srcset=\"https:\/\/spherefixgnssrtk.com\/wp-content\/uploads\/2025\/11\/SP10-\u4fa7\u89c6.png-6-300x300.png 300w, https:\/\/spherefixgnssrtk.com\/wp-content\/uploads\/2025\/11\/SP10-\u4fa7\u89c6.png-6-1024x1024.png 1024w, https:\/\/spherefixgnssrtk.com\/wp-content\/uploads\/2025\/11\/SP10-\u4fa7\u89c6.png-6-150x150.png 150w, https:\/\/spherefixgnssrtk.com\/wp-content\/uploads\/2025\/11\/SP10-\u4fa7\u89c6.png-6-768x768.png 768w, https:\/\/spherefixgnssrtk.com\/wp-content\/uploads\/2025\/11\/SP10-\u4fa7\u89c6.png-6-600x600.png 600w, https:\/\/spherefixgnssrtk.com\/wp-content\/uploads\/2025\/11\/SP10-\u4fa7\u89c6.png-6-100x100.png 100w, https:\/\/spherefixgnssrtk.com\/wp-content\/uploads\/2025\/11\/SP10-\u4fa7\u89c6.png-6.png 1316w\" sizes=\"(max-width: 300px) 100vw, 300px\" \/><img decoding=\"async\" class=\"alignnone size-medium wp-image-6678\" src=\"https:\/\/spherefixgnssrtk.com\/wp-content\/uploads\/2025\/11\/SP30Pro4-300x300.png\" alt=\"\" width=\"300\" height=\"300\" srcset=\"https:\/\/spherefixgnssrtk.com\/wp-content\/uploads\/2025\/11\/SP30Pro4-300x300.png 300w, https:\/\/spherefixgnssrtk.com\/wp-content\/uploads\/2025\/11\/SP30Pro4-1024x1024.png 1024w, https:\/\/spherefixgnssrtk.com\/wp-content\/uploads\/2025\/11\/SP30Pro4-150x150.png 150w, https:\/\/spherefixgnssrtk.com\/wp-content\/uploads\/2025\/11\/SP30Pro4-768x768.png 768w, https:\/\/spherefixgnssrtk.com\/wp-content\/uploads\/2025\/11\/SP30Pro4-1536x1536.png 1536w, https:\/\/spherefixgnssrtk.com\/wp-content\/uploads\/2025\/11\/SP30Pro4-600x600.png 600w, https:\/\/spherefixgnssrtk.com\/wp-content\/uploads\/2025\/11\/SP30Pro4-100x100.png 100w, https:\/\/spherefixgnssrtk.com\/wp-content\/uploads\/2025\/11\/SP30Pro4.png 1860w\" sizes=\"(max-width: 300px) 100vw, 300px\" \/><img loading=\"lazy\" decoding=\"async\" class=\"alignnone size-medium wp-image-6679\" src=\"https:\/\/spherefixgnssrtk.com\/wp-content\/uploads\/2025\/11\/SP30se2-300x300.png\" alt=\"\" width=\"300\" height=\"300\" srcset=\"https:\/\/spherefixgnssrtk.com\/wp-content\/uploads\/2025\/11\/SP30se2-300x300.png 300w, https:\/\/spherefixgnssrtk.com\/wp-content\/uploads\/2025\/11\/SP30se2-1024x1024.png 1024w, https:\/\/spherefixgnssrtk.com\/wp-content\/uploads\/2025\/11\/SP30se2-150x150.png 150w, https:\/\/spherefixgnssrtk.com\/wp-content\/uploads\/2025\/11\/SP30se2-768x768.png 768w, https:\/\/spherefixgnssrtk.com\/wp-content\/uploads\/2025\/11\/SP30se2-1536x1536.png 1536w, https:\/\/spherefixgnssrtk.com\/wp-content\/uploads\/2025\/11\/SP30se2-600x600.png 600w, https:\/\/spherefixgnssrtk.com\/wp-content\/uploads\/2025\/11\/SP30se2-100x100.png 100w, https:\/\/spherefixgnssrtk.com\/wp-content\/uploads\/2025\/11\/SP30se2.png 1860w\" sizes=\"(max-width: 300px) 100vw, 300px\" \/><\/p>","protected":false},"featured_media":6676,"comment_status":"open","ping_status":"closed","template":"","meta":{"_surecart_dashboard_logo_width":"180px","_surecart_dashboard_show_logo":true,"_surecart_dashboard_navigation_orders":true,"_surecart_dashboard_navigation_invoices":true,"_surecart_dashboard_navigation_subscriptions":true,"_surecart_dashboard_navigation_downloads":true,"_surecart_dashboard_navigation_billing":true,"_surecart_dashboard_navigation_account":true,"_uag_custom_page_level_css":"","site-sidebar-layout":"default","site-content-layout":"","ast-site-content-layout":"default","site-content-style":"default","site-sidebar-style":"default","ast-global-header-display":"","ast-banner-title-visibility":"","ast-main-header-display":"","ast-hfb-above-header-display":"","ast-hfb-below-header-display":"","ast-hfb-mobile-header-display":"","site-post-title":"","ast-breadcrumbs-content":"","ast-featured-img":"","footer-sml-layout":"","theme-transparent-header-meta":"default","adv-header-id-meta":"","stick-header-meta":"","header-above-stick-meta":"","header-main-stick-meta":"","header-below-stick-meta":"","astra-migrate-meta-layouts":"set","ast-page-background-enabled":"default","ast-page-background-meta":{"desktop":{"background-color":"","background-image":"","background-repeat":"repeat","background-position":"center center","background-size":"auto","background-attachment":"scroll","background-type":"","background-media":"","overlay-type":"","overlay-color":"","overlay-opacity":"","overlay-gradient":""},"tablet":{"background-color":"","background-image":"","background-repeat":"repeat","background-position":"center center","background-size":"auto","background-attachment":"scroll","background-type":"","background-media":"","overlay-type":"","overlay-color":"","overlay-opacity":"","overlay-gradient":""},"mobile":{"background-color":"","background-image":"","background-repeat":"repeat","background-position":"center center","background-size":"auto","background-attachment":"scroll","background-type":"","background-media":"","overlay-type":"","overlay-color":"","overlay-opacity":"","overlay-gradient":""}},"ast-content-background-meta":{"desktop":{"background-color":"var(--ast-global-color-5)","background-image":"","background-repeat":"repeat","background-position":"center center","background-size":"auto","background-attachment":"scroll","background-type":"","background-media":"","overlay-type":"","overlay-color":"","overlay-opacity":"","overlay-gradient":""},"tablet":{"background-color":"var(--ast-global-color-5)","background-image":"","background-repeat":"repeat","background-position":"center center","background-size":"auto","background-attachment":"scroll","background-type":"","background-media":"","overlay-type":"","overlay-color":"","overlay-opacity":"","overlay-gradient":""},"mobile":{"background-color":"var(--ast-global-color-5)","background-image":"","background-repeat":"repeat","background-position":"center center","background-size":"auto","background-attachment":"scroll","background-type":"","background-media":"","overlay-type":"","overlay-color":"","overlay-opacity":"","overlay-gradient":""}}},"product_brand":[],"product_cat":[35],"product_tag":[36,37,38],"class_list":{"0":"post-6675","1":"product","2":"type-product","3":"status-publish","4":"has-post-thumbnail","6":"product_cat-gnss-receiver","7":"product_tag-gnss-receiver","8":"product_tag-rtk","9":"product_tag-sp30","10":"desktop-align-left","11":"tablet-align-left","12":"mobile-align-left","14":"first","15":"outofstock","16":"sale","17":"shipping-taxable","18":"purchasable","19":"product-type-simple"},"uagb_featured_image_src":{"full":["https:\/\/spherefixgnssrtk.com\/wp-content\/uploads\/2025\/11\/SP10-\u4fa7\u89c6-1.png-5-1.png",1316,1316,false],"thumbnail":["https:\/\/spherefixgnssrtk.com\/wp-content\/uploads\/2025\/11\/SP10-\u4fa7\u89c6-1.png-5-1-150x150.png",150,150,true],"medium":["https:\/\/spherefixgnssrtk.com\/wp-content\/uploads\/2025\/11\/SP10-\u4fa7\u89c6-1.png-5-1-300x300.png",300,300,true],"medium_large":["https:\/\/spherefixgnssrtk.com\/wp-content\/uploads\/2025\/11\/SP10-\u4fa7\u89c6-1.png-5-1-768x768.png",768,768,true],"large":["https:\/\/spherefixgnssrtk.com\/wp-content\/uploads\/2025\/11\/SP10-\u4fa7\u89c6-1.png-5-1-1024x1024.png",1024,1024,true],"1536x1536":["https:\/\/spherefixgnssrtk.com\/wp-content\/uploads\/2025\/11\/SP10-\u4fa7\u89c6-1.png-5-1.png",1316,1316,false],"2048x2048":["https:\/\/spherefixgnssrtk.com\/wp-content\/uploads\/2025\/11\/SP10-\u4fa7\u89c6-1.png-5-1.png",1316,1316,false],"trp-custom-language-flag":["https:\/\/spherefixgnssrtk.com\/wp-content\/uploads\/2025\/11\/SP10-\u4fa7\u89c6-1.png-5-1.png",12,12,false],"woocommerce_thumbnail":["https:\/\/spherefixgnssrtk.com\/wp-content\/uploads\/2025\/11\/SP10-\u4fa7\u89c6-1.png-5-1-300x300.png",300,300,true],"woocommerce_single":["https:\/\/spherefixgnssrtk.com\/wp-content\/uploads\/2025\/11\/SP10-\u4fa7\u89c6-1.png-5-1-600x600.png",600,600,true],"woocommerce_gallery_thumbnail":["https:\/\/spherefixgnssrtk.com\/wp-content\/uploads\/2025\/11\/SP10-\u4fa7\u89c6-1.png-5-1-100x100.png",100,100,true]},"uagb_author_info":{"display_name":"jeffreyrtk@gmail.com","author_link":"https:\/\/spherefixgnssrtk.com\/tr\/author\/"},"uagb_comment_info":0,"uagb_excerpt":null,"_links":{"self":[{"href":"https:\/\/spherefixgnssrtk.com\/tr\/wp-json\/wp\/v2\/product\/6675","targetHints":{"allow":["GET"]}}],"collection":[{"href":"https:\/\/spherefixgnssrtk.com\/tr\/wp-json\/wp\/v2\/product"}],"about":[{"href":"https:\/\/spherefixgnssrtk.com\/tr\/wp-json\/wp\/v2\/types\/product"}],"replies":[{"embeddable":true,"href":"https:\/\/spherefixgnssrtk.com\/tr\/wp-json\/wp\/v2\/comments?post=6675"}],"version-history":[{"count":3,"href":"https:\/\/spherefixgnssrtk.com\/tr\/wp-json\/wp\/v2\/product\/6675\/revisions"}],"predecessor-version":[{"id":10167,"href":"https:\/\/spherefixgnssrtk.com\/tr\/wp-json\/wp\/v2\/product\/6675\/revisions\/10167"}],"wp:featuredmedia":[{"embeddable":true,"href":"https:\/\/spherefixgnssrtk.com\/tr\/wp-json\/wp\/v2\/media\/6676"}],"wp:attachment":[{"href":"https:\/\/spherefixgnssrtk.com\/tr\/wp-json\/wp\/v2\/media?parent=6675"}],"wp:term":[{"taxonomy":"product_brand","embeddable":true,"href":"https:\/\/spherefixgnssrtk.com\/tr\/wp-json\/wp\/v2\/product_brand?post=6675"},{"taxonomy":"product_cat","embeddable":true,"href":"https:\/\/spherefixgnssrtk.com\/tr\/wp-json\/wp\/v2\/product_cat?post=6675"},{"taxonomy":"product_tag","embeddable":true,"href":"https:\/\/spherefixgnssrtk.com\/tr\/wp-json\/wp\/v2\/product_tag?post=6675"}],"curies":[{"name":"wp","href":"https:\/\/api.w.org\/{rel}","templated":true}]}}