{"id":7699,"date":"2025-12-02T09:57:06","date_gmt":"2025-12-02T09:57:06","guid":{"rendered":"https:\/\/spherefixgnssrtk.com\/?page_id=7699"},"modified":"2026-03-25T11:59:38","modified_gmt":"2026-03-25T03:59:38","slug":"spherefix-introduces-cutting-edge-smc-series","status":"publish","type":"page","link":"https:\/\/spherefixgnssrtk.com\/tr\/spherefix-introduces-cutting-edge-smc-series\/","title":{"rendered":"Spherefix Son Teknoloji SMC Serisini Tan\u0131tt\u0131"},"content":{"rendered":"<div data-elementor-type=\"wp-page\" data-elementor-id=\"7699\" class=\"elementor elementor-7699\" data-elementor-post-type=\"page\">\n\t\t\t\t<div class=\"elementor-element elementor-element-833314e e-flex e-con-boxed e-con e-parent\" data-id=\"833314e\" data-element_type=\"container\" data-e-type=\"container\">\n\t\t\t\t\t<div class=\"e-con-inner\">\n\t\t\t\t<div class=\"elementor-element elementor-element-7c26906 elementor-widget elementor-widget-spacer\" data-id=\"7c26906\" data-element_type=\"widget\" data-e-type=\"widget\" data-widget_type=\"spacer.default\">\n\t\t\t\t<div class=\"elementor-widget-container\">\n\t\t\t\t\t\t\t<div class=\"elementor-spacer\">\n\t\t\t<div class=\"elementor-spacer-inner\"><\/div>\n\t\t<\/div>\n\t\t\t\t\t\t<\/div>\n\t\t\t\t<\/div>\n\t\t\t\t\t<\/div>\n\t\t\t\t<\/div>\n\t\t<div class=\"elementor-element elementor-element-142117ee e-con-full e-flex e-con e-parent\" data-id=\"142117ee\" data-element_type=\"container\" data-e-type=\"container\" data-settings=\"{&quot;background_background&quot;:&quot;classic&quot;}\">\n\t\t<div class=\"elementor-element elementor-element-51efb116 e-flex e-con-boxed e-con e-child\" data-id=\"51efb116\" data-element_type=\"container\" data-e-type=\"container\">\n\t\t\t\t\t<div class=\"e-con-inner\">\n\t\t<div class=\"elementor-element elementor-element-19d59f75 e-con-full e-flex e-con e-child\" data-id=\"19d59f75\" data-element_type=\"container\" data-e-type=\"container\">\n\t\t\t\t<div class=\"elementor-element elementor-element-25f3bc24 elementor-widget elementor-widget-button\" data-id=\"25f3bc24\" data-element_type=\"widget\" data-e-type=\"widget\" data-widget_type=\"button.default\">\n\t\t\t\t<div class=\"elementor-widget-container\">\n\t\t\t\t\t\t\t\t\t<div class=\"elementor-button-wrapper\">\n\t\t\t\t\t<a class=\"elementor-button elementor-button-link elementor-size-sm\" href=\"https:\/\/spherefixgnssrtk.com\/tr\/\">\n\t\t\t\t\t\t<span class=\"elementor-button-content-wrapper\">\n\t\t\t\t\t\t<span class=\"elementor-button-icon\">\n\t\t\t\t<svg aria-hidden=\"true\" class=\"e-font-icon-svg e-fas-home\" viewbox=\"0 0 576 512\" xmlns=\"http:\/\/www.w3.org\/2000\/svg\"><path d=\"M280.37 148.26L96 300.11V464a16 16 0 0 0 16 16l112.06-.29a16 16 0 0 0 15.92-16V368a16 16 0 0 1 16-16h64a16 16 0 0 1 16 16v95.64a16 16 0 0 0 16 16.05L464 480a16 16 0 0 0 16-16V300L295.67 148.26a12.19 12.19 0 0 0-15.3 0zM571.6 251.47L488 182.56V44.05a12 12 0 0 0-12-12h-56a12 12 0 0 0-12 12v72.61L318.47 43a48 48 0 0 0-61 0L4.34 251.47a12 12 0 0 0-1.6 16.9l25.5 31A12 12 0 0 0 45.15 301l235.22-193.74a12.19 12.19 0 0 1 15.3 0L530.9 301a12 12 0 0 0 16.9-1.6l25.5-31a12 12 0 0 0-1.7-16.93z\"><\/path><\/svg>\t\t\t<\/span>\n\t\t\t\t\t\t\t\t\t<span class=\"elementor-button-text\">ANA SAYFA<\/span>\n\t\t\t\t\t<\/span>\n\t\t\t\t\t<\/a>\n\t\t\t\t<\/div>\n\t\t\t\t\t\t\t\t<\/div>\n\t\t\t\t<\/div>\n\t\t\t\t<\/div>\n\t\t<div class=\"elementor-element elementor-element-651968b9 e-con-full e-flex e-con e-child\" data-id=\"651968b9\" data-element_type=\"container\" data-e-type=\"container\">\n\t\t\t\t<div class=\"elementor-element elementor-element-5aa0d833 elementor-widget elementor-widget-heading\" data-id=\"5aa0d833\" data-element_type=\"widget\" data-e-type=\"widget\" data-widget_type=\"heading.default\">\n\t\t\t\t<div class=\"elementor-widget-container\">\n\t\t\t\t\t<h2 class=\"elementor-heading-title elementor-size-default\">HABERLER<\/h2>\t\t\t\t<\/div>\n\t\t\t\t<\/div>\n\t\t\t\t<\/div>\n\t\t<div class=\"elementor-element elementor-element-18df5c96 e-con-full e-flex e-con e-child\" data-id=\"18df5c96\" data-element_type=\"container\" data-e-type=\"container\">\n\t\t\t\t<div class=\"elementor-element elementor-element-47f726c6 elementor-align-right elementor-widget elementor-widget-button\" data-id=\"47f726c6\" data-element_type=\"widget\" data-e-type=\"widget\" data-widget_type=\"button.default\">\n\t\t\t\t<div class=\"elementor-widget-container\">\n\t\t\t\t\t\t\t\t\t<div class=\"elementor-button-wrapper\">\n\t\t\t\t\t<a class=\"elementor-button elementor-button-link elementor-size-sm\" href=\"\/tr\/news-events\/\">\n\t\t\t\t\t\t<span class=\"elementor-button-content-wrapper\">\n\t\t\t\t\t\t<span class=\"elementor-button-icon\">\n\t\t\t\t<svg aria-hidden=\"true\" class=\"e-font-icon-svg e-fas-bars\" viewbox=\"0 0 448 512\" xmlns=\"http:\/\/www.w3.org\/2000\/svg\"><path d=\"M16 132h416c8.837 0 16-7.163 16-16V76c0-8.837-7.163-16-16-16H16C7.163 60 0 67.163 0 76v40c0 8.837 7.163 16 16 16zm0 160h416c8.837 0 16-7.163 16-16v-40c0-8.837-7.163-16-16-16H16c-8.837 0-16 7.163-16 16v40c0 8.837 7.163 16 16 16zm0 160h416c8.837 0 16-7.163 16-16v-40c0-8.837-7.163-16-16-16H16c-8.837 0-16 7.163-16 16v40c0 8.837 7.163 16 16 16z\"><\/path><\/svg>\t\t\t<\/span>\n\t\t\t\t\t\t\t\t\t<span class=\"elementor-button-text\">Liste<\/span>\n\t\t\t\t\t<\/span>\n\t\t\t\t\t<\/a>\n\t\t\t\t<\/div>\n\t\t\t\t\t\t\t\t<\/div>\n\t\t\t\t<\/div>\n\t\t\t\t<\/div>\n\t\t\t\t\t<\/div>\n\t\t\t\t<\/div>\n\t\t\t\t<\/div>\n\t\t<div class=\"elementor-element elementor-element-5131843 e-flex e-con-boxed e-con e-parent\" data-id=\"5131843\" data-element_type=\"container\" data-e-type=\"container\">\n\t\t\t\t\t<div class=\"e-con-inner\">\n\t\t<div class=\"elementor-element elementor-element-e449637 e-con-full e-flex e-con e-child\" data-id=\"e449637\" data-element_type=\"container\" data-e-type=\"container\">\n\t\t\t\t<div class=\"elementor-element elementor-element-509c7284 elementor-widget elementor-widget-heading\" data-id=\"509c7284\" data-element_type=\"widget\" data-e-type=\"widget\" data-widget_type=\"heading.default\">\n\t\t\t\t<div class=\"elementor-widget-container\">\n\t\t\t\t\t<h1 class=\"elementor-heading-title elementor-size-default\">Spherefix \u0130n\u015faatta Geli\u015fmi\u015f Mekanik Kontrol i\u00e7in Son Teknoloji SMC Serisini Tan\u0131tt\u0131<\/h1>\t\t\t\t<\/div>\n\t\t\t\t<\/div>\n\t\t\t\t<\/div>\n\t\t<div class=\"elementor-element elementor-element-7f4e0899 e-con-full e-flex e-con e-child\" data-id=\"7f4e0899\" data-element_type=\"container\" data-e-type=\"container\">\n\t\t<div class=\"elementor-element elementor-element-15632612 e-con-full e-flex e-con e-child\" data-id=\"15632612\" data-element_type=\"container\" data-e-type=\"container\">\n\t\t\t\t<div class=\"elementor-element elementor-element-273928c6 elementor-view-default elementor-widget elementor-widget-icon\" data-id=\"273928c6\" data-element_type=\"widget\" data-e-type=\"widget\" data-widget_type=\"icon.default\">\n\t\t\t\t<div class=\"elementor-widget-container\">\n\t\t\t\t\t\t\t<div class=\"elementor-icon-wrapper\">\n\t\t\t<div class=\"elementor-icon\">\n\t\t\t<svg aria-hidden=\"true\" class=\"e-font-icon-svg e-far-clock\" viewbox=\"0 0 512 512\" xmlns=\"http:\/\/www.w3.org\/2000\/svg\"><path d=\"M256 8C119 8 8 119 8 256s111 248 248 248 248-111 248-248S393 8 256 8zm0 448c-110.5 0-200-89.5-200-200S145.5 56 256 56s200 89.5 200 200-89.5 200-200 200zm61.8-104.4l-84.9-61.7c-3.1-2.3-4.9-5.9-4.9-9.7V116c0-6.6 5.4-12 12-12h32c6.6 0 12 5.4 12 12v141.7l66.8 48.6c5.4 3.9 6.5 11.4 2.6 16.8L334.6 349c-3.9 5.3-11.4 6.5-16.8 2.6z\"><\/path><\/svg>\t\t\t<\/div>\n\t\t<\/div>\n\t\t\t\t\t\t<\/div>\n\t\t\t\t<\/div>\n\t\t\t\t<\/div>\n\t\t<div class=\"elementor-element elementor-element-695c9508 e-con-full e-flex e-con e-child\" data-id=\"695c9508\" data-element_type=\"container\" data-e-type=\"container\">\n\t\t\t\t<div class=\"elementor-element elementor-element-12a9b32c elementor-widget elementor-widget-heading\" data-id=\"12a9b32c\" data-element_type=\"widget\" data-e-type=\"widget\" data-widget_type=\"heading.default\">\n\t\t\t\t<div class=\"elementor-widget-container\">\n\t\t\t\t\t<h3 class=\"elementor-heading-title elementor-size-default\">29 Nisan 2025<\/h3>\t\t\t\t<\/div>\n\t\t\t\t<\/div>\n\t\t\t\t<\/div>\n\t\t\t\t<\/div>\n\t\t<div class=\"elementor-element elementor-element-516f80a6 e-flex e-con-boxed e-con e-child\" data-id=\"516f80a6\" data-element_type=\"container\" data-e-type=\"container\">\n\t\t\t\t\t<div class=\"e-con-inner\">\n\t\t\t\t<div class=\"elementor-element elementor-element-62a00a9b elementor-widget elementor-widget-text-editor\" data-id=\"62a00a9b\" data-element_type=\"widget\" data-e-type=\"widget\" data-widget_type=\"text-editor.default\">\n\t\t\t\t<div class=\"elementor-widget-container\">\n\t\t\t\t\t\t\t\t\t<p>Guangzhou, \u00c7in - 29 Nisan 2025 - Y\u00fcksek hassasiyetli konumland\u0131rma \u00e7\u00f6z\u00fcmleriyle tan\u0131nan Spherefix Navigation Technology Co, Ltd, SMC10 Dozer Kontrol Sistemi ve SMC20 Ekskavat\u00f6r Y\u00f6nlendirme Sisteminden olu\u015fan SMC Serisini gururla sunar. Bu son teknoloji sistemler, in\u015faat operasyonlar\u0131nda hassasiyeti ve verimlili\u011fi artt\u0131rmak i\u00e7in \u00fcretilmi\u015ftir.<\/p>\t\t\t\t\t\t\t\t<\/div>\n\t\t\t\t<\/div>\n\t\t\t\t\t<\/div>\n\t\t\t\t<\/div>\n\t\t<div class=\"elementor-element elementor-element-79c5c460 e-con-full e-flex e-con e-child\" data-id=\"79c5c460\" data-element_type=\"container\" data-e-type=\"container\">\n\t\t<div class=\"elementor-element elementor-element-252d88eb e-con-full e-flex e-con e-child\" data-id=\"252d88eb\" data-element_type=\"container\" data-e-type=\"container\">\n\t\t<div class=\"elementor-element elementor-element-375ccb12 e-con-full e-flex e-con e-child\" data-id=\"375ccb12\" data-element_type=\"container\" data-e-type=\"container\">\n\t\t<div class=\"elementor-element elementor-element-66448dfc e-con-full e-flex e-con e-child\" data-id=\"66448dfc\" data-element_type=\"container\" data-e-type=\"container\">\n\t\t<div class=\"elementor-element elementor-element-265f00d0 e-con-full e-flex e-con e-child\" data-id=\"265f00d0\" data-element_type=\"container\" data-e-type=\"container\">\n\t\t<div class=\"elementor-element elementor-element-31498814 e-con-full e-flex e-con e-child\" data-id=\"31498814\" data-element_type=\"container\" data-e-type=\"container\">\n\t\t\t\t<div class=\"elementor-element elementor-element-1dec1d2e elementor-widget elementor-widget-heading\" data-id=\"1dec1d2e\" data-element_type=\"widget\" data-e-type=\"widget\" data-widget_type=\"heading.default\">\n\t\t\t\t<div class=\"elementor-widget-container\">\n\t\t\t\t\t<h2 class=\"elementor-heading-title elementor-size-default\">SMC10 sistemi<\/h2>\t\t\t\t<\/div>\n\t\t\t\t<\/div>\n\t\t\t\t<div class=\"elementor-element elementor-element-55bd1b0e elementor-widget elementor-widget-text-editor\" data-id=\"55bd1b0e\" data-element_type=\"widget\" data-e-type=\"widget\" data-widget_type=\"text-editor.default\">\n\t\t\t\t<div class=\"elementor-widget-container\">\n\t\t\t\t\t\t\t\t\t<p>SMC10 sistemi, ger\u00e7ek zamanl\u0131 b\u0131\u00e7ak konumland\u0131rma ve y\u00f6nlendirme \u00f6zelli\u011fine sahip y\u00fcksek hassasiyetli dozer kontrol\u00fc ile \u00f6ne \u00e7\u0131kar. G\u00fcn\u00fcn her saati \u00e7al\u0131\u015fmay\u0131 ve ger\u00e7ek zamanl\u0131 izlemeyi kolayla\u015ft\u0131rarak farkl\u0131 ko\u015fullarda en y\u00fcksek performans\u0131 garanti eder. RTK konumland\u0131rma ile santimetre d\u00fczeyinde hassasiyetle birle\u015fen sars\u0131nt\u0131s\u0131z \u00e7al\u0131\u015fma \u00f6zelli\u011fi, arazi tesviyesi ve yol yap\u0131m\u0131 i\u00e7in son derece uygun olmas\u0131n\u0131 sa\u011flar.<\/p>\t\t\t\t\t\t\t\t<\/div>\n\t\t\t\t<\/div>\n\t\t\t\t<\/div>\n\t\t<div class=\"elementor-element elementor-element-168dbc0 e-con-full e-flex e-con e-child\" data-id=\"168dbc0\" data-element_type=\"container\" data-e-type=\"container\">\n\t\t\t\t<div class=\"elementor-element elementor-element-22a0a57 elementor-widget elementor-widget-heading\" data-id=\"22a0a57\" data-element_type=\"widget\" data-e-type=\"widget\" data-widget_type=\"heading.default\">\n\t\t\t\t<div class=\"elementor-widget-container\">\n\t\t\t\t\t<h2 class=\"elementor-heading-title elementor-size-default\">SMC20 sistemi<\/h2>\t\t\t\t<\/div>\n\t\t\t\t<\/div>\n\t\t\t\t<div class=\"elementor-element elementor-element-764d588 elementor-widget elementor-widget-text-editor\" data-id=\"764d588\" data-element_type=\"widget\" data-e-type=\"widget\" data-widget_type=\"text-editor.default\">\n\t\t\t\t<div class=\"elementor-widget-container\">\n\t\t\t\t\t\t\t\t\t<p>SMC20 sistemi, ekskavat\u00f6r operasyonlar\u0131 i\u00e7in y\u00fcksek hassasiyet ve verimlilik sa\u011flayan dinamik bir IMU sens\u00f6r\u00fc ile \u00f6ne \u00e7\u0131kmaktad\u0131r. Sistem, 2 cm'lik d\u00fczlemsel hassasiyet ve 3 cm'lik y\u00fckseklik hassasiyetiyle in\u015faat hassasiyetini \u00f6nemli \u00f6l\u00e7\u00fcde art\u0131r\u0131r. Bu \u00e7ok y\u00f6nl\u00fc sistem, \u00e7e\u015fitli ekskavat\u00f6rleri destekler ve nehir kaz\u0131s\u0131 ve deniz dibi taramas\u0131 gibi \u00e7oklu senaryolar\u0131n \u00fcstesinden gelmede ustad\u0131r.<\/p>\t\t\t\t\t\t\t\t<\/div>\n\t\t\t\t<\/div>\n\t\t\t\t<\/div>\n\t\t\t\t<\/div>\n\t\t<div class=\"elementor-element elementor-element-4b2ec1b5 e-con-full e-flex e-con e-child\" data-id=\"4b2ec1b5\" data-element_type=\"container\" data-e-type=\"container\">\n\t\t\t\t<div class=\"elementor-element elementor-element-5f758535 elementor-widget elementor-widget-image\" data-id=\"5f758535\" data-element_type=\"widget\" data-e-type=\"widget\" data-widget_type=\"image.default\">\n\t\t\t\t<div class=\"elementor-widget-container\">\n\t\t\t\t\t\t\t\t\t\t\t\t\t\t\t<img fetchpriority=\"high\" decoding=\"async\" width=\"494\" height=\"592\" src=\"https:\/\/spherefixgnssrtk.com\/wp-content\/uploads\/2025\/12\/\u5206\u7ec4-22-2.png\" class=\"attachment-2048x2048 size-2048x2048 wp-image-7721\" alt=\"\" srcset=\"https:\/\/spherefixgnssrtk.com\/wp-content\/uploads\/2025\/12\/\u5206\u7ec4-22-2.png 494w, https:\/\/spherefixgnssrtk.com\/wp-content\/uploads\/2025\/12\/\u5206\u7ec4-22-2-250x300.png 250w\" sizes=\"(max-width: 494px) 100vw, 494px\" \/>\t\t\t\t\t\t\t\t\t\t\t\t\t\t\t<\/div>\n\t\t\t\t<\/div>\n\t\t\t\t<\/div>\n\t\t\t\t<\/div>\n\t\t\t\t<div class=\"elementor-element elementor-element-3d517cd9 elementor-widget elementor-widget-text-editor\" data-id=\"3d517cd9\" data-element_type=\"widget\" data-e-type=\"widget\" data-widget_type=\"text-editor.default\">\n\t\t\t\t<div class=\"elementor-widget-container\">\n\t\t\t\t\t\t\t\t\t<p>Her iki sistem de \u00e7ok senaryolu, t\u00fcm hava ko\u015fullar\u0131na uygun uygulamalar i\u00e7in tasarlanm\u0131\u015f olup g\u00fcvenilirlik ve tutarl\u0131 performans vaat etmektedir. Spherefix'in kalite ve yenili\u011fe olan ba\u011fl\u0131l\u0131\u011f\u0131, kapsaml\u0131 sat\u0131\u015f sonras\u0131 servis deste\u011fi ve 24 ayl\u0131k sa\u011flam bir garantiyle birlikte gelen bu yeni \u00fcr\u00fcnlerde parl\u0131yor.<\/p>\t\t\t\t\t\t\t\t<\/div>\n\t\t\t\t<\/div>\n\t\t\t\t<\/div>\n\t\t<div class=\"elementor-element elementor-element-535bde36 e-con-full e-flex e-con e-child\" data-id=\"535bde36\" data-element_type=\"container\" data-e-type=\"container\">\n\t\t\t\t<div class=\"elementor-element elementor-element-54b64a60 elementor-widget elementor-widget-text-editor\" data-id=\"54b64a60\" data-element_type=\"widget\" data-e-type=\"widget\" data-widget_type=\"text-editor.default\">\n\t\t\t\t<div class=\"elementor-widget-container\">\n\t\t\t\t\t\t\t\t\t<p>Daha fazla bilgi i\u00e7in spherefixgnssrtk.com adresini ziyaret edebilir veya sorular\u0131n\u0131z ya da i\u015fbirlikleri i\u00e7in contact@spherefixgnssrtk.com adresinden ileti\u015fime ge\u00e7ebilirsiniz.<\/p>\t\t\t\t\t\t\t\t<\/div>\n\t\t\t\t<\/div>\n\t\t\t\t<\/div>\n\t\t<div class=\"elementor-element elementor-element-32bc28f3 e-con-full e-flex e-con e-child\" data-id=\"32bc28f3\" data-element_type=\"container\" data-e-type=\"container\">\n\t\t\t\t<div class=\"elementor-element elementor-element-5ff5fb5e elementor-widget elementor-widget-heading\" data-id=\"5ff5fb5e\" data-element_type=\"widget\" data-e-type=\"widget\" data-widget_type=\"heading.default\">\n\t\t\t\t<div class=\"elementor-widget-container\">\n\t\t\t\t\t<h2 class=\"elementor-heading-title elementor-size-default\">Guangzhou Spherefix Navigation Technology Co, Ltd Hakk\u0131nda.<\/h2>\t\t\t\t<\/div>\n\t\t\t\t<\/div>\n\t\t\t\t<div class=\"elementor-element elementor-element-6e2a9654 elementor-widget elementor-widget-text-editor\" data-id=\"6e2a9654\" data-element_type=\"widget\" data-e-type=\"widget\" data-widget_type=\"text-editor.default\">\n\t\t\t\t<div class=\"elementor-widget-container\">\n\t\t\t\t\t\t\t\t\t<p>Guangzhou Spherefix Navigation Technology Co, Ltd. geli\u015fmi\u015f hassas teknoloji \u00e7\u00f6z\u00fcmlerinin geli\u015ftirilmesinde \u00f6nc\u00fcd\u00fcr. Yenilik ve hassasiyete odaklanan Spherefix, yaln\u0131zca \u00f6l\u00e7me, haritalama ve jeo-uzamsal end\u00fcstrilerde de\u011fil, ayn\u0131 zamanda hassas tar\u0131m ve mekanik kontrol end\u00fcstrilerinde de profesyonellerin taleplerini kar\u015f\u0131layan son teknoloji ekipmanlar sunmaktad\u0131r.<\/p>\t\t\t\t\t\t\t\t<\/div>\n\t\t\t\t<\/div>\n\t\t\t\t<\/div>\n\t\t\t\t<\/div>\n\t\t\t\t<\/div>\n\t\t\t\t\t<\/div>\n\t\t\t\t<\/div>\n\t\t<div class=\"elementor-element elementor-element-0af70ae e-flex e-con-boxed e-con e-parent\" data-id=\"0af70ae\" data-element_type=\"container\" data-e-type=\"container\">\n\t\t\t\t\t<div class=\"e-con-inner\">\n\t\t\t\t<div class=\"elementor-element elementor-element-5cb7c22 elementor-widget elementor-widget-spacer\" data-id=\"5cb7c22\" data-element_type=\"widget\" data-e-type=\"widget\" data-widget_type=\"spacer.default\">\n\t\t\t\t<div class=\"elementor-widget-container\">\n\t\t\t\t\t\t\t<div class=\"elementor-spacer\">\n\t\t\t<div class=\"elementor-spacer-inner\"><\/div>\n\t\t<\/div>\n\t\t\t\t\t\t<\/div>\n\t\t\t\t<\/div>\n\t\t\t\t\t<\/div>\n\t\t\t\t<\/div>\n\t\t<div class=\"elementor-element elementor-element-2eb4a696 e-con-full e-flex e-con e-parent\" data-id=\"2eb4a696\" data-element_type=\"container\" data-e-type=\"container\" data-settings=\"{&quot;background_background&quot;:&quot;classic&quot;}\">\n\t\t<div class=\"elementor-element elementor-element-23125ed6 e-flex e-con-boxed e-con e-child\" data-id=\"23125ed6\" data-element_type=\"container\" data-e-type=\"container\">\n\t\t\t\t\t<div class=\"e-con-inner\">\n\t\t<div class=\"elementor-element elementor-element-133ac406 e-con-full e-flex e-con e-child\" data-id=\"133ac406\" data-element_type=\"container\" data-e-type=\"container\">\n\t\t\t\t<div class=\"elementor-element elementor-element-639bf2f8 elementor-widget elementor-widget-button\" data-id=\"639bf2f8\" data-element_type=\"widget\" data-e-type=\"widget\" data-widget_type=\"button.default\">\n\t\t\t\t<div class=\"elementor-widget-container\">\n\t\t\t\t\t\t\t\t\t<div class=\"elementor-button-wrapper\">\n\t\t\t\t\t<a class=\"elementor-button elementor-button-link elementor-size-sm\" href=\"\/tr\/news250711\/\">\n\t\t\t\t\t\t<span class=\"elementor-button-content-wrapper\">\n\t\t\t\t\t\t<span class=\"elementor-button-icon\">\n\t\t\t\t<svg aria-hidden=\"true\" class=\"e-font-icon-svg e-fas-chevron-left\" viewbox=\"0 0 320 512\" xmlns=\"http:\/\/www.w3.org\/2000\/svg\"><path d=\"M34.52 239.03L228.87 44.69c9.37-9.37 24.57-9.37 33.94 0l22.67 22.67c9.36 9.36 9.37 24.52.04 33.9L131.49 256l154.02 154.75c9.34 9.38 9.32 24.54-.04 33.9l-22.67 22.67c-9.37 9.37-24.57 9.37-33.94 0L34.52 272.97c-9.37-9.37-9.37-24.57 0-33.94z\"><\/path><\/svg>\t\t\t<\/span>\n\t\t\t\t\t\t\t\t\t<span class=\"elementor-button-text\">Son Sayfa<\/span>\n\t\t\t\t\t<\/span>\n\t\t\t\t\t<\/a>\n\t\t\t\t<\/div>\n\t\t\t\t\t\t\t\t<\/div>\n\t\t\t\t<\/div>\n\t\t\t\t<\/div>\n\t\t<div class=\"elementor-element elementor-element-59989c34 e-con-full e-flex e-con e-child\" data-id=\"59989c34\" data-element_type=\"container\" data-e-type=\"container\">\n\t\t\t\t<\/div>\n\t\t<div class=\"elementor-element elementor-element-4e47387 e-con-full e-flex e-con e-child\" data-id=\"4e47387\" data-element_type=\"container\" data-e-type=\"container\">\n\t\t\t\t<div class=\"elementor-element elementor-element-b13de88 elementor-align-right elementor-widget elementor-widget-button\" data-id=\"b13de88\" data-element_type=\"widget\" data-e-type=\"widget\" data-widget_type=\"button.default\">\n\t\t\t\t<div class=\"elementor-widget-container\">\n\t\t\t\t\t\t\t\t\t<div class=\"elementor-button-wrapper\">\n\t\t\t\t\t<a class=\"elementor-button elementor-button-link elementor-size-sm\" href=\"https:\/\/spherefixgnssrtk.com\/tr\/spherefix-unveils-innovative-agricultural-machinery-navigation-sag-series\/\">\n\t\t\t\t\t\t<span class=\"elementor-button-content-wrapper\">\n\t\t\t\t\t\t<span class=\"elementor-button-icon\">\n\t\t\t\t<svg aria-hidden=\"true\" class=\"e-font-icon-svg e-fas-chevron-right\" viewbox=\"0 0 320 512\" xmlns=\"http:\/\/www.w3.org\/2000\/svg\"><path d=\"M285.476 272.971L91.132 467.314c-9.373 9.373-24.569 9.373-33.941 0l-22.667-22.667c-9.357-9.357-9.375-24.522-.04-33.901L188.505 256 34.484 101.255c-9.335-9.379-9.317-24.544.04-33.901l22.667-22.667c9.373-9.373 24.569-9.373 33.941 0L285.475 239.03c9.373 9.372 9.373 24.568.001 33.941z\"><\/path><\/svg>\t\t\t<\/span>\n\t\t\t\t\t\t\t\t\t<span class=\"elementor-button-text\">sonraki sayfa<\/span>\n\t\t\t\t\t<\/span>\n\t\t\t\t\t<\/a>\n\t\t\t\t<\/div>\n\t\t\t\t\t\t\t\t<\/div>\n\t\t\t\t<\/div>\n\t\t\t\t<\/div>\n\t\t\t\t\t<\/div>\n\t\t\t\t<\/div>\n\t\t\t\t<\/div>\n\t\t\t\t<\/div>","protected":false},"excerpt":{"rendered":"<p>HOME NEWS List Spherefix Introduces Cutting-Edge SMC Series for Enhanced Mechanical Control in Construction 29 April 2025 Guangzhou, China &#8211; April 29, 2025 &#8211; Spherefix Navigation Technology Co., Ltd., renowned for its high-precision positioning solutions, proudly unveils the SMC Series, comprising the SMC10 Dozer Control System and the SMC20 Excavator Guidance System. These state-of-the-art systems [&hellip;]<\/p>\n","protected":false},"author":1,"featured_media":0,"parent":0,"menu_order":0,"comment_status":"closed","ping_status":"closed","template":"","meta":{"_surecart_dashboard_logo_width":"180px","_surecart_dashboard_show_logo":true,"_surecart_dashboard_navigation_orders":true,"_surecart_dashboard_navigation_invoices":true,"_surecart_dashboard_navigation_subscriptions":true,"_surecart_dashboard_navigation_downloads":true,"_surecart_dashboard_navigation_billing":true,"_surecart_dashboard_navigation_account":true,"_uag_custom_page_level_css":"","site-sidebar-layout":"no-sidebar","site-content-layout":"page-builder","ast-site-content-layout":"full-width-container","site-content-style":"unboxed","site-sidebar-style":"unboxed","ast-global-header-display":"","ast-banner-title-visibility":"","ast-main-header-display":"","ast-hfb-above-header-display":"","ast-hfb-below-header-display":"","ast-hfb-mobile-header-display":"","site-post-title":"","ast-breadcrumbs-content":"","ast-featured-img":"disabled","footer-sml-layout":"","theme-transparent-header-meta":"","adv-header-id-meta":"","stick-header-meta":"","header-above-stick-meta":"","header-main-stick-meta":"","header-below-stick-meta":"","astra-migrate-meta-layouts":"set","ast-page-background-enabled":"default","ast-page-background-meta":{"desktop":{"background-color":"","background-image":"","background-repeat":"repeat","background-position":"center center","background-size":"auto","background-attachment":"scroll","background-type":"","background-media":"","overlay-type":"","overlay-color":"","overlay-opacity":"","overlay-gradient":""},"tablet":{"background-color":"","background-image":"","background-repeat":"repeat","background-position":"center center","background-size":"auto","background-attachment":"scroll","background-type":"","background-media":"","overlay-type":"","overlay-color":"","overlay-opacity":"","overlay-gradient":""},"mobile":{"background-color":"","background-image":"","background-repeat":"repeat","background-position":"center center","background-size":"auto","background-attachment":"scroll","background-type":"","background-media":"","overlay-type":"","overlay-color":"","overlay-opacity":"","overlay-gradient":""}},"ast-content-background-meta":{"desktop":{"background-color":"var(--ast-global-color-5)","background-image":"","background-repeat":"repeat","background-position":"center center","background-size":"auto","background-attachment":"scroll","background-type":"","background-media":"","overlay-type":"","overlay-color":"","overlay-opacity":"","overlay-gradient":""},"tablet":{"background-color":"var(--ast-global-color-5)","background-image":"","background-repeat":"repeat","background-position":"center center","background-size":"auto","background-attachment":"scroll","background-type":"","background-media":"","overlay-type":"","overlay-color":"","overlay-opacity":"","overlay-gradient":""},"mobile":{"background-color":"var(--ast-global-color-5)","background-image":"","background-repeat":"repeat","background-position":"center center","background-size":"auto","background-attachment":"scroll","background-type":"","background-media":"","overlay-type":"","overlay-color":"","overlay-opacity":"","overlay-gradient":""}},"footnotes":""},"class_list":["post-7699","page","type-page","status-publish","hentry"],"_hostinger_reach_plugin_has_subscription_block":false,"_hostinger_reach_plugin_is_elementor":false,"uagb_featured_image_src":{"full":false,"thumbnail":false,"medium":false,"medium_large":false,"large":false,"1536x1536":false,"2048x2048":false,"trp-custom-language-flag":false,"woocommerce_thumbnail":false,"woocommerce_single":false,"woocommerce_gallery_thumbnail":false},"uagb_author_info":{"display_name":"jeffreyrtk@gmail.com","author_link":"https:\/\/spherefixgnssrtk.com\/tr\/author\/jeffreyrtkgmail-com\/"},"uagb_comment_info":0,"uagb_excerpt":"HOME NEWS List Spherefix Introduces Cutting-Edge SMC Series for Enhanced Mechanical Control in Construction 29 April 2025 Guangzhou, China &#8211; April 29, 2025 &#8211; Spherefix Navigation Technology Co., Ltd., renowned for its high-precision positioning solutions, proudly unveils the SMC Series, comprising the SMC10 Dozer Control System and the SMC20 Excavator Guidance System. These state-of-the-art systems&hellip;","_links":{"self":[{"href":"https:\/\/spherefixgnssrtk.com\/tr\/wp-json\/wp\/v2\/pages\/7699","targetHints":{"allow":["GET"]}}],"collection":[{"href":"https:\/\/spherefixgnssrtk.com\/tr\/wp-json\/wp\/v2\/pages"}],"about":[{"href":"https:\/\/spherefixgnssrtk.com\/tr\/wp-json\/wp\/v2\/types\/page"}],"author":[{"embeddable":true,"href":"https:\/\/spherefixgnssrtk.com\/tr\/wp-json\/wp\/v2\/users\/1"}],"replies":[{"embeddable":true,"href":"https:\/\/spherefixgnssrtk.com\/tr\/wp-json\/wp\/v2\/comments?post=7699"}],"version-history":[{"count":26,"href":"https:\/\/spherefixgnssrtk.com\/tr\/wp-json\/wp\/v2\/pages\/7699\/revisions"}],"predecessor-version":[{"id":10491,"href":"https:\/\/spherefixgnssrtk.com\/tr\/wp-json\/wp\/v2\/pages\/7699\/revisions\/10491"}],"wp:attachment":[{"href":"https:\/\/spherefixgnssrtk.com\/tr\/wp-json\/wp\/v2\/media?parent=7699"}],"curies":[{"name":"wp","href":"https:\/\/api.w.org\/{rel}","templated":true}]}}