{"id":7633,"date":"2025-12-02T08:55:59","date_gmt":"2025-12-02T08:55:59","guid":{"rendered":"https:\/\/spherefixgnssrtk.com\/?page_id=7633"},"modified":"2026-04-03T14:59:49","modified_gmt":"2026-04-03T06:59:49","slug":"afghan-railway-survey","status":"publish","type":"page","link":"https:\/\/spherefixgnssrtk.com\/tr\/afghan-railway-survey\/","title":{"rendered":"Spherefix GNSS Al\u0131c\u0131lar\u0131 \u00d6nemli Afgan Demiryolu Ara\u015ft\u0131rmalar\u0131n\u0131 G\u00fc\u00e7lendiriyor"},"content":{"rendered":"<div data-elementor-type=\"wp-page\" data-elementor-id=\"7633\" class=\"elementor elementor-7633\" data-elementor-post-type=\"page\">\n\t\t\t\t<div class=\"elementor-element elementor-element-429b605 e-flex e-con-boxed e-con e-parent\" data-id=\"429b605\" data-element_type=\"container\" data-e-type=\"container\">\n\t\t\t\t\t<div class=\"e-con-inner\">\n\t\t\t\t<div class=\"elementor-element elementor-element-f8eeac3 elementor-widget elementor-widget-spacer\" data-id=\"f8eeac3\" data-element_type=\"widget\" data-e-type=\"widget\" data-widget_type=\"spacer.default\">\n\t\t\t\t<div class=\"elementor-widget-container\">\n\t\t\t\t\t\t\t<div class=\"elementor-spacer\">\n\t\t\t<div class=\"elementor-spacer-inner\"><\/div>\n\t\t<\/div>\n\t\t\t\t\t\t<\/div>\n\t\t\t\t<\/div>\n\t\t\t\t\t<\/div>\n\t\t\t\t<\/div>\n\t\t<div class=\"elementor-element elementor-element-25c3ee43 e-con-full e-flex e-con e-parent\" data-id=\"25c3ee43\" data-element_type=\"container\" data-e-type=\"container\" data-settings=\"{&quot;background_background&quot;:&quot;classic&quot;}\">\n\t\t<div class=\"elementor-element elementor-element-45ca08d0 e-flex e-con-boxed e-con e-child\" data-id=\"45ca08d0\" data-element_type=\"container\" data-e-type=\"container\">\n\t\t\t\t\t<div class=\"e-con-inner\">\n\t\t<div class=\"elementor-element elementor-element-49c8231a e-con-full e-flex e-con e-child\" data-id=\"49c8231a\" data-element_type=\"container\" data-e-type=\"container\">\n\t\t\t\t<div class=\"elementor-element elementor-element-a2bdf44 elementor-widget elementor-widget-button\" data-id=\"a2bdf44\" data-element_type=\"widget\" data-e-type=\"widget\" data-widget_type=\"button.default\">\n\t\t\t\t<div class=\"elementor-widget-container\">\n\t\t\t\t\t\t\t\t\t<div class=\"elementor-button-wrapper\">\n\t\t\t\t\t<a class=\"elementor-button elementor-button-link elementor-size-sm\" href=\"https:\/\/spherefixgnssrtk.com\/tr\/\">\n\t\t\t\t\t\t<span class=\"elementor-button-content-wrapper\">\n\t\t\t\t\t\t<span class=\"elementor-button-icon\">\n\t\t\t\t<svg aria-hidden=\"true\" class=\"e-font-icon-svg e-fas-home\" viewbox=\"0 0 576 512\" xmlns=\"http:\/\/www.w3.org\/2000\/svg\"><path d=\"M280.37 148.26L96 300.11V464a16 16 0 0 0 16 16l112.06-.29a16 16 0 0 0 15.92-16V368a16 16 0 0 1 16-16h64a16 16 0 0 1 16 16v95.64a16 16 0 0 0 16 16.05L464 480a16 16 0 0 0 16-16V300L295.67 148.26a12.19 12.19 0 0 0-15.3 0zM571.6 251.47L488 182.56V44.05a12 12 0 0 0-12-12h-56a12 12 0 0 0-12 12v72.61L318.47 43a48 48 0 0 0-61 0L4.34 251.47a12 12 0 0 0-1.6 16.9l25.5 31A12 12 0 0 0 45.15 301l235.22-193.74a12.19 12.19 0 0 1 15.3 0L530.9 301a12 12 0 0 0 16.9-1.6l25.5-31a12 12 0 0 0-1.7-16.93z\"><\/path><\/svg>\t\t\t<\/span>\n\t\t\t\t\t\t\t\t\t<span class=\"elementor-button-text\">ANA SAYFA<\/span>\n\t\t\t\t\t<\/span>\n\t\t\t\t\t<\/a>\n\t\t\t\t<\/div>\n\t\t\t\t\t\t\t\t<\/div>\n\t\t\t\t<\/div>\n\t\t\t\t<\/div>\n\t\t<div class=\"elementor-element elementor-element-23d7ebab e-con-full e-flex e-con e-child\" data-id=\"23d7ebab\" data-element_type=\"container\" data-e-type=\"container\">\n\t\t\t\t<div class=\"elementor-element elementor-element-237c6b65 elementor-widget elementor-widget-heading\" data-id=\"237c6b65\" data-element_type=\"widget\" data-e-type=\"widget\" data-widget_type=\"heading.default\">\n\t\t\t\t<div class=\"elementor-widget-container\">\n\t\t\t\t\t<h2 class=\"elementor-heading-title elementor-size-default\">HABERLER<\/h2>\t\t\t\t<\/div>\n\t\t\t\t<\/div>\n\t\t\t\t<\/div>\n\t\t<div class=\"elementor-element elementor-element-d79772a e-con-full e-flex e-con e-child\" data-id=\"d79772a\" data-element_type=\"container\" data-e-type=\"container\">\n\t\t\t\t<div class=\"elementor-element elementor-element-4e7903e9 elementor-align-right elementor-widget elementor-widget-button\" data-id=\"4e7903e9\" data-element_type=\"widget\" data-e-type=\"widget\" data-widget_type=\"button.default\">\n\t\t\t\t<div class=\"elementor-widget-container\">\n\t\t\t\t\t\t\t\t\t<div class=\"elementor-button-wrapper\">\n\t\t\t\t\t<a class=\"elementor-button elementor-button-link elementor-size-sm\" href=\"\/tr\/news-events\/\">\n\t\t\t\t\t\t<span class=\"elementor-button-content-wrapper\">\n\t\t\t\t\t\t<span class=\"elementor-button-icon\">\n\t\t\t\t<svg aria-hidden=\"true\" class=\"e-font-icon-svg e-fas-bars\" viewbox=\"0 0 448 512\" xmlns=\"http:\/\/www.w3.org\/2000\/svg\"><path d=\"M16 132h416c8.837 0 16-7.163 16-16V76c0-8.837-7.163-16-16-16H16C7.163 60 0 67.163 0 76v40c0 8.837 7.163 16 16 16zm0 160h416c8.837 0 16-7.163 16-16v-40c0-8.837-7.163-16-16-16H16c-8.837 0-16 7.163-16 16v40c0 8.837 7.163 16 16 16zm0 160h416c8.837 0 16-7.163 16-16v-40c0-8.837-7.163-16-16-16H16c-8.837 0-16 7.163-16 16v40c0 8.837 7.163 16 16 16z\"><\/path><\/svg>\t\t\t<\/span>\n\t\t\t\t\t\t\t\t\t<span class=\"elementor-button-text\">Liste<\/span>\n\t\t\t\t\t<\/span>\n\t\t\t\t\t<\/a>\n\t\t\t\t<\/div>\n\t\t\t\t\t\t\t\t<\/div>\n\t\t\t\t<\/div>\n\t\t\t\t<\/div>\n\t\t\t\t\t<\/div>\n\t\t\t\t<\/div>\n\t\t\t\t<\/div>\n\t\t<div class=\"elementor-element elementor-element-5124c15a e-flex e-con-boxed e-con e-parent\" data-id=\"5124c15a\" data-element_type=\"container\" data-e-type=\"container\">\n\t\t\t\t\t<div class=\"e-con-inner\">\n\t\t<div class=\"elementor-element elementor-element-68038683 e-con-full e-flex e-con e-child\" data-id=\"68038683\" data-element_type=\"container\" data-e-type=\"container\">\n\t\t\t\t<div class=\"elementor-element elementor-element-64c31695 elementor-widget elementor-widget-heading\" data-id=\"64c31695\" data-element_type=\"widget\" data-e-type=\"widget\" data-widget_type=\"heading.default\">\n\t\t\t\t<div class=\"elementor-widget-container\">\n\t\t\t\t\t<h1 class=\"elementor-heading-title elementor-size-default\">Spherefix GNSS Al\u0131c\u0131lar\u0131 800 km'lik Afgan Demiryolu Ara\u015ft\u0131rmas\u0131na Yard\u0131mc\u0131 Oluyor TOLOnews'te \u00d6ne \u00c7\u0131kt\u0131<\/h1>\t\t\t\t<\/div>\n\t\t\t\t<\/div>\n\t\t\t\t<\/div>\n\t\t<div class=\"elementor-element elementor-element-6ed377a8 e-con-full e-flex e-con e-child\" data-id=\"6ed377a8\" data-element_type=\"container\" data-e-type=\"container\">\n\t\t<div class=\"elementor-element elementor-element-56393b68 e-con-full e-flex e-con e-child\" data-id=\"56393b68\" data-element_type=\"container\" data-e-type=\"container\">\n\t\t\t\t<div class=\"elementor-element elementor-element-c7961 elementor-view-default elementor-widget elementor-widget-icon\" data-id=\"c7961\" data-element_type=\"widget\" data-e-type=\"widget\" data-widget_type=\"icon.default\">\n\t\t\t\t<div class=\"elementor-widget-container\">\n\t\t\t\t\t\t\t<div class=\"elementor-icon-wrapper\">\n\t\t\t<div class=\"elementor-icon\">\n\t\t\t<svg aria-hidden=\"true\" class=\"e-font-icon-svg e-far-clock\" viewbox=\"0 0 512 512\" xmlns=\"http:\/\/www.w3.org\/2000\/svg\"><path d=\"M256 8C119 8 8 119 8 256s111 248 248 248 248-111 248-248S393 8 256 8zm0 448c-110.5 0-200-89.5-200-200S145.5 56 256 56s200 89.5 200 200-89.5 200-200 200zm61.8-104.4l-84.9-61.7c-3.1-2.3-4.9-5.9-4.9-9.7V116c0-6.6 5.4-12 12-12h32c6.6 0 12 5.4 12 12v141.7l66.8 48.6c5.4 3.9 6.5 11.4 2.6 16.8L334.6 349c-3.9 5.3-11.4 6.5-16.8 2.6z\"><\/path><\/svg>\t\t\t<\/div>\n\t\t<\/div>\n\t\t\t\t\t\t<\/div>\n\t\t\t\t<\/div>\n\t\t\t\t<\/div>\n\t\t<div class=\"elementor-element elementor-element-1bff02ae e-con-full e-flex e-con e-child\" data-id=\"1bff02ae\" data-element_type=\"container\" data-e-type=\"container\">\n\t\t\t\t<div class=\"elementor-element elementor-element-6ea99492 elementor-widget elementor-widget-heading\" data-id=\"6ea99492\" data-element_type=\"widget\" data-e-type=\"widget\" data-widget_type=\"heading.default\">\n\t\t\t\t<div class=\"elementor-widget-container\">\n\t\t\t\t\t<h3 class=\"elementor-heading-title elementor-size-default\">30 Temmuz 2025<\/h3>\t\t\t\t<\/div>\n\t\t\t\t<\/div>\n\t\t\t\t<\/div>\n\t\t\t\t<\/div>\n\t\t<div class=\"elementor-element elementor-element-591c8e1b e-flex e-con-boxed e-con e-child\" data-id=\"591c8e1b\" data-element_type=\"container\" data-e-type=\"container\">\n\t\t\t\t\t<div class=\"e-con-inner\">\n\t\t\t\t<div class=\"elementor-element elementor-element-14bdf43c elementor-widget elementor-widget-text-editor\" data-id=\"14bdf43c\" data-element_type=\"widget\" data-e-type=\"widget\" data-widget_type=\"text-editor.default\">\n\t\t\t\t<div class=\"elementor-widget-container\">\n\t\t\t\t\t\t\t\t\t<div>Guangzhou, 30 Temmuz 2025 - TOLOnews k\u0131sa bir s\u00fcre \u00f6nce \u00f6nerilen Herat-Spin Boldak demiryolunu haberle\u015ftirdi. <strong>\u00d6zellikle<\/strong>, izleyiciler Spherefix GNSS al\u0131c\u0131lar\u0131n\u0131 kullanan Afgan ara\u015ft\u0131rma ekiplerini g\u00f6rd\u00fcler. Ekipler 800 kilometrelik g\u00fczergah boyunca kontrol noktalar\u0131n\u0131 i\u015faretlediler.<\/div><div>\u00a0<\/div><div><a href=\"https:\/\/www.facebook.com\/share\/v\/1C9irQ8Ebf\/\" target=\"_blank\" rel=\"noopener\">https:\/\/www.facebook.com\/share\/v\/1C9irQ8Ebf\/<\/a><\/div>\t\t\t\t\t\t\t\t<\/div>\n\t\t\t\t<\/div>\n\t\t\t\t\t<\/div>\n\t\t\t\t<\/div>\n\t\t<div class=\"elementor-element elementor-element-567bc14 e-con-full e-flex e-con e-child\" data-id=\"567bc14\" data-element_type=\"container\" data-e-type=\"container\">\n\t\t\t\t<div class=\"elementor-element elementor-element-a5946d5 elementor-widget elementor-widget-text-editor\" data-id=\"a5946d5\" data-element_type=\"widget\" data-e-type=\"widget\" data-widget_type=\"text-editor.default\">\n\t\t\t\t<div class=\"elementor-widget-container\">\n\t\t\t\t\t\t\t\t\t<p>Arya Khan Afghan Road Construction Logistic &amp; Engineering Company (AKARCL) projenin fizibilite \u00e7al\u0131\u015fmas\u0131, detayl\u0131 et\u00fct ve tasar\u0131m anla\u015fmas\u0131n\u0131 kazand\u0131. <strong>Dahas\u0131<\/strong>, Firman\u0131n ara\u015ft\u0131rma ekibi Spherefix \u00e7ok frekansl\u0131 al\u0131c\u0131lar\u0131 dronlarla e\u015fle\u015ftiriyor. Demiryolu i\u00e7in topografik veri topluyorlar. <strong>Ek olarak<\/strong>, Bir baz istasyonu hem drone'a hem de el tipi gezginlere RTK d\u00fczeltmeleri g\u00f6nderiyor. Bu, ekibin yer kontrol a\u011f\u0131 i\u00e7in santimetre d\u00fczeyinde konumland\u0131rma elde etmesini sa\u011fl\u0131yor.<\/p>\t\t\t\t\t\t\t\t<\/div>\n\t\t\t\t<\/div>\n\t\t\t\t<\/div>\n\t\t<div class=\"elementor-element elementor-element-1a6f8db0 e-con-full e-flex e-con e-child\" data-id=\"1a6f8db0\" data-element_type=\"container\" data-e-type=\"container\">\n\t\t<div class=\"elementor-element elementor-element-1524da14 e-con-full e-flex e-con e-child\" data-id=\"1524da14\" data-element_type=\"container\" data-e-type=\"container\">\n\t\t\t\t<div class=\"elementor-element elementor-element-45c8083a elementor-widget elementor-widget-image\" data-id=\"45c8083a\" data-element_type=\"widget\" data-e-type=\"widget\" data-widget_type=\"image.default\">\n\t\t\t\t<div class=\"elementor-widget-container\">\n\t\t\t\t\t\t\t\t\t\t\t\t\t\t\t<img decoding=\"async\" src=\"https:\/\/spherefixgnssrtk.com\/wp-content\/uploads\/elementor\/thumbs\/Snipaste_2025-07-29_14-51-18-rfk36qc7y4ylmlajnygogj3hfnv19xq0x7oifo72j0.png\" title=\"Snipaste_2025-07-29_14-51-18.png\" alt=\"Snipaste_2025-07-29_14-51-18.png\" loading=\"lazy\" \/>\t\t\t\t\t\t\t\t\t\t\t\t\t\t\t<\/div>\n\t\t\t\t<\/div>\n\t\t\t\t<div class=\"elementor-element elementor-element-460c80c3 elementor-widget elementor-widget-image\" data-id=\"460c80c3\" data-element_type=\"widget\" data-e-type=\"widget\" data-widget_type=\"image.default\">\n\t\t\t\t<div class=\"elementor-widget-container\">\n\t\t\t\t\t\t\t\t\t\t\t\t\t\t\t<img decoding=\"async\" src=\"https:\/\/spherefixgnssrtk.com\/wp-content\/uploads\/elementor\/thumbs\/Snipaste_2025-07-29_14-50-13-rfk36vz9356aqsddrzcqqen1s7y9phgrn1rwu0i3xg.png\" title=\"Snipaste_2025-07-29_14-50-13.png\" alt=\"Snipaste_2025-07-29_14-50-13.png\" loading=\"lazy\" \/>\t\t\t\t\t\t\t\t\t\t\t\t\t\t\t<\/div>\n\t\t\t\t<\/div>\n\t\t<div class=\"elementor-element elementor-element-43d2cb28 e-con-full e-flex e-con e-child\" data-id=\"43d2cb28\" data-element_type=\"container\" data-e-type=\"container\">\n\t\t\t\t<div class=\"elementor-element elementor-element-149b26e7 elementor-widget elementor-widget-text-editor\" data-id=\"149b26e7\" data-element_type=\"widget\" data-e-type=\"widget\" data-widget_type=\"text-editor.default\">\n\t\t\t\t<div class=\"elementor-widget-container\">\n\t\t\t\t\t\t\t\t\t<p>AKARCL'\u0131n ara\u015ft\u0131rma m\u00fcd\u00fcr\u00fc olumlu geri bildirimler payla\u015ft\u0131. Al\u0131c\u0131lar Herat ve Kandahar aras\u0131ndaki a\u00e7\u0131k \u00e7\u00f6lde sinyal kilidini korudu. <strong>Asl\u0131nda<\/strong>, Her bir kontrol noktas\u0131n\u0131 ayarlamak i\u00e7in gereken s\u00fcreyi k\u0131saltt\u0131lar. Eski optik aletler k\u0131yasland\u0131\u011f\u0131nda \u00e7ok daha uzun s\u00fcr\u00fcyordu. <strong>Ayr\u0131ca<\/strong>, Toplanan veriler, koridorun nihai hizalamas\u0131n\u0131 ve toprak i\u015fleri hesaplamalar\u0131n\u0131 do\u011frudan destekleyecektir.<\/p>\t\t\t\t\t\t\t\t<\/div>\n\t\t\t\t<\/div>\n\t\t\t\t<\/div>\n\t\t<div class=\"elementor-element elementor-element-49a8de91 e-con-full e-flex e-con e-child\" data-id=\"49a8de91\" data-element_type=\"container\" data-e-type=\"container\">\n\t\t\t\t<div class=\"elementor-element elementor-element-7e14f43d elementor-widget elementor-widget-text-editor\" data-id=\"7e14f43d\" data-element_type=\"widget\" data-e-type=\"widget\" data-widget_type=\"text-editor.default\">\n\t\t\t\t<div class=\"elementor-widget-container\">\n\t\t\t\t\t\t\t\t\t<p>Spherefix GNSS al\u0131c\u0131lar\u0131 piyasaya s\u00fcr\u00fcld\u00fc\u011f\u00fcnden bu yana 50'den fazla \u00fclke ve b\u00f6lgeye ula\u015fm\u0131\u015ft\u0131r. Devlet harita kurumlar\u0131na, m\u00fchendislik dan\u0131\u015fmanl\u0131klar\u0131na ve in\u015faat m\u00fcteahhitlerine benzer \u015fekilde hizmet vermektedirler. <strong>Ayn\u0131 derecede \u00f6nemli<\/strong>, kullan\u0131c\u0131lar genellikle h\u0131zl\u0131 sinyal kilitleme h\u0131zlar\u0131n\u0131 \u00f6v\u00fcyorlar. Ayr\u0131ca g\u00fc\u00e7l\u00fc anti-parazit \u00f6zelli\u011fini ve kullan\u0131m\u0131 kolay i\u015f ak\u0131\u015f\u0131n\u0131 da vurguluyorlar. <strong>Her \u015feyden \u00f6nce<\/strong>, Afgan demiryolu projesi sadece en son ba\u015far\u0131 hikayesidir. D\u00fcnya \u00e7ap\u0131ndaki anket ekiplerinden giderek artan say\u0131da olumlu geri bildirim ald\u0131k. \u0130lk elden referanslar ve saha vaka \u00e7al\u0131\u015fmalar\u0131 i\u00e7in Spherefix YouTube kanal\u0131n\u0131 kontrol edin: <a href=\"https:\/\/youtube.com\/playlist?list=PLHHfXcS-cb5CtEXUCQHCnKdQ7kP5LpC_S&amp;si=X6Hb0s_SZAbuUHf5\" target=\"_blank\" rel=\"noopener\">https:\/\/youtube.com\/playlist?list=PLHHfXcS-cb5CtEXUCQHCnKdQ7kP5LpC_S&amp;si=X6Hb0s_SZAbuUHf5<\/a>.<\/p>\t\t\t\t\t\t\t\t<\/div>\n\t\t\t\t<\/div>\n\t\t\t\t<\/div>\n\t\t\t\t<\/div>\n\t\t\t\t<\/div>\n\t\t\t\t\t<\/div>\n\t\t\t\t<\/div>\n\t\t<div class=\"elementor-element elementor-element-923e33f e-flex e-con-boxed e-con e-parent\" data-id=\"923e33f\" data-element_type=\"container\" data-e-type=\"container\">\n\t\t\t\t\t<div class=\"e-con-inner\">\n\t\t\t\t<div class=\"elementor-element elementor-element-89d5976 elementor-widget elementor-widget-spacer\" data-id=\"89d5976\" data-element_type=\"widget\" data-e-type=\"widget\" data-widget_type=\"spacer.default\">\n\t\t\t\t<div class=\"elementor-widget-container\">\n\t\t\t\t\t\t\t<div class=\"elementor-spacer\">\n\t\t\t<div class=\"elementor-spacer-inner\"><\/div>\n\t\t<\/div>\n\t\t\t\t\t\t<\/div>\n\t\t\t\t<\/div>\n\t\t\t\t\t<\/div>\n\t\t\t\t<\/div>\n\t\t<div class=\"elementor-element elementor-element-3ae85221 e-con-full e-flex e-con e-parent\" data-id=\"3ae85221\" data-element_type=\"container\" data-e-type=\"container\" data-settings=\"{&quot;background_background&quot;:&quot;classic&quot;}\">\n\t\t<div class=\"elementor-element elementor-element-54b59c4f e-flex e-con-boxed e-con e-child\" data-id=\"54b59c4f\" data-element_type=\"container\" data-e-type=\"container\">\n\t\t\t\t\t<div class=\"e-con-inner\">\n\t\t<div class=\"elementor-element elementor-element-59c870c2 e-con-full e-flex e-con e-child\" data-id=\"59c870c2\" data-element_type=\"container\" data-e-type=\"container\">\n\t\t\t\t<div class=\"elementor-element elementor-element-3c64a5a7 elementor-widget elementor-widget-button\" data-id=\"3c64a5a7\" data-element_type=\"widget\" data-e-type=\"widget\" data-widget_type=\"button.default\">\n\t\t\t\t<div class=\"elementor-widget-container\">\n\t\t\t\t\t\t\t\t\t<div class=\"elementor-button-wrapper\">\n\t\t\t\t\t<a class=\"elementor-button elementor-button-link elementor-size-sm\" href=\"\/tr\/251107%e6%96%87%e7%ab%a0%e9%a1%b5\/\">\n\t\t\t\t\t\t<span class=\"elementor-button-content-wrapper\">\n\t\t\t\t\t\t<span class=\"elementor-button-icon\">\n\t\t\t\t<svg aria-hidden=\"true\" class=\"e-font-icon-svg e-fas-chevron-left\" viewbox=\"0 0 320 512\" xmlns=\"http:\/\/www.w3.org\/2000\/svg\"><path d=\"M34.52 239.03L228.87 44.69c9.37-9.37 24.57-9.37 33.94 0l22.67 22.67c9.36 9.36 9.37 24.52.04 33.9L131.49 256l154.02 154.75c9.34 9.38 9.32 24.54-.04 33.9l-22.67 22.67c-9.37 9.37-24.57 9.37-33.94 0L34.52 272.97c-9.37-9.37-9.37-24.57 0-33.94z\"><\/path><\/svg>\t\t\t<\/span>\n\t\t\t\t\t\t\t\t\t<span class=\"elementor-button-text\">Son Sayfa<\/span>\n\t\t\t\t\t<\/span>\n\t\t\t\t\t<\/a>\n\t\t\t\t<\/div>\n\t\t\t\t\t\t\t\t<\/div>\n\t\t\t\t<\/div>\n\t\t\t\t<\/div>\n\t\t<div class=\"elementor-element elementor-element-3326e3c6 e-con-full e-flex e-con e-child\" data-id=\"3326e3c6\" data-element_type=\"container\" data-e-type=\"container\">\n\t\t\t\t<\/div>\n\t\t<div class=\"elementor-element elementor-element-39e1b580 e-con-full e-flex e-con e-child\" data-id=\"39e1b580\" data-element_type=\"container\" data-e-type=\"container\">\n\t\t\t\t<div class=\"elementor-element elementor-element-b5a79c3 elementor-align-right elementor-widget elementor-widget-button\" data-id=\"b5a79c3\" data-element_type=\"widget\" data-e-type=\"widget\" data-widget_type=\"button.default\">\n\t\t\t\t<div class=\"elementor-widget-container\">\n\t\t\t\t\t\t\t\t\t<div class=\"elementor-button-wrapper\">\n\t\t\t\t\t<a class=\"elementor-button elementor-button-link elementor-size-sm\" href=\"\/tr\/spherefix-introduces-cutting-edge-smc-series\/\">\n\t\t\t\t\t\t<span class=\"elementor-button-content-wrapper\">\n\t\t\t\t\t\t<span class=\"elementor-button-icon\">\n\t\t\t\t<svg aria-hidden=\"true\" class=\"e-font-icon-svg e-fas-chevron-right\" viewbox=\"0 0 320 512\" xmlns=\"http:\/\/www.w3.org\/2000\/svg\"><path d=\"M285.476 272.971L91.132 467.314c-9.373 9.373-24.569 9.373-33.941 0l-22.667-22.667c-9.357-9.357-9.375-24.522-.04-33.901L188.505 256 34.484 101.255c-9.335-9.379-9.317-24.544.04-33.901l22.667-22.667c9.373-9.373 24.569-9.373 33.941 0L285.475 239.03c9.373 9.372 9.373 24.568.001 33.941z\"><\/path><\/svg>\t\t\t<\/span>\n\t\t\t\t\t\t\t\t\t<span class=\"elementor-button-text\">sonraki sayfa<\/span>\n\t\t\t\t\t<\/span>\n\t\t\t\t\t<\/a>\n\t\t\t\t<\/div>\n\t\t\t\t\t\t\t\t<\/div>\n\t\t\t\t<\/div>\n\t\t\t\t<\/div>\n\t\t\t\t\t<\/div>\n\t\t\t\t<\/div>\n\t\t\t\t<\/div>\n\t\t\t\t<\/div>","protected":false},"excerpt":{"rendered":"<p>HOME NEWS List Spherefix GNSS Receivers Assist 800-km Afghan Rail Survey Featured on TOLOnews 30 July 2025 Guangzhou, 30 July 2025 \u2013 TOLOnews recently covered the proposed Herat\u2013Spin Boldak railway. Notably, viewers saw Afghan survey teams using Spherefix GNSS receivers. They marked control points along the 800-kilometre route.\u00a0https:\/\/www.facebook.com\/share\/v\/1C9irQ8Ebf\/ Arya Khan Afghan Road Construction Logistic &amp; [&hellip;]<\/p>\n","protected":false},"author":1,"featured_media":0,"parent":0,"menu_order":0,"comment_status":"closed","ping_status":"closed","template":"","meta":{"_surecart_dashboard_logo_width":"180px","_surecart_dashboard_show_logo":true,"_surecart_dashboard_navigation_orders":true,"_surecart_dashboard_navigation_invoices":true,"_surecart_dashboard_navigation_subscriptions":true,"_surecart_dashboard_navigation_downloads":true,"_surecart_dashboard_navigation_billing":true,"_surecart_dashboard_navigation_account":true,"_uag_custom_page_level_css":"","site-sidebar-layout":"no-sidebar","site-content-layout":"page-builder","ast-site-content-layout":"full-width-container","site-content-style":"unboxed","site-sidebar-style":"unboxed","ast-global-header-display":"","ast-banner-title-visibility":"","ast-main-header-display":"","ast-hfb-above-header-display":"","ast-hfb-below-header-display":"","ast-hfb-mobile-header-display":"","site-post-title":"","ast-breadcrumbs-content":"","ast-featured-img":"disabled","footer-sml-layout":"","theme-transparent-header-meta":"","adv-header-id-meta":"","stick-header-meta":"","header-above-stick-meta":"","header-main-stick-meta":"","header-below-stick-meta":"","astra-migrate-meta-layouts":"set","ast-page-background-enabled":"default","ast-page-background-meta":{"desktop":{"background-color":"","background-image":"","background-repeat":"repeat","background-position":"center center","background-size":"auto","background-attachment":"scroll","background-type":"","background-media":"","overlay-type":"","overlay-color":"","overlay-opacity":"","overlay-gradient":""},"tablet":{"background-color":"","background-image":"","background-repeat":"repeat","background-position":"center center","background-size":"auto","background-attachment":"scroll","background-type":"","background-media":"","overlay-type":"","overlay-color":"","overlay-opacity":"","overlay-gradient":""},"mobile":{"background-color":"","background-image":"","background-repeat":"repeat","background-position":"center center","background-size":"auto","background-attachment":"scroll","background-type":"","background-media":"","overlay-type":"","overlay-color":"","overlay-opacity":"","overlay-gradient":""}},"ast-content-background-meta":{"desktop":{"background-color":"var(--ast-global-color-5)","background-image":"","background-repeat":"repeat","background-position":"center center","background-size":"auto","background-attachment":"scroll","background-type":"","background-media":"","overlay-type":"","overlay-color":"","overlay-opacity":"","overlay-gradient":""},"tablet":{"background-color":"var(--ast-global-color-5)","background-image":"","background-repeat":"repeat","background-position":"center center","background-size":"auto","background-attachment":"scroll","background-type":"","background-media":"","overlay-type":"","overlay-color":"","overlay-opacity":"","overlay-gradient":""},"mobile":{"background-color":"var(--ast-global-color-5)","background-image":"","background-repeat":"repeat","background-position":"center center","background-size":"auto","background-attachment":"scroll","background-type":"","background-media":"","overlay-type":"","overlay-color":"","overlay-opacity":"","overlay-gradient":""}},"footnotes":""},"class_list":["post-7633","page","type-page","status-publish","hentry"],"_hostinger_reach_plugin_has_subscription_block":false,"_hostinger_reach_plugin_is_elementor":false,"uagb_featured_image_src":{"full":false,"thumbnail":false,"medium":false,"medium_large":false,"large":false,"1536x1536":false,"2048x2048":false,"trp-custom-language-flag":false,"woocommerce_thumbnail":false,"woocommerce_single":false,"woocommerce_gallery_thumbnail":false},"uagb_author_info":{"display_name":"jeffreyrtk@gmail.com","author_link":"https:\/\/spherefixgnssrtk.com\/tr\/author\/jeffreyrtkgmail-com\/"},"uagb_comment_info":0,"uagb_excerpt":"HOME NEWS List Spherefix GNSS Receivers Assist 800-km Afghan Rail Survey Featured on TOLOnews 30 July 2025 Guangzhou, 30 July 2025 \u2013 TOLOnews recently covered the proposed Herat\u2013Spin Boldak railway. Notably, viewers saw Afghan survey teams using Spherefix GNSS receivers. They marked control points along the 800-kilometre route.\u00a0https:\/\/www.facebook.com\/share\/v\/1C9irQ8Ebf\/ Arya Khan Afghan Road Construction Logistic &amp;&hellip;","_links":{"self":[{"href":"https:\/\/spherefixgnssrtk.com\/tr\/wp-json\/wp\/v2\/pages\/7633","targetHints":{"allow":["GET"]}}],"collection":[{"href":"https:\/\/spherefixgnssrtk.com\/tr\/wp-json\/wp\/v2\/pages"}],"about":[{"href":"https:\/\/spherefixgnssrtk.com\/tr\/wp-json\/wp\/v2\/types\/page"}],"author":[{"embeddable":true,"href":"https:\/\/spherefixgnssrtk.com\/tr\/wp-json\/wp\/v2\/users\/1"}],"replies":[{"embeddable":true,"href":"https:\/\/spherefixgnssrtk.com\/tr\/wp-json\/wp\/v2\/comments?post=7633"}],"version-history":[{"count":38,"href":"https:\/\/spherefixgnssrtk.com\/tr\/wp-json\/wp\/v2\/pages\/7633\/revisions"}],"predecessor-version":[{"id":10484,"href":"https:\/\/spherefixgnssrtk.com\/tr\/wp-json\/wp\/v2\/pages\/7633\/revisions\/10484"}],"wp:attachment":[{"href":"https:\/\/spherefixgnssrtk.com\/tr\/wp-json\/wp\/v2\/media?parent=7633"}],"curies":[{"name":"wp","href":"https:\/\/api.w.org\/{rel}","templated":true}]}}