{"id":7871,"date":"2025-12-03T08:22:04","date_gmt":"2025-12-03T08:22:04","guid":{"rendered":"https:\/\/spherefixgnssrtk.com\/?post_type=product&#038;p=7871"},"modified":"2026-03-31T17:00:13","modified_gmt":"2026-03-31T09:00:13","slug":"s66ufh-lite-gnss-receiver","status":"publish","type":"product","link":"https:\/\/spherefixgnssrtk.com\/fr\/product\/s66ufh-lite-gnss-receiver\/","title":{"rendered":"S66UFH-Lite R\u00e9cepteur GNSS"},"content":{"rendered":"<p>S66UFH-Lite est un r\u00e9cepteur GNSS miniaturis\u00e9 bas\u00e9 sur le syst\u00e8me d'augmentation terrestre Beidou et d\u00e9velopp\u00e9 de mani\u00e8re totalement ind\u00e9pendante. Il est \u00e9quip\u00e9 d'un syst\u00e8me d'exploitation Linux int\u00e9gr\u00e9, d'une vari\u00e9t\u00e9 de types d'interfaces, de diverses m\u00e9thodes de communication et d'une grande capacit\u00e9 de stockage de donn\u00e9es. Il prend en charge la solution directionnelle \u00e0 double antenne et la fonction de sortie diff\u00e9rentielle ind\u00e9pendante \u00e0 double antenne aux points de syst\u00e8me complet et de fr\u00e9quence compl\u00e8te. Il est largement utilis\u00e9 dans des domaines tels que la conduite automatique, le contr\u00f4le m\u00e9canique et la mesure de la posture du mouvement.<\/p>","protected":false},"excerpt":{"rendered":"<p>S66UFH-Lite is a miniaturized GNSS receiver based on the Beidou ground-based augmentation system and is completely independently developed. It is equipped with a built-in Linux operating system, with a variety of interface types, diverse communication methods, supporting large capacity data storage. It supports dual-antenna directional solution and dual-antenna independent differential output function at full-system and [&hellip;]<\/p>\n","protected":false},"featured_media":7873,"comment_status":"open","ping_status":"closed","template":"","meta":{"_surecart_dashboard_logo_width":"180px","_surecart_dashboard_show_logo":true,"_surecart_dashboard_navigation_orders":true,"_surecart_dashboard_navigation_invoices":true,"_surecart_dashboard_navigation_subscriptions":true,"_surecart_dashboard_navigation_downloads":true,"_surecart_dashboard_navigation_billing":true,"_surecart_dashboard_navigation_account":true,"_uag_custom_page_level_css":"","site-sidebar-layout":"default","site-content-layout":"","ast-site-content-layout":"default","site-content-style":"default","site-sidebar-style":"default","ast-global-header-display":"","ast-banner-title-visibility":"","ast-main-header-display":"","ast-hfb-above-header-display":"","ast-hfb-below-header-display":"","ast-hfb-mobile-header-display":"","site-post-title":"","ast-breadcrumbs-content":"","ast-featured-img":"","footer-sml-layout":"","theme-transparent-header-meta":"default","adv-header-id-meta":"","stick-header-meta":"","header-above-stick-meta":"","header-main-stick-meta":"","header-below-stick-meta":"","astra-migrate-meta-layouts":"set","ast-page-background-enabled":"default","ast-page-background-meta":{"desktop":{"background-color":"","background-image":"","background-repeat":"repeat","background-position":"center center","background-size":"auto","background-attachment":"scroll","background-type":"","background-media":"","overlay-type":"","overlay-color":"","overlay-opacity":"","overlay-gradient":""},"tablet":{"background-color":"","background-image":"","background-repeat":"repeat","background-position":"center center","background-size":"auto","background-attachment":"scroll","background-type":"","background-media":"","overlay-type":"","overlay-color":"","overlay-opacity":"","overlay-gradient":""},"mobile":{"background-color":"","background-image":"","background-repeat":"repeat","background-position":"center center","background-size":"auto","background-attachment":"scroll","background-type":"","background-media":"","overlay-type":"","overlay-color":"","overlay-opacity":"","overlay-gradient":""}},"ast-content-background-meta":{"desktop":{"background-color":"var(--ast-global-color-5)","background-image":"","background-repeat":"repeat","background-position":"center center","background-size":"auto","background-attachment":"scroll","background-type":"","background-media":"","overlay-type":"","overlay-color":"","overlay-opacity":"","overlay-gradient":""},"tablet":{"background-color":"var(--ast-global-color-5)","background-image":"","background-repeat":"repeat","background-position":"center center","background-size":"auto","background-attachment":"scroll","background-type":"","background-media":"","overlay-type":"","overlay-color":"","overlay-opacity":"","overlay-gradient":""},"mobile":{"background-color":"var(--ast-global-color-5)","background-image":"","background-repeat":"repeat","background-position":"center center","background-size":"auto","background-attachment":"scroll","background-type":"","background-media":"","overlay-type":"","overlay-color":"","overlay-opacity":"","overlay-gradient":""}}},"product_brand":[],"product_cat":[35],"product_tag":[36,37,48],"class_list":{"0":"post-7871","1":"product","2":"type-product","3":"status-publish","4":"has-post-thumbnail","6":"product_cat-gnss-receiver","7":"product_tag-gnss-receiver","8":"product_tag-rtk","9":"product_tag-s66ufh-lite","10":"desktop-align-left","11":"tablet-align-left","12":"mobile-align-left","14":"first","15":"outofstock","16":"sale","17":"shipping-taxable","18":"purchasable","19":"product-type-simple"},"uagb_featured_image_src":{"full":["https:\/\/spherefixgnssrtk.com\/wp-content\/uploads\/2025\/12\/S66Lite-UF.png",958,958,false],"thumbnail":["https:\/\/spherefixgnssrtk.com\/wp-content\/uploads\/2025\/12\/S66Lite-UF-150x150.png",150,150,true],"medium":["https:\/\/spherefixgnssrtk.com\/wp-content\/uploads\/2025\/12\/S66Lite-UF-300x300.png",300,300,true],"medium_large":["https:\/\/spherefixgnssrtk.com\/wp-content\/uploads\/2025\/12\/S66Lite-UF-768x768.png",768,768,true],"large":["https:\/\/spherefixgnssrtk.com\/wp-content\/uploads\/2025\/12\/S66Lite-UF.png",958,958,false],"1536x1536":["https:\/\/spherefixgnssrtk.com\/wp-content\/uploads\/2025\/12\/S66Lite-UF.png",958,958,false],"2048x2048":["https:\/\/spherefixgnssrtk.com\/wp-content\/uploads\/2025\/12\/S66Lite-UF.png",958,958,false],"trp-custom-language-flag":["https:\/\/spherefixgnssrtk.com\/wp-content\/uploads\/2025\/12\/S66Lite-UF.png",12,12,false],"woocommerce_thumbnail":["https:\/\/spherefixgnssrtk.com\/wp-content\/uploads\/2025\/12\/S66Lite-UF-300x300.png",300,300,true],"woocommerce_single":["https:\/\/spherefixgnssrtk.com\/wp-content\/uploads\/2025\/12\/S66Lite-UF-600x600.png",600,600,true],"woocommerce_gallery_thumbnail":["https:\/\/spherefixgnssrtk.com\/wp-content\/uploads\/2025\/12\/S66Lite-UF-100x100.png",100,100,true]},"uagb_author_info":{"display_name":"jeffreyrtk@gmail.com","author_link":"https:\/\/spherefixgnssrtk.com\/fr\/author\/"},"uagb_comment_info":0,"uagb_excerpt":"S66UFH-Lite is a miniaturized GNSS receiver based on the Beidou ground-based augmentation system and is completely independently developed. It is equipped with a built-in Linux operating system, with a variety of interface types, diverse communication methods, supporting large capacity data storage. It supports dual-antenna directional solution and dual-antenna independent differential output function at full-system and\u2026","_links":{"self":[{"href":"https:\/\/spherefixgnssrtk.com\/fr\/wp-json\/wp\/v2\/product\/7871","targetHints":{"allow":["GET"]}}],"collection":[{"href":"https:\/\/spherefixgnssrtk.com\/fr\/wp-json\/wp\/v2\/product"}],"about":[{"href":"https:\/\/spherefixgnssrtk.com\/fr\/wp-json\/wp\/v2\/types\/product"}],"replies":[{"embeddable":true,"href":"https:\/\/spherefixgnssrtk.com\/fr\/wp-json\/wp\/v2\/comments?post=7871"}],"version-history":[{"count":1,"href":"https:\/\/spherefixgnssrtk.com\/fr\/wp-json\/wp\/v2\/product\/7871\/revisions"}],"predecessor-version":[{"id":7872,"href":"https:\/\/spherefixgnssrtk.com\/fr\/wp-json\/wp\/v2\/product\/7871\/revisions\/7872"}],"wp:featuredmedia":[{"embeddable":true,"href":"https:\/\/spherefixgnssrtk.com\/fr\/wp-json\/wp\/v2\/media\/7873"}],"wp:attachment":[{"href":"https:\/\/spherefixgnssrtk.com\/fr\/wp-json\/wp\/v2\/media?parent=7871"}],"wp:term":[{"taxonomy":"product_brand","embeddable":true,"href":"https:\/\/spherefixgnssrtk.com\/fr\/wp-json\/wp\/v2\/product_brand?post=7871"},{"taxonomy":"product_cat","embeddable":true,"href":"https:\/\/spherefixgnssrtk.com\/fr\/wp-json\/wp\/v2\/product_cat?post=7871"},{"taxonomy":"product_tag","embeddable":true,"href":"https:\/\/spherefixgnssrtk.com\/fr\/wp-json\/wp\/v2\/product_tag?post=7871"}],"curies":[{"name":"wp","href":"https:\/\/api.w.org\/{rel}","templated":true}]}}