{"id":6730,"date":"2025-11-19T09:25:56","date_gmt":"2025-11-19T09:25:56","guid":{"rendered":"https:\/\/spherefixgnssrtk.com\/?post_type=product&#038;p=6730"},"modified":"2026-03-31T17:08:19","modified_gmt":"2026-03-31T09:08:19","slug":"sag10-autonomous-steering-system","status":"publish","type":"product","link":"https:\/\/spherefixgnssrtk.com\/fr\/product\/sag10-autonomous-steering-system\/","title":{"rendered":"SAG10 Syst\u00e8me de direction autonome"},"content":{"rendered":"<p>Le SAG10 est un syst\u00e8me de direction autonome pour les machines agricoles. Il utilise un syst\u00e8me de positionnement par satellite de haute pr\u00e9cision pour localiser le v\u00e9hicule avec une pr\u00e9cision de l'ordre du centim\u00e8tre et utilise la technologie avanc\u00e9e des servomoteurs \u00e0 courant continu pour le contr\u00f4le de la direction. Il est dot\u00e9 d'un contr\u00f4leur int\u00e9gr\u00e9 qui comprend des modules 4G, IMU, radio UHF et de positionnement par satellite, garantissant un fonctionnement autonome de haute pr\u00e9cision et une facilit\u00e9 d'installation et de transfert sur diff\u00e9rents v\u00e9hicules. Adapt\u00e9 aux t\u00e2ches agricoles telles que l'ensemencement, la r\u00e9colte et la pulv\u00e9risation, le SAG10 am\u00e9liore l'efficacit\u00e9 du travail et le rendement des cultures tout en r\u00e9duisant la consommation de carburant et les co\u00fbts de main-d'\u0153uvre.<\/p>","protected":false},"excerpt":{"rendered":"<p>SAG10 is an autonomous steering system for agricultural machinery. It employs high-precision satellite positioning to achieve centimeter-level accuracy in vehicle location and uses advanced DC servo motor technology for steering control. It features an integrated controller that includes with 4G, IMU, UHF radio, and satellite positioning modules, ensuring high-precision autonomous operation and ease of installation [&hellip;]<\/p>\n","protected":false},"featured_media":6732,"comment_status":"open","ping_status":"closed","template":"","meta":{"_surecart_dashboard_logo_width":"180px","_surecart_dashboard_show_logo":true,"_surecart_dashboard_navigation_orders":true,"_surecart_dashboard_navigation_invoices":true,"_surecart_dashboard_navigation_subscriptions":true,"_surecart_dashboard_navigation_downloads":true,"_surecart_dashboard_navigation_billing":true,"_surecart_dashboard_navigation_account":true,"_uag_custom_page_level_css":"","site-sidebar-layout":"default","site-content-layout":"","ast-site-content-layout":"default","site-content-style":"default","site-sidebar-style":"default","ast-global-header-display":"","ast-banner-title-visibility":"","ast-main-header-display":"","ast-hfb-above-header-display":"","ast-hfb-below-header-display":"","ast-hfb-mobile-header-display":"","site-post-title":"","ast-breadcrumbs-content":"","ast-featured-img":"","footer-sml-layout":"","theme-transparent-header-meta":"default","adv-header-id-meta":"","stick-header-meta":"","header-above-stick-meta":"","header-main-stick-meta":"","header-below-stick-meta":"","astra-migrate-meta-layouts":"set","ast-page-background-enabled":"default","ast-page-background-meta":{"desktop":{"background-color":"","background-image":"","background-repeat":"repeat","background-position":"center center","background-size":"auto","background-attachment":"scroll","background-type":"","background-media":"","overlay-type":"","overlay-color":"","overlay-opacity":"","overlay-gradient":""},"tablet":{"background-color":"","background-image":"","background-repeat":"repeat","background-position":"center center","background-size":"auto","background-attachment":"scroll","background-type":"","background-media":"","overlay-type":"","overlay-color":"","overlay-opacity":"","overlay-gradient":""},"mobile":{"background-color":"","background-image":"","background-repeat":"repeat","background-position":"center center","background-size":"auto","background-attachment":"scroll","background-type":"","background-media":"","overlay-type":"","overlay-color":"","overlay-opacity":"","overlay-gradient":""}},"ast-content-background-meta":{"desktop":{"background-color":"var(--ast-global-color-5)","background-image":"","background-repeat":"repeat","background-position":"center center","background-size":"auto","background-attachment":"scroll","background-type":"","background-media":"","overlay-type":"","overlay-color":"","overlay-opacity":"","overlay-gradient":""},"tablet":{"background-color":"var(--ast-global-color-5)","background-image":"","background-repeat":"repeat","background-position":"center center","background-size":"auto","background-attachment":"scroll","background-type":"","background-media":"","overlay-type":"","overlay-color":"","overlay-opacity":"","overlay-gradient":""},"mobile":{"background-color":"var(--ast-global-color-5)","background-image":"","background-repeat":"repeat","background-position":"center center","background-size":"auto","background-attachment":"scroll","background-type":"","background-media":"","overlay-type":"","overlay-color":"","overlay-opacity":"","overlay-gradient":""}}},"product_brand":[],"product_cat":[39],"product_tag":[42],"class_list":{"0":"post-6730","1":"product","2":"type-product","3":"status-publish","4":"has-post-thumbnail","6":"product_cat-precision-agriculture","7":"product_tag-sag10","8":"desktop-align-left","9":"tablet-align-left","10":"mobile-align-left","12":"first","13":"outofstock","14":"sale","15":"shipping-taxable","16":"purchasable","17":"product-type-simple"},"uagb_featured_image_src":{"full":["https:\/\/spherefixgnssrtk.com\/wp-content\/uploads\/2025\/11\/SAG10\u4e3b\u56fe.png",1464,1068,false],"thumbnail":["https:\/\/spherefixgnssrtk.com\/wp-content\/uploads\/2025\/11\/SAG10\u4e3b\u56fe-150x150.png",150,150,true],"medium":["https:\/\/spherefixgnssrtk.com\/wp-content\/uploads\/2025\/11\/SAG10\u4e3b\u56fe-300x219.png",300,219,true],"medium_large":["https:\/\/spherefixgnssrtk.com\/wp-content\/uploads\/2025\/11\/SAG10\u4e3b\u56fe-768x560.png",768,560,true],"large":["https:\/\/spherefixgnssrtk.com\/wp-content\/uploads\/2025\/11\/SAG10\u4e3b\u56fe-1024x747.png",1024,747,true],"1536x1536":["https:\/\/spherefixgnssrtk.com\/wp-content\/uploads\/2025\/11\/SAG10\u4e3b\u56fe.png",1464,1068,false],"2048x2048":["https:\/\/spherefixgnssrtk.com\/wp-content\/uploads\/2025\/11\/SAG10\u4e3b\u56fe.png",1464,1068,false],"trp-custom-language-flag":["https:\/\/spherefixgnssrtk.com\/wp-content\/uploads\/2025\/11\/SAG10\u4e3b\u56fe.png",16,12,false],"woocommerce_thumbnail":["https:\/\/spherefixgnssrtk.com\/wp-content\/uploads\/2025\/11\/SAG10\u4e3b\u56fe-300x300.png",300,300,true],"woocommerce_single":["https:\/\/spherefixgnssrtk.com\/wp-content\/uploads\/2025\/11\/SAG10\u4e3b\u56fe-600x438.png",600,438,true],"woocommerce_gallery_thumbnail":["https:\/\/spherefixgnssrtk.com\/wp-content\/uploads\/2025\/11\/SAG10\u4e3b\u56fe-100x100.png",100,100,true]},"uagb_author_info":{"display_name":"jeffreyrtk@gmail.com","author_link":"https:\/\/spherefixgnssrtk.com\/fr\/author\/"},"uagb_comment_info":0,"uagb_excerpt":"SAG10 is an autonomous steering system for agricultural machinery. It employs high-precision satellite positioning to achieve centimeter-level accuracy in vehicle location and uses advanced DC servo motor technology for steering control. It features an integrated controller that includes with 4G, IMU, UHF radio, and satellite positioning modules, ensuring high-precision autonomous operation and ease of installation\u2026","_links":{"self":[{"href":"https:\/\/spherefixgnssrtk.com\/fr\/wp-json\/wp\/v2\/product\/6730","targetHints":{"allow":["GET"]}}],"collection":[{"href":"https:\/\/spherefixgnssrtk.com\/fr\/wp-json\/wp\/v2\/product"}],"about":[{"href":"https:\/\/spherefixgnssrtk.com\/fr\/wp-json\/wp\/v2\/types\/product"}],"replies":[{"embeddable":true,"href":"https:\/\/spherefixgnssrtk.com\/fr\/wp-json\/wp\/v2\/comments?post=6730"}],"version-history":[{"count":1,"href":"https:\/\/spherefixgnssrtk.com\/fr\/wp-json\/wp\/v2\/product\/6730\/revisions"}],"predecessor-version":[{"id":7280,"href":"https:\/\/spherefixgnssrtk.com\/fr\/wp-json\/wp\/v2\/product\/6730\/revisions\/7280"}],"wp:featuredmedia":[{"embeddable":true,"href":"https:\/\/spherefixgnssrtk.com\/fr\/wp-json\/wp\/v2\/media\/6732"}],"wp:attachment":[{"href":"https:\/\/spherefixgnssrtk.com\/fr\/wp-json\/wp\/v2\/media?parent=6730"}],"wp:term":[{"taxonomy":"product_brand","embeddable":true,"href":"https:\/\/spherefixgnssrtk.com\/fr\/wp-json\/wp\/v2\/product_brand?post=6730"},{"taxonomy":"product_cat","embeddable":true,"href":"https:\/\/spherefixgnssrtk.com\/fr\/wp-json\/wp\/v2\/product_cat?post=6730"},{"taxonomy":"product_tag","embeddable":true,"href":"https:\/\/spherefixgnssrtk.com\/fr\/wp-json\/wp\/v2\/product_tag?post=6730"}],"curies":[{"name":"wp","href":"https:\/\/api.w.org\/{rel}","templated":true}]}}