{"id":8044,"date":"2025-12-05T03:58:36","date_gmt":"2025-12-05T03:58:36","guid":{"rendered":"https:\/\/spherefixgnssrtk.com\/?post_type=product&#038;p=8044"},"modified":"2026-03-31T16:48:32","modified_gmt":"2026-03-31T08:48:32","slug":"sp35se-gnss-receiver","status":"publish","type":"product","link":"https:\/\/spherefixgnssrtk.com\/es\/product\/sp35se-gnss-receiver\/","title":{"rendered":"Receptor GNSS SP35Se"},"content":{"rendered":"<p>SP35Se es un receptor GNSS multifunci\u00f3n compatible con el sistema operativo Linux, capaz de recibir se\u00f1ales de todos los sistemas de sat\u00e9lites. Su motor de medici\u00f3n de \u00faltima generaci\u00f3n admite la medici\u00f3n de inclinaci\u00f3n y cuenta con la funci\u00f3n de replanteo en escena real AR. Equipado con comunicaci\u00f3n de red completa 4G integrada, Bluetooth, Wi-Fi y una radio LoRa de 1,5 W. SP35Se ofrece una rentabilidad excepcional, combinando portabilidad y durabilidad, lo que lo convierte en la mejor opci\u00f3n para una herramienta topogr\u00e1fica b\u00e1sica de doble uso.<\/p>","protected":false},"excerpt":{"rendered":"<p>SP35Se is a multi-functional GNSS receiver supporting the Linux operating system, capable of receiving signals from all satellite systems. Its next-generation measurement engine supports tilt measurement and features AR real-scene stakeout functionality. Equipped with built-in 4G full-network communication, Bluetooth, Wi-Fi, and a 1.5W LoRa radio. SP35Se offers exceptional cost-effectiveness, combining portability with durability, making it [&hellip;]<\/p>\n","protected":false},"featured_media":8045,"comment_status":"open","ping_status":"closed","template":"","meta":{"_surecart_dashboard_logo_width":"180px","_surecart_dashboard_show_logo":true,"_surecart_dashboard_navigation_orders":true,"_surecart_dashboard_navigation_invoices":true,"_surecart_dashboard_navigation_subscriptions":true,"_surecart_dashboard_navigation_downloads":true,"_surecart_dashboard_navigation_billing":true,"_surecart_dashboard_navigation_account":true,"_uag_custom_page_level_css":"","site-sidebar-layout":"default","site-content-layout":"","ast-site-content-layout":"default","site-content-style":"default","site-sidebar-style":"default","ast-global-header-display":"","ast-banner-title-visibility":"","ast-main-header-display":"","ast-hfb-above-header-display":"","ast-hfb-below-header-display":"","ast-hfb-mobile-header-display":"","site-post-title":"","ast-breadcrumbs-content":"","ast-featured-img":"","footer-sml-layout":"","theme-transparent-header-meta":"default","adv-header-id-meta":"","stick-header-meta":"","header-above-stick-meta":"","header-main-stick-meta":"","header-below-stick-meta":"","astra-migrate-meta-layouts":"set","ast-page-background-enabled":"default","ast-page-background-meta":{"desktop":{"background-color":"","background-image":"","background-repeat":"repeat","background-position":"center center","background-size":"auto","background-attachment":"scroll","background-type":"","background-media":"","overlay-type":"","overlay-color":"","overlay-opacity":"","overlay-gradient":""},"tablet":{"background-color":"","background-image":"","background-repeat":"repeat","background-position":"center center","background-size":"auto","background-attachment":"scroll","background-type":"","background-media":"","overlay-type":"","overlay-color":"","overlay-opacity":"","overlay-gradient":""},"mobile":{"background-color":"","background-image":"","background-repeat":"repeat","background-position":"center center","background-size":"auto","background-attachment":"scroll","background-type":"","background-media":"","overlay-type":"","overlay-color":"","overlay-opacity":"","overlay-gradient":""}},"ast-content-background-meta":{"desktop":{"background-color":"var(--ast-global-color-5)","background-image":"","background-repeat":"repeat","background-position":"center center","background-size":"auto","background-attachment":"scroll","background-type":"","background-media":"","overlay-type":"","overlay-color":"","overlay-opacity":"","overlay-gradient":""},"tablet":{"background-color":"var(--ast-global-color-5)","background-image":"","background-repeat":"repeat","background-position":"center center","background-size":"auto","background-attachment":"scroll","background-type":"","background-media":"","overlay-type":"","overlay-color":"","overlay-opacity":"","overlay-gradient":""},"mobile":{"background-color":"var(--ast-global-color-5)","background-image":"","background-repeat":"repeat","background-position":"center center","background-size":"auto","background-attachment":"scroll","background-type":"","background-media":"","overlay-type":"","overlay-color":"","overlay-opacity":"","overlay-gradient":""}}},"product_brand":[],"product_cat":[35],"product_tag":[36,37,65],"class_list":{"0":"post-8044","1":"product","2":"type-product","3":"status-publish","4":"has-post-thumbnail","6":"product_cat-gnss-receiver","7":"product_tag-gnss-receiver","8":"product_tag-rtk","9":"product_tag-sp35se","10":"desktop-align-left","11":"tablet-align-left","12":"mobile-align-left","14":"first","15":"outofstock","16":"sale","17":"shipping-taxable","18":"purchasable","19":"product-type-simple"},"uagb_featured_image_src":{"full":["https:\/\/spherefixgnssrtk.com\/wp-content\/uploads\/2025\/12\/\u672a\u547d\u540d2.png",1920,1603,false],"thumbnail":["https:\/\/spherefixgnssrtk.com\/wp-content\/uploads\/2025\/12\/\u672a\u547d\u540d2-150x150.png",150,150,true],"medium":["https:\/\/spherefixgnssrtk.com\/wp-content\/uploads\/2025\/12\/\u672a\u547d\u540d2-300x250.png",300,250,true],"medium_large":["https:\/\/spherefixgnssrtk.com\/wp-content\/uploads\/2025\/12\/\u672a\u547d\u540d2-768x641.png",768,641,true],"large":["https:\/\/spherefixgnssrtk.com\/wp-content\/uploads\/2025\/12\/\u672a\u547d\u540d2-1024x855.png",1024,855,true],"1536x1536":["https:\/\/spherefixgnssrtk.com\/wp-content\/uploads\/2025\/12\/\u672a\u547d\u540d2-1536x1282.png",1536,1282,true],"2048x2048":["https:\/\/spherefixgnssrtk.com\/wp-content\/uploads\/2025\/12\/\u672a\u547d\u540d2.png",1920,1603,false],"trp-custom-language-flag":["https:\/\/spherefixgnssrtk.com\/wp-content\/uploads\/2025\/12\/\u672a\u547d\u540d2.png",14,12,false],"woocommerce_thumbnail":["https:\/\/spherefixgnssrtk.com\/wp-content\/uploads\/2025\/12\/\u672a\u547d\u540d2-300x300.png",300,300,true],"woocommerce_single":["https:\/\/spherefixgnssrtk.com\/wp-content\/uploads\/2025\/12\/\u672a\u547d\u540d2-600x501.png",600,501,true],"woocommerce_gallery_thumbnail":["https:\/\/spherefixgnssrtk.com\/wp-content\/uploads\/2025\/12\/\u672a\u547d\u540d2-100x100.png",100,100,true]},"uagb_author_info":{"display_name":"jeffreyrtk@gmail.com","author_link":"https:\/\/spherefixgnssrtk.com\/es\/author\/"},"uagb_comment_info":0,"uagb_excerpt":"SP35Se is a multi-functional GNSS receiver supporting the Linux operating system, capable of receiving signals from all satellite systems. Its next-generation measurement engine supports tilt measurement and features AR real-scene stakeout functionality. Equipped with built-in 4G full-network communication, Bluetooth, Wi-Fi, and a 1.5W LoRa radio. SP35Se offers exceptional cost-effectiveness, combining portability with durability, making it&hellip;","_links":{"self":[{"href":"https:\/\/spherefixgnssrtk.com\/es\/wp-json\/wp\/v2\/product\/8044","targetHints":{"allow":["GET"]}}],"collection":[{"href":"https:\/\/spherefixgnssrtk.com\/es\/wp-json\/wp\/v2\/product"}],"about":[{"href":"https:\/\/spherefixgnssrtk.com\/es\/wp-json\/wp\/v2\/types\/product"}],"replies":[{"embeddable":true,"href":"https:\/\/spherefixgnssrtk.com\/es\/wp-json\/wp\/v2\/comments?post=8044"}],"version-history":[{"count":1,"href":"https:\/\/spherefixgnssrtk.com\/es\/wp-json\/wp\/v2\/product\/8044\/revisions"}],"predecessor-version":[{"id":8048,"href":"https:\/\/spherefixgnssrtk.com\/es\/wp-json\/wp\/v2\/product\/8044\/revisions\/8048"}],"wp:featuredmedia":[{"embeddable":true,"href":"https:\/\/spherefixgnssrtk.com\/es\/wp-json\/wp\/v2\/media\/8045"}],"wp:attachment":[{"href":"https:\/\/spherefixgnssrtk.com\/es\/wp-json\/wp\/v2\/media?parent=8044"}],"wp:term":[{"taxonomy":"product_brand","embeddable":true,"href":"https:\/\/spherefixgnssrtk.com\/es\/wp-json\/wp\/v2\/product_brand?post=8044"},{"taxonomy":"product_cat","embeddable":true,"href":"https:\/\/spherefixgnssrtk.com\/es\/wp-json\/wp\/v2\/product_cat?post=8044"},{"taxonomy":"product_tag","embeddable":true,"href":"https:\/\/spherefixgnssrtk.com\/es\/wp-json\/wp\/v2\/product_tag?post=8044"}],"curies":[{"name":"wp","href":"https:\/\/api.w.org\/{rel}","templated":true}]}}