{"id":7921,"date":"2025-12-04T02:47:58","date_gmt":"2025-12-04T02:47:58","guid":{"rendered":"https:\/\/spherefixgnssrtk.com\/?post_type=product&#038;p=7921"},"modified":"2026-03-31T16:55:18","modified_gmt":"2026-03-31T08:55:18","slug":"sp8635-external-digital-radio","status":"publish","type":"product","link":"https:\/\/spherefixgnssrtk.com\/es\/product\/sp8635-external-digital-radio\/","title":{"rendered":"SP8635 Radio digital externa"},"content":{"rendered":"<p>SP8635 es un transceptor de radio externo de alta potencia desarrollado espec\u00edficamente para el mercado de la topograf\u00eda y la cartograf\u00eda, que se caracteriza por su largo alcance de comunicaci\u00f3n, bajo consumo de energ\u00eda, inteligencia y dise\u00f1o humanizado. Cuenta principalmente con una pantalla OLED de alta definici\u00f3n, compatibilidad con men\u00fas, reconocimiento inteligente de la velocidad de transmisi\u00f3n del puerto serie, reconocimiento inteligente del estado de encendido, detecci\u00f3n de interferencias y funciones de control remoto.<\/p>","protected":false},"excerpt":{"rendered":"<div data-page-id=\"Me9ZfE8UfdvxP9cEDaYcecS4nsd\" data-lark-html-role=\"root\" data-docx-has-block-data=\"false\">\n<div class=\"ace-line ace-line old-record-id-FEh1fiinZdvTejcgN1Nc3QoHnJc\">SP8635 External Digital Radio is a professional high-power transceiver specially designed for surveying and mapping engineering, tailored to meet the harsh demands of outdoor field operations. This dedicated communication device perfectly balances high-power signal output and ultra-long transmission range, ensuring stable and reliable data transmission even in complex terrains such as mountains, suburbs and remote construction sites, breaking through distance limitations for field survey work. Meanwhile, it adopts optimized low-power circuit design, effectively extending battery life and reducing the trouble of frequent charging during long-term outdoor tasks, perfectly adapting to off-grid field working scenarios.<\/div>\n<\/div>","protected":false},"featured_media":7922,"comment_status":"open","ping_status":"closed","template":"","meta":{"_surecart_dashboard_logo_width":"180px","_surecart_dashboard_show_logo":true,"_surecart_dashboard_navigation_orders":true,"_surecart_dashboard_navigation_invoices":true,"_surecart_dashboard_navigation_subscriptions":true,"_surecart_dashboard_navigation_downloads":true,"_surecart_dashboard_navigation_billing":true,"_surecart_dashboard_navigation_account":true,"_uag_custom_page_level_css":"","site-sidebar-layout":"default","site-content-layout":"","ast-site-content-layout":"default","site-content-style":"default","site-sidebar-style":"default","ast-global-header-display":"","ast-banner-title-visibility":"","ast-main-header-display":"","ast-hfb-above-header-display":"","ast-hfb-below-header-display":"","ast-hfb-mobile-header-display":"","site-post-title":"","ast-breadcrumbs-content":"","ast-featured-img":"","footer-sml-layout":"","theme-transparent-header-meta":"default","adv-header-id-meta":"","stick-header-meta":"","header-above-stick-meta":"","header-main-stick-meta":"","header-below-stick-meta":"","astra-migrate-meta-layouts":"set","ast-page-background-enabled":"default","ast-page-background-meta":{"desktop":{"background-color":"","background-image":"","background-repeat":"repeat","background-position":"center center","background-size":"auto","background-attachment":"scroll","background-type":"","background-media":"","overlay-type":"","overlay-color":"","overlay-opacity":"","overlay-gradient":""},"tablet":{"background-color":"","background-image":"","background-repeat":"repeat","background-position":"center center","background-size":"auto","background-attachment":"scroll","background-type":"","background-media":"","overlay-type":"","overlay-color":"","overlay-opacity":"","overlay-gradient":""},"mobile":{"background-color":"","background-image":"","background-repeat":"repeat","background-position":"center center","background-size":"auto","background-attachment":"scroll","background-type":"","background-media":"","overlay-type":"","overlay-color":"","overlay-opacity":"","overlay-gradient":""}},"ast-content-background-meta":{"desktop":{"background-color":"var(--ast-global-color-5)","background-image":"","background-repeat":"repeat","background-position":"center center","background-size":"auto","background-attachment":"scroll","background-type":"","background-media":"","overlay-type":"","overlay-color":"","overlay-opacity":"","overlay-gradient":""},"tablet":{"background-color":"var(--ast-global-color-5)","background-image":"","background-repeat":"repeat","background-position":"center center","background-size":"auto","background-attachment":"scroll","background-type":"","background-media":"","overlay-type":"","overlay-color":"","overlay-opacity":"","overlay-gradient":""},"mobile":{"background-color":"var(--ast-global-color-5)","background-image":"","background-repeat":"repeat","background-position":"center center","background-size":"auto","background-attachment":"scroll","background-type":"","background-media":"","overlay-type":"","overlay-color":"","overlay-opacity":"","overlay-gradient":""}}},"product_brand":[],"product_cat":[53,35],"product_tag":[50,55,36,37,54],"class_list":{"0":"post-7921","1":"product","2":"type-product","3":"status-publish","4":"has-post-thumbnail","6":"product_cat-datalink","7":"product_cat-gnss-receiver","8":"product_tag-data-controller","9":"product_tag-external-digital-radio","10":"product_tag-gnss-receiver","11":"product_tag-rtk","12":"product_tag-sp8635","13":"desktop-align-left","14":"tablet-align-left","15":"mobile-align-left","17":"first","18":"outofstock","19":"sale","20":"shipping-taxable","21":"purchasable","22":"product-type-simple"},"uagb_featured_image_src":{"full":["https:\/\/spherefixgnssrtk.com\/wp-content\/uploads\/2025\/12\/SP8635-\u6b63.png",958,958,false],"thumbnail":["https:\/\/spherefixgnssrtk.com\/wp-content\/uploads\/2025\/12\/SP8635-\u6b63-150x150.png",150,150,true],"medium":["https:\/\/spherefixgnssrtk.com\/wp-content\/uploads\/2025\/12\/SP8635-\u6b63-300x300.png",300,300,true],"medium_large":["https:\/\/spherefixgnssrtk.com\/wp-content\/uploads\/2025\/12\/SP8635-\u6b63-768x768.png",768,768,true],"large":["https:\/\/spherefixgnssrtk.com\/wp-content\/uploads\/2025\/12\/SP8635-\u6b63.png",958,958,false],"1536x1536":["https:\/\/spherefixgnssrtk.com\/wp-content\/uploads\/2025\/12\/SP8635-\u6b63.png",958,958,false],"2048x2048":["https:\/\/spherefixgnssrtk.com\/wp-content\/uploads\/2025\/12\/SP8635-\u6b63.png",958,958,false],"trp-custom-language-flag":["https:\/\/spherefixgnssrtk.com\/wp-content\/uploads\/2025\/12\/SP8635-\u6b63.png",12,12,false],"woocommerce_thumbnail":["https:\/\/spherefixgnssrtk.com\/wp-content\/uploads\/2025\/12\/SP8635-\u6b63-300x300.png",300,300,true],"woocommerce_single":["https:\/\/spherefixgnssrtk.com\/wp-content\/uploads\/2025\/12\/SP8635-\u6b63-600x600.png",600,600,true],"woocommerce_gallery_thumbnail":["https:\/\/spherefixgnssrtk.com\/wp-content\/uploads\/2025\/12\/SP8635-\u6b63-100x100.png",100,100,true]},"uagb_author_info":{"display_name":"jeffreyrtk@gmail.com","author_link":"https:\/\/spherefixgnssrtk.com\/es\/author\/"},"uagb_comment_info":0,"uagb_excerpt":"SP8635 External Digital Radio is a professional high-power transceiver specially designed for surveying and mapping engineering, tailored to meet the harsh demands of outdoor field operations. This dedicated communication device perfectly balances high-power signal output and ultra-long transmission range, ensuring stable and reliable data transmission even in complex terrains such as mountains, suburbs and remote&hellip;","_links":{"self":[{"href":"https:\/\/spherefixgnssrtk.com\/es\/wp-json\/wp\/v2\/product\/7921","targetHints":{"allow":["GET"]}}],"collection":[{"href":"https:\/\/spherefixgnssrtk.com\/es\/wp-json\/wp\/v2\/product"}],"about":[{"href":"https:\/\/spherefixgnssrtk.com\/es\/wp-json\/wp\/v2\/types\/product"}],"replies":[{"embeddable":true,"href":"https:\/\/spherefixgnssrtk.com\/es\/wp-json\/wp\/v2\/comments?post=7921"}],"version-history":[{"count":3,"href":"https:\/\/spherefixgnssrtk.com\/es\/wp-json\/wp\/v2\/product\/7921\/revisions"}],"predecessor-version":[{"id":10158,"href":"https:\/\/spherefixgnssrtk.com\/es\/wp-json\/wp\/v2\/product\/7921\/revisions\/10158"}],"wp:featuredmedia":[{"embeddable":true,"href":"https:\/\/spherefixgnssrtk.com\/es\/wp-json\/wp\/v2\/media\/7922"}],"wp:attachment":[{"href":"https:\/\/spherefixgnssrtk.com\/es\/wp-json\/wp\/v2\/media?parent=7921"}],"wp:term":[{"taxonomy":"product_brand","embeddable":true,"href":"https:\/\/spherefixgnssrtk.com\/es\/wp-json\/wp\/v2\/product_brand?post=7921"},{"taxonomy":"product_cat","embeddable":true,"href":"https:\/\/spherefixgnssrtk.com\/es\/wp-json\/wp\/v2\/product_cat?post=7921"},{"taxonomy":"product_tag","embeddable":true,"href":"https:\/\/spherefixgnssrtk.com\/es\/wp-json\/wp\/v2\/product_tag?post=7921"}],"curies":[{"name":"wp","href":"https:\/\/api.w.org\/{rel}","templated":true}]}}