{"id":8399,"date":"2025-12-23T09:41:41","date_gmt":"2025-12-23T09:41:41","guid":{"rendered":"https:\/\/spherefixgnssrtk.com\/?page_id=8399"},"modified":"2026-03-25T11:45:28","modified_gmt":"2026-03-25T03:45:28","slug":"spherefix-at-chintergeo-2025","status":"publish","type":"page","link":"https:\/\/spherefixgnssrtk.com\/es\/spherefix-at-chintergeo-2025\/","title":{"rendered":"Spherefix en Chintergeo 2025"},"content":{"rendered":"<div data-elementor-type=\"wp-page\" data-elementor-id=\"8399\" class=\"elementor elementor-8399\" data-elementor-post-type=\"page\">\n\t\t\t\t<div class=\"elementor-element elementor-element-80ac355 e-flex e-con-boxed e-con e-parent\" data-id=\"80ac355\" data-element_type=\"container\" data-e-type=\"container\">\n\t\t\t\t\t<div class=\"e-con-inner\">\n\t\t\t\t<div class=\"elementor-element elementor-element-c71eb70 elementor-widget elementor-widget-spacer\" data-id=\"c71eb70\" data-element_type=\"widget\" data-e-type=\"widget\" data-widget_type=\"spacer.default\">\n\t\t\t\t<div class=\"elementor-widget-container\">\n\t\t\t\t\t\t\t<div class=\"elementor-spacer\">\n\t\t\t<div class=\"elementor-spacer-inner\"><\/div>\n\t\t<\/div>\n\t\t\t\t\t\t<\/div>\n\t\t\t\t<\/div>\n\t\t\t\t\t<\/div>\n\t\t\t\t<\/div>\n\t\t<div class=\"elementor-element elementor-element-17a892dd e-con-full e-flex e-con e-parent\" data-id=\"17a892dd\" data-element_type=\"container\" data-e-type=\"container\" data-settings=\"{&quot;background_background&quot;:&quot;classic&quot;}\">\n\t\t<div class=\"elementor-element elementor-element-295b61ca e-flex e-con-boxed e-con e-child\" data-id=\"295b61ca\" data-element_type=\"container\" data-e-type=\"container\">\n\t\t\t\t\t<div class=\"e-con-inner\">\n\t\t<div class=\"elementor-element elementor-element-368d340d e-con-full e-flex e-con e-child\" data-id=\"368d340d\" data-element_type=\"container\" data-e-type=\"container\">\n\t\t\t\t<div class=\"elementor-element elementor-element-2262ec20 elementor-widget elementor-widget-button\" data-id=\"2262ec20\" data-element_type=\"widget\" data-e-type=\"widget\" data-widget_type=\"button.default\">\n\t\t\t\t<div class=\"elementor-widget-container\">\n\t\t\t\t\t\t\t\t\t<div class=\"elementor-button-wrapper\">\n\t\t\t\t\t<a class=\"elementor-button elementor-button-link elementor-size-sm\" href=\"https:\/\/spherefixgnssrtk.com\/es\/\">\n\t\t\t\t\t\t<span class=\"elementor-button-content-wrapper\">\n\t\t\t\t\t\t<span class=\"elementor-button-icon\">\n\t\t\t\t<svg aria-hidden=\"true\" class=\"e-font-icon-svg e-fas-home\" viewbox=\"0 0 576 512\" xmlns=\"http:\/\/www.w3.org\/2000\/svg\"><path d=\"M280.37 148.26L96 300.11V464a16 16 0 0 0 16 16l112.06-.29a16 16 0 0 0 15.92-16V368a16 16 0 0 1 16-16h64a16 16 0 0 1 16 16v95.64a16 16 0 0 0 16 16.05L464 480a16 16 0 0 0 16-16V300L295.67 148.26a12.19 12.19 0 0 0-15.3 0zM571.6 251.47L488 182.56V44.05a12 12 0 0 0-12-12h-56a12 12 0 0 0-12 12v72.61L318.47 43a48 48 0 0 0-61 0L4.34 251.47a12 12 0 0 0-1.6 16.9l25.5 31A12 12 0 0 0 45.15 301l235.22-193.74a12.19 12.19 0 0 1 15.3 0L530.9 301a12 12 0 0 0 16.9-1.6l25.5-31a12 12 0 0 0-1.7-16.93z\"><\/path><\/svg>\t\t\t<\/span>\n\t\t\t\t\t\t\t\t\t<span class=\"elementor-button-text\">INICIO<\/span>\n\t\t\t\t\t<\/span>\n\t\t\t\t\t<\/a>\n\t\t\t\t<\/div>\n\t\t\t\t\t\t\t\t<\/div>\n\t\t\t\t<\/div>\n\t\t\t\t<\/div>\n\t\t<div class=\"elementor-element elementor-element-2ba47772 e-con-full e-flex e-con e-child\" data-id=\"2ba47772\" data-element_type=\"container\" data-e-type=\"container\">\n\t\t\t\t<div class=\"elementor-element elementor-element-619556cd elementor-widget elementor-widget-heading\" data-id=\"619556cd\" data-element_type=\"widget\" data-e-type=\"widget\" data-widget_type=\"heading.default\">\n\t\t\t\t<div class=\"elementor-widget-container\">\n\t\t\t\t\t<h2 class=\"elementor-heading-title elementor-size-default\">NOTICIAS<\/h2>\t\t\t\t<\/div>\n\t\t\t\t<\/div>\n\t\t\t\t<\/div>\n\t\t<div class=\"elementor-element elementor-element-3bedcd65 e-con-full e-flex e-con e-child\" data-id=\"3bedcd65\" data-element_type=\"container\" data-e-type=\"container\">\n\t\t\t\t<div class=\"elementor-element elementor-element-4edd94a4 elementor-align-right elementor-widget elementor-widget-button\" data-id=\"4edd94a4\" data-element_type=\"widget\" data-e-type=\"widget\" data-widget_type=\"button.default\">\n\t\t\t\t<div class=\"elementor-widget-container\">\n\t\t\t\t\t\t\t\t\t<div class=\"elementor-button-wrapper\">\n\t\t\t\t\t<a class=\"elementor-button elementor-button-link elementor-size-sm\" href=\"\/es\/news-events\/\">\n\t\t\t\t\t\t<span class=\"elementor-button-content-wrapper\">\n\t\t\t\t\t\t<span class=\"elementor-button-icon\">\n\t\t\t\t<svg aria-hidden=\"true\" class=\"e-font-icon-svg e-fas-bars\" viewbox=\"0 0 448 512\" xmlns=\"http:\/\/www.w3.org\/2000\/svg\"><path d=\"M16 132h416c8.837 0 16-7.163 16-16V76c0-8.837-7.163-16-16-16H16C7.163 60 0 67.163 0 76v40c0 8.837 7.163 16 16 16zm0 160h416c8.837 0 16-7.163 16-16v-40c0-8.837-7.163-16-16-16H16c-8.837 0-16 7.163-16 16v40c0 8.837 7.163 16 16 16zm0 160h416c8.837 0 16-7.163 16-16v-40c0-8.837-7.163-16-16-16H16c-8.837 0-16 7.163-16 16v40c0 8.837 7.163 16 16 16z\"><\/path><\/svg>\t\t\t<\/span>\n\t\t\t\t\t\t\t\t\t<span class=\"elementor-button-text\">Lista<\/span>\n\t\t\t\t\t<\/span>\n\t\t\t\t\t<\/a>\n\t\t\t\t<\/div>\n\t\t\t\t\t\t\t\t<\/div>\n\t\t\t\t<\/div>\n\t\t\t\t<\/div>\n\t\t\t\t\t<\/div>\n\t\t\t\t<\/div>\n\t\t\t\t<\/div>\n\t\t<div class=\"elementor-element elementor-element-75cbffac e-flex e-con-boxed e-con e-parent\" data-id=\"75cbffac\" data-element_type=\"container\" data-e-type=\"container\">\n\t\t\t\t\t<div class=\"e-con-inner\">\n\t\t<div class=\"elementor-element elementor-element-2bfbfbed e-con-full e-flex e-con e-child\" data-id=\"2bfbfbed\" data-element_type=\"container\" data-e-type=\"container\">\n\t\t\t\t<div class=\"elementor-element elementor-element-3b01868 elementor-widget elementor-widget-heading\" data-id=\"3b01868\" data-element_type=\"widget\" data-e-type=\"widget\" data-widget_type=\"heading.default\">\n\t\t\t\t<div class=\"elementor-widget-container\">\n\t\t\t\t\t<h1 class=\"elementor-heading-title elementor-size-default\">SPHEREFIX en Chintergeo 2025 - Ampliaci\u00f3n de las asociaciones mundiales<\/h1>\t\t\t\t<\/div>\n\t\t\t\t<\/div>\n\t\t\t\t<\/div>\n\t\t<div class=\"elementor-element elementor-element-c8e6b73 e-con-full e-flex e-con e-child\" data-id=\"c8e6b73\" data-element_type=\"container\" data-e-type=\"container\">\n\t\t<div class=\"elementor-element elementor-element-5890f5aa e-con-full e-flex e-con e-child\" data-id=\"5890f5aa\" data-element_type=\"container\" data-e-type=\"container\">\n\t\t\t\t<div class=\"elementor-element elementor-element-54a6d999 elementor-view-default elementor-widget elementor-widget-icon\" data-id=\"54a6d999\" data-element_type=\"widget\" data-e-type=\"widget\" data-widget_type=\"icon.default\">\n\t\t\t\t<div class=\"elementor-widget-container\">\n\t\t\t\t\t\t\t<div class=\"elementor-icon-wrapper\">\n\t\t\t<div class=\"elementor-icon\">\n\t\t\t<svg aria-hidden=\"true\" class=\"e-font-icon-svg e-far-clock\" viewbox=\"0 0 512 512\" xmlns=\"http:\/\/www.w3.org\/2000\/svg\"><path d=\"M256 8C119 8 8 119 8 256s111 248 248 248 248-111 248-248S393 8 256 8zm0 448c-110.5 0-200-89.5-200-200S145.5 56 256 56s200 89.5 200 200-89.5 200-200 200zm61.8-104.4l-84.9-61.7c-3.1-2.3-4.9-5.9-4.9-9.7V116c0-6.6 5.4-12 12-12h32c6.6 0 12 5.4 12 12v141.7l66.8 48.6c5.4 3.9 6.5 11.4 2.6 16.8L334.6 349c-3.9 5.3-11.4 6.5-16.8 2.6z\"><\/path><\/svg>\t\t\t<\/div>\n\t\t<\/div>\n\t\t\t\t\t\t<\/div>\n\t\t\t\t<\/div>\n\t\t\t\t<\/div>\n\t\t<div class=\"elementor-element elementor-element-1d1c43a5 e-con-full e-flex e-con e-child\" data-id=\"1d1c43a5\" data-element_type=\"container\" data-e-type=\"container\">\n\t\t\t\t<div class=\"elementor-element elementor-element-3d60e1c5 elementor-widget elementor-widget-heading\" data-id=\"3d60e1c5\" data-element_type=\"widget\" data-e-type=\"widget\" data-widget_type=\"heading.default\">\n\t\t\t\t<div class=\"elementor-widget-container\">\n\t\t\t\t\t<h3 class=\"elementor-heading-title elementor-size-default\">10 de diciembre de 2025<\/h3>\t\t\t\t<\/div>\n\t\t\t\t<\/div>\n\t\t\t\t<\/div>\n\t\t\t\t<\/div>\n\t\t<div class=\"elementor-element elementor-element-3e199e0f e-flex e-con-boxed e-con e-child\" data-id=\"3e199e0f\" data-element_type=\"container\" data-e-type=\"container\">\n\t\t\t\t\t<div class=\"e-con-inner\">\n\t\t\t\t<div class=\"elementor-element elementor-element-216f4992 elementor-widget elementor-widget-text-editor\" data-id=\"216f4992\" data-element_type=\"widget\" data-e-type=\"widget\" data-widget_type=\"text-editor.default\">\n\t\t\t\t<div class=\"elementor-widget-container\">\n\t\t\t\t\t\t\t\t\t<p>Del 4 al 6 de diciembre de 2025, el equipo de SPHEREFIX particip\u00f3 en la Exposici\u00f3n Chintergeo celebrada en Nanjing, China. El evento reuni\u00f3 a una audiencia global de clientes, socios y expertos de la industria. Como proveedor l\u00edder de soluciones GNSS, SPHEREFIX mostr\u00f3 sus innovadores productos y tecnolog\u00edas en proyectos de topograf\u00eda, construcci\u00f3n y energ\u00eda solar, reforzando nuestra presencia en los mercados internacionales.<\/p>\t\t\t\t\t\t\t\t<\/div>\n\t\t\t\t<\/div>\n\t\t\t\t\t<\/div>\n\t\t\t\t<\/div>\n\t\t<div class=\"elementor-element elementor-element-6f5de0fb e-con-full e-flex e-con e-child\" data-id=\"6f5de0fb\" data-element_type=\"container\" data-e-type=\"container\">\n\t\t<div class=\"elementor-element elementor-element-1a519f33 e-con-full e-flex e-con e-child\" data-id=\"1a519f33\" data-element_type=\"container\" data-e-type=\"container\">\n\t\t\t\t<div class=\"elementor-element elementor-element-1ecc6515 elementor-widget elementor-widget-image\" data-id=\"1ecc6515\" data-element_type=\"widget\" data-e-type=\"widget\" data-widget_type=\"image.default\">\n\t\t\t\t<div class=\"elementor-widget-container\">\n\t\t\t\t\t\t\t\t\t\t\t\t\t\t\t<img fetchpriority=\"high\" decoding=\"async\" width=\"1024\" height=\"416\" src=\"https:\/\/spherefixgnssrtk.com\/wp-content\/uploads\/2025\/12\/\u5206\u7ec4-23-1-1024x416.png\" class=\"attachment-large size-large wp-image-8404\" alt=\"\" srcset=\"https:\/\/spherefixgnssrtk.com\/wp-content\/uploads\/2025\/12\/\u5206\u7ec4-23-1-1024x416.png 1024w, https:\/\/spherefixgnssrtk.com\/wp-content\/uploads\/2025\/12\/\u5206\u7ec4-23-1-300x122.png 300w, https:\/\/spherefixgnssrtk.com\/wp-content\/uploads\/2025\/12\/\u5206\u7ec4-23-1-768x312.png 768w, https:\/\/spherefixgnssrtk.com\/wp-content\/uploads\/2025\/12\/\u5206\u7ec4-23-1-600x244.png 600w, https:\/\/spherefixgnssrtk.com\/wp-content\/uploads\/2025\/12\/\u5206\u7ec4-23-1.png 1074w\" sizes=\"(max-width: 1024px) 100vw, 1024px\" \/>\t\t\t\t\t\t\t\t\t\t\t\t\t\t\t<\/div>\n\t\t\t\t<\/div>\n\t\t<div class=\"elementor-element elementor-element-59879924 e-con-full e-flex e-con e-child\" data-id=\"59879924\" data-element_type=\"container\" data-e-type=\"container\">\n\t\t\t\t<div class=\"elementor-element elementor-element-6e5e6773 elementor-widget elementor-widget-heading\" data-id=\"6e5e6773\" data-element_type=\"widget\" data-e-type=\"widget\" data-widget_type=\"heading.default\">\n\t\t\t\t<div class=\"elementor-widget-container\">\n\t\t\t\t\t<h2 class=\"elementor-heading-title elementor-size-default\">Relaciones con clientes internacionales<\/h2>\t\t\t\t<\/div>\n\t\t\t\t<\/div>\n\t\t\t\t<div class=\"elementor-element elementor-element-55090898 elementor-widget elementor-widget-text-editor\" data-id=\"55090898\" data-element_type=\"widget\" data-e-type=\"widget\" data-widget_type=\"text-editor.default\">\n\t\t\t\t<div class=\"elementor-widget-container\">\n\t\t\t\t\t\t\t\t\t<p>Durante la exposici\u00f3n, SPHEREFIX tuvo la oportunidad de entablar conversaciones significativas con clientes de varios pa\u00edses, explorando posibles colaboraciones y abordando necesidades t\u00e9cnicas. A trav\u00e9s de estas interacciones, SPHEREFIX obtuvo valiosos conocimientos sobre las demandas del mercado de las distintas regiones, al tiempo que presentaba nuestros sistemas SP30, SP30se y el reci\u00e9n lanzado SLAM. Nuestros productos, conocidos por su gran precisi\u00f3n, estabilidad y adaptabilidad a diversas condiciones ambientales, despertaron el inter\u00e9s de numerosos expertos del sector y socios potenciales.<\/p>\t\t\t\t\t\t\t\t<\/div>\n\t\t\t\t<\/div>\n\t\t\t\t<\/div>\n\t\t\t\t<div class=\"elementor-element elementor-element-2f173c43 elementor-widget elementor-widget-image\" data-id=\"2f173c43\" data-element_type=\"widget\" data-e-type=\"widget\" data-widget_type=\"image.default\">\n\t\t\t\t<div class=\"elementor-widget-container\">\n\t\t\t\t\t\t\t\t\t\t\t\t\t\t\t<img decoding=\"async\" width=\"1024\" height=\"319\" src=\"https:\/\/spherefixgnssrtk.com\/wp-content\/uploads\/2025\/12\/\u5206\u7ec4-15-1-1024x319.png\" class=\"attachment-large size-large wp-image-8405\" alt=\"\" srcset=\"https:\/\/spherefixgnssrtk.com\/wp-content\/uploads\/2025\/12\/\u5206\u7ec4-15-1-1024x319.png 1024w, https:\/\/spherefixgnssrtk.com\/wp-content\/uploads\/2025\/12\/\u5206\u7ec4-15-1-300x94.png 300w, https:\/\/spherefixgnssrtk.com\/wp-content\/uploads\/2025\/12\/\u5206\u7ec4-15-1-768x239.png 768w, https:\/\/spherefixgnssrtk.com\/wp-content\/uploads\/2025\/12\/\u5206\u7ec4-15-1-600x187.png 600w, https:\/\/spherefixgnssrtk.com\/wp-content\/uploads\/2025\/12\/\u5206\u7ec4-15-1.png 1065w\" sizes=\"(max-width: 1024px) 100vw, 1024px\" \/>\t\t\t\t\t\t\t\t\t\t\t\t\t\t\t<\/div>\n\t\t\t\t<\/div>\n\t\t<div class=\"elementor-element elementor-element-ef8026b e-con-full e-flex e-con e-child\" data-id=\"ef8026b\" data-element_type=\"container\" data-e-type=\"container\">\n\t\t\t\t<div class=\"elementor-element elementor-element-1e5e929b elementor-widget elementor-widget-heading\" data-id=\"1e5e929b\" data-element_type=\"widget\" data-e-type=\"widget\" data-widget_type=\"heading.default\">\n\t\t\t\t<div class=\"elementor-widget-container\">\n\t\t\t\t\t<h2 class=\"elementor-heading-title elementor-size-default\">Mirando hacia el futuro: Impulsar la innovaci\u00f3n mundial en tecnolog\u00eda topogr\u00e1fica<\/h2>\t\t\t\t<\/div>\n\t\t\t\t<\/div>\n\t\t\t\t<div class=\"elementor-element elementor-element-5e568f46 elementor-widget elementor-widget-text-editor\" data-id=\"5e568f46\" data-element_type=\"widget\" data-e-type=\"widget\" data-widget_type=\"text-editor.default\">\n\t\t\t\t<div class=\"elementor-widget-container\">\n\t\t\t\t\t\t\t\t\t<p>SPHEREFIX est\u00e1 comprometida con el avance de las tecnolog\u00edas globales de topograf\u00eda y posicionamiento, proporcionando soluciones a medida para clientes de todo el mundo. La exposici\u00f3n sirvi\u00f3 de plataforma a SPHEREFIX no s\u00f3lo para mostrar nuestros \u00faltimos avances en tecnolog\u00eda GNSS, sino tambi\u00e9n para crear nuevas oportunidades de colaboraci\u00f3n. Creemos que estas interacciones sentar\u00e1n unas bases s\u00f3lidas para la futura expansi\u00f3n comercial a escala mundial.<\/p>\t\t\t\t\t\t\t\t<\/div>\n\t\t\t\t<\/div>\n\t\t\t\t<\/div>\n\t\t<div class=\"elementor-element elementor-element-7ef3d23a e-con-full e-flex e-con e-child\" data-id=\"7ef3d23a\" data-element_type=\"container\" data-e-type=\"container\">\n\t\t\t\t<div class=\"elementor-element elementor-element-7487c95c elementor-widget elementor-widget-heading\" data-id=\"7487c95c\" data-element_type=\"widget\" data-e-type=\"widget\" data-widget_type=\"heading.default\">\n\t\t\t\t<div class=\"elementor-widget-container\">\n\t\t\t\t\t<h2 class=\"elementor-heading-title elementor-size-default\">Gracias por su apoyo<\/h2>\t\t\t\t<\/div>\n\t\t\t\t<\/div>\n\t\t\t\t<div class=\"elementor-element elementor-element-61cc1bef elementor-widget elementor-widget-text-editor\" data-id=\"61cc1bef\" data-element_type=\"widget\" data-e-type=\"widget\" data-widget_type=\"text-editor.default\">\n\t\t\t\t<div class=\"elementor-widget-container\">\n\t\t\t\t\t\t\t\t\t<p>SPHEREFIX extiende su gratitud a todos los clientes y socios que tuvimos el placer de conocer en Chintergeo. Esperamos colaborar con m\u00e1s l\u00edderes del sector para impulsar la innovaci\u00f3n y crear un futuro mejor para los sectores de la topograf\u00eda y la ingenier\u00eda.<\/p>\t\t\t\t\t\t\t\t<\/div>\n\t\t\t\t<\/div>\n\t\t\t\t<\/div>\n\t\t<div class=\"elementor-element elementor-element-d9b4c01 e-con-full e-flex e-con e-child\" data-id=\"d9b4c01\" data-element_type=\"container\" data-e-type=\"container\">\n\t\t\t\t<div class=\"elementor-element elementor-element-2e06928f elementor-widget elementor-widget-text-editor\" data-id=\"2e06928f\" data-element_type=\"widget\" data-e-type=\"widget\" data-widget_type=\"text-editor.default\">\n\t\t\t\t<div class=\"elementor-widget-container\">\n\t\t\t\t\t\t\t\t\t<p>Si desea m\u00e1s informaci\u00f3n sobre nuestros productos u oportunidades de asociaci\u00f3n, no dude en ponerse en contacto con nosotros a trav\u00e9s de nuestra p\u00e1gina web o WhatsApp. Estaremos encantados de trabajar con usted.<\/p>\t\t\t\t\t\t\t\t<\/div>\n\t\t\t\t<\/div>\n\t\t\t\t<\/div>\n\t\t\t\t<\/div>\n\t\t\t\t<\/div>\n\t\t\t\t\t<\/div>\n\t\t\t\t<\/div>\n\t\t<div class=\"elementor-element elementor-element-d6fbb2c e-flex e-con-boxed e-con e-parent\" data-id=\"d6fbb2c\" data-element_type=\"container\" data-e-type=\"container\">\n\t\t\t\t\t<div class=\"e-con-inner\">\n\t\t\t\t<div class=\"elementor-element elementor-element-0b75444 elementor-widget elementor-widget-spacer\" data-id=\"0b75444\" data-element_type=\"widget\" data-e-type=\"widget\" data-widget_type=\"spacer.default\">\n\t\t\t\t<div class=\"elementor-widget-container\">\n\t\t\t\t\t\t\t<div class=\"elementor-spacer\">\n\t\t\t<div class=\"elementor-spacer-inner\"><\/div>\n\t\t<\/div>\n\t\t\t\t\t\t<\/div>\n\t\t\t\t<\/div>\n\t\t\t\t\t<\/div>\n\t\t\t\t<\/div>\n\t\t<div class=\"elementor-element elementor-element-262b9fa2 e-con-full e-flex e-con e-parent\" data-id=\"262b9fa2\" data-element_type=\"container\" data-e-type=\"container\" data-settings=\"{&quot;background_background&quot;:&quot;classic&quot;}\">\n\t\t<div class=\"elementor-element elementor-element-266ddfbf e-flex e-con-boxed e-con e-child\" data-id=\"266ddfbf\" data-element_type=\"container\" data-e-type=\"container\">\n\t\t\t\t\t<div class=\"e-con-inner\">\n\t\t<div class=\"elementor-element elementor-element-1a67dcbf e-con-full e-flex e-con e-child\" data-id=\"1a67dcbf\" data-element_type=\"container\" data-e-type=\"container\">\n\t\t\t\t<div class=\"elementor-element elementor-element-58ffbc86 elementor-widget elementor-widget-button\" data-id=\"58ffbc86\" data-element_type=\"widget\" data-e-type=\"widget\" data-widget_type=\"button.default\">\n\t\t\t\t<div class=\"elementor-widget-container\">\n\t\t\t\t\t\t\t\t\t<div class=\"elementor-button-wrapper\">\n\t\t\t\t\t<a class=\"elementor-button elementor-button-link elementor-size-sm\" href=\"\/es\/news251211\/\">\n\t\t\t\t\t\t<span class=\"elementor-button-content-wrapper\">\n\t\t\t\t\t\t<span class=\"elementor-button-icon\">\n\t\t\t\t<svg aria-hidden=\"true\" class=\"e-font-icon-svg e-fas-chevron-left\" viewbox=\"0 0 320 512\" xmlns=\"http:\/\/www.w3.org\/2000\/svg\"><path d=\"M34.52 239.03L228.87 44.69c9.37-9.37 24.57-9.37 33.94 0l22.67 22.67c9.36 9.36 9.37 24.52.04 33.9L131.49 256l154.02 154.75c9.34 9.38 9.32 24.54-.04 33.9l-22.67 22.67c-9.37 9.37-24.57 9.37-33.94 0L34.52 272.97c-9.37-9.37-9.37-24.57 0-33.94z\"><\/path><\/svg>\t\t\t<\/span>\n\t\t\t\t\t\t\t\t\t<span class=\"elementor-button-text\">\u00daltima p\u00e1gina<\/span>\n\t\t\t\t\t<\/span>\n\t\t\t\t\t<\/a>\n\t\t\t\t<\/div>\n\t\t\t\t\t\t\t\t<\/div>\n\t\t\t\t<\/div>\n\t\t\t\t<\/div>\n\t\t<div class=\"elementor-element elementor-element-1e92e795 e-con-full e-flex e-con e-child\" data-id=\"1e92e795\" data-element_type=\"container\" data-e-type=\"container\">\n\t\t\t\t<\/div>\n\t\t<div class=\"elementor-element elementor-element-1328d777 e-con-full e-flex e-con e-child\" data-id=\"1328d777\" data-element_type=\"container\" data-e-type=\"container\">\n\t\t\t\t<div class=\"elementor-element elementor-element-63f66cf9 elementor-align-right elementor-widget elementor-widget-button\" data-id=\"63f66cf9\" data-element_type=\"widget\" data-e-type=\"widget\" data-widget_type=\"button.default\">\n\t\t\t\t<div class=\"elementor-widget-container\">\n\t\t\t\t\t\t\t\t\t<div class=\"elementor-button-wrapper\">\n\t\t\t\t\t<a class=\"elementor-button elementor-button-link elementor-size-sm\" href=\"\/es\/spherefix-sp30-series-receives-ngs-antenna-certification\/\">\n\t\t\t\t\t\t<span class=\"elementor-button-content-wrapper\">\n\t\t\t\t\t\t<span class=\"elementor-button-icon\">\n\t\t\t\t<svg aria-hidden=\"true\" class=\"e-font-icon-svg e-fas-chevron-right\" viewbox=\"0 0 320 512\" xmlns=\"http:\/\/www.w3.org\/2000\/svg\"><path d=\"M285.476 272.971L91.132 467.314c-9.373 9.373-24.569 9.373-33.941 0l-22.667-22.667c-9.357-9.357-9.375-24.522-.04-33.901L188.505 256 34.484 101.255c-9.335-9.379-9.317-24.544.04-33.901l22.667-22.667c9.373-9.373 24.569-9.373 33.941 0L285.475 239.03c9.373 9.372 9.373 24.568.001 33.941z\"><\/path><\/svg>\t\t\t<\/span>\n\t\t\t\t\t\t\t\t\t<span class=\"elementor-button-text\">p\u00e1gina siguiente<\/span>\n\t\t\t\t\t<\/span>\n\t\t\t\t\t<\/a>\n\t\t\t\t<\/div>\n\t\t\t\t\t\t\t\t<\/div>\n\t\t\t\t<\/div>\n\t\t\t\t<\/div>\n\t\t\t\t\t<\/div>\n\t\t\t\t<\/div>\n\t\t\t\t<\/div>\n\t\t\t\t<\/div>","protected":false},"excerpt":{"rendered":"<p>HOME NEWS List SPHEREFIX at Chintergeo 2025 \u2013 Expanding Global Partnerships 10 December 2025 From December 4th to 6th, 2025, the SPHEREFIX team participated in the Chintergeo Exhibition held in Nanjing, China. The event gathered a global audience of clients, partners, and industry experts. As a leading provider of GNSS solutions, SPHEREFIX showcased our innovative [&hellip;]<\/p>\n","protected":false},"author":1,"featured_media":0,"parent":0,"menu_order":0,"comment_status":"closed","ping_status":"closed","template":"","meta":{"_surecart_dashboard_logo_width":"180px","_surecart_dashboard_show_logo":true,"_surecart_dashboard_navigation_orders":true,"_surecart_dashboard_navigation_invoices":true,"_surecart_dashboard_navigation_subscriptions":true,"_surecart_dashboard_navigation_downloads":true,"_surecart_dashboard_navigation_billing":true,"_surecart_dashboard_navigation_account":true,"_uag_custom_page_level_css":"","site-sidebar-layout":"no-sidebar","site-content-layout":"page-builder","ast-site-content-layout":"full-width-container","site-content-style":"default","site-sidebar-style":"default","ast-global-header-display":"","ast-banner-title-visibility":"","ast-main-header-display":"","ast-hfb-above-header-display":"","ast-hfb-below-header-display":"","ast-hfb-mobile-header-display":"","site-post-title":"","ast-breadcrumbs-content":"","ast-featured-img":"disabled","footer-sml-layout":"","theme-transparent-header-meta":"","adv-header-id-meta":"","stick-header-meta":"","header-above-stick-meta":"","header-main-stick-meta":"","header-below-stick-meta":"","astra-migrate-meta-layouts":"set","ast-page-background-enabled":"default","ast-page-background-meta":{"desktop":{"background-color":"","background-image":"","background-repeat":"repeat","background-position":"center center","background-size":"auto","background-attachment":"scroll","background-type":"","background-media":"","overlay-type":"","overlay-color":"","overlay-opacity":"","overlay-gradient":""},"tablet":{"background-color":"","background-image":"","background-repeat":"repeat","background-position":"center center","background-size":"auto","background-attachment":"scroll","background-type":"","background-media":"","overlay-type":"","overlay-color":"","overlay-opacity":"","overlay-gradient":""},"mobile":{"background-color":"","background-image":"","background-repeat":"repeat","background-position":"center center","background-size":"auto","background-attachment":"scroll","background-type":"","background-media":"","overlay-type":"","overlay-color":"","overlay-opacity":"","overlay-gradient":""}},"ast-content-background-meta":{"desktop":{"background-color":"var(--ast-global-color-5)","background-image":"","background-repeat":"repeat","background-position":"center center","background-size":"auto","background-attachment":"scroll","background-type":"","background-media":"","overlay-type":"","overlay-color":"","overlay-opacity":"","overlay-gradient":""},"tablet":{"background-color":"var(--ast-global-color-5)","background-image":"","background-repeat":"repeat","background-position":"center center","background-size":"auto","background-attachment":"scroll","background-type":"","background-media":"","overlay-type":"","overlay-color":"","overlay-opacity":"","overlay-gradient":""},"mobile":{"background-color":"var(--ast-global-color-5)","background-image":"","background-repeat":"repeat","background-position":"center center","background-size":"auto","background-attachment":"scroll","background-type":"","background-media":"","overlay-type":"","overlay-color":"","overlay-opacity":"","overlay-gradient":""}},"footnotes":""},"class_list":["post-8399","page","type-page","status-publish","hentry"],"_hostinger_reach_plugin_has_subscription_block":false,"_hostinger_reach_plugin_is_elementor":false,"uagb_featured_image_src":{"full":false,"thumbnail":false,"medium":false,"medium_large":false,"large":false,"1536x1536":false,"2048x2048":false,"trp-custom-language-flag":false,"woocommerce_thumbnail":false,"woocommerce_single":false,"woocommerce_gallery_thumbnail":false},"uagb_author_info":{"display_name":"jeffreyrtk@gmail.com","author_link":"https:\/\/spherefixgnssrtk.com\/es\/author\/jeffreyrtkgmail-com\/"},"uagb_comment_info":0,"uagb_excerpt":"HOME NEWS List SPHEREFIX at Chintergeo 2025 \u2013 Expanding Global Partnerships 10 December 2025 From December 4th to 6th, 2025, the SPHEREFIX team participated in the Chintergeo Exhibition held in Nanjing, China. The event gathered a global audience of clients, partners, and industry experts. As a leading provider of GNSS solutions, SPHEREFIX showcased our innovative&hellip;","_links":{"self":[{"href":"https:\/\/spherefixgnssrtk.com\/es\/wp-json\/wp\/v2\/pages\/8399","targetHints":{"allow":["GET"]}}],"collection":[{"href":"https:\/\/spherefixgnssrtk.com\/es\/wp-json\/wp\/v2\/pages"}],"about":[{"href":"https:\/\/spherefixgnssrtk.com\/es\/wp-json\/wp\/v2\/types\/page"}],"author":[{"embeddable":true,"href":"https:\/\/spherefixgnssrtk.com\/es\/wp-json\/wp\/v2\/users\/1"}],"replies":[{"embeddable":true,"href":"https:\/\/spherefixgnssrtk.com\/es\/wp-json\/wp\/v2\/comments?post=8399"}],"version-history":[{"count":27,"href":"https:\/\/spherefixgnssrtk.com\/es\/wp-json\/wp\/v2\/pages\/8399\/revisions"}],"predecessor-version":[{"id":10475,"href":"https:\/\/spherefixgnssrtk.com\/es\/wp-json\/wp\/v2\/pages\/8399\/revisions\/10475"}],"wp:attachment":[{"href":"https:\/\/spherefixgnssrtk.com\/es\/wp-json\/wp\/v2\/media?parent=8399"}],"curies":[{"name":"wp","href":"https:\/\/api.w.org\/{rel}","templated":true}]}}