{"id":8229,"date":"2025-12-09T01:56:00","date_gmt":"2025-12-09T01:56:00","guid":{"rendered":"https:\/\/spherefixgnssrtk.com\/?page_id=8229"},"modified":"2026-03-25T11:46:23","modified_gmt":"2026-03-25T03:46:23","slug":"spherefix-sp30-series-receives-ngs-antenna-certification","status":"publish","type":"page","link":"https:\/\/spherefixgnssrtk.com\/de\/spherefix-sp30-series-receives-ngs-antenna-certification\/","title":{"rendered":"Die Spherefix SP30-Serie erh\u00e4lt die NGS-Antennenzertifizierung"},"content":{"rendered":"<div data-elementor-type=\"wp-page\" data-elementor-id=\"8229\" class=\"elementor elementor-8229\" data-elementor-post-type=\"page\">\n\t\t\t\t<div class=\"elementor-element elementor-element-daf28ab e-flex e-con-boxed e-con e-parent\" data-id=\"daf28ab\" data-element_type=\"container\" data-e-type=\"container\">\n\t\t\t\t\t<div class=\"e-con-inner\">\n\t\t\t\t<div class=\"elementor-element elementor-element-f2e79b4 elementor-widget elementor-widget-spacer\" data-id=\"f2e79b4\" data-element_type=\"widget\" data-e-type=\"widget\" data-widget_type=\"spacer.default\">\n\t\t\t\t<div class=\"elementor-widget-container\">\n\t\t\t\t\t\t\t<div class=\"elementor-spacer\">\n\t\t\t<div class=\"elementor-spacer-inner\"><\/div>\n\t\t<\/div>\n\t\t\t\t\t\t<\/div>\n\t\t\t\t<\/div>\n\t\t\t\t\t<\/div>\n\t\t\t\t<\/div>\n\t\t<div class=\"elementor-element elementor-element-6cef34bb e-con-full e-flex e-con e-parent\" data-id=\"6cef34bb\" data-element_type=\"container\" data-e-type=\"container\" data-settings=\"{&quot;background_background&quot;:&quot;classic&quot;}\">\n\t\t<div class=\"elementor-element elementor-element-523732b2 e-flex e-con-boxed e-con e-child\" data-id=\"523732b2\" data-element_type=\"container\" data-e-type=\"container\">\n\t\t\t\t\t<div class=\"e-con-inner\">\n\t\t<div class=\"elementor-element elementor-element-1f0412e3 e-con-full e-flex e-con e-child\" data-id=\"1f0412e3\" data-element_type=\"container\" data-e-type=\"container\">\n\t\t\t\t<div class=\"elementor-element elementor-element-1ceb28be elementor-widget elementor-widget-button\" data-id=\"1ceb28be\" data-element_type=\"widget\" data-e-type=\"widget\" data-widget_type=\"button.default\">\n\t\t\t\t<div class=\"elementor-widget-container\">\n\t\t\t\t\t\t\t\t\t<div class=\"elementor-button-wrapper\">\n\t\t\t\t\t<a class=\"elementor-button elementor-button-link elementor-size-sm\" href=\"https:\/\/spherefixgnssrtk.com\/de\/\">\n\t\t\t\t\t\t<span class=\"elementor-button-content-wrapper\">\n\t\t\t\t\t\t<span class=\"elementor-button-icon\">\n\t\t\t\t<svg aria-hidden=\"true\" class=\"e-font-icon-svg e-fas-home\" viewbox=\"0 0 576 512\" xmlns=\"http:\/\/www.w3.org\/2000\/svg\"><path d=\"M280.37 148.26L96 300.11V464a16 16 0 0 0 16 16l112.06-.29a16 16 0 0 0 15.92-16V368a16 16 0 0 1 16-16h64a16 16 0 0 1 16 16v95.64a16 16 0 0 0 16 16.05L464 480a16 16 0 0 0 16-16V300L295.67 148.26a12.19 12.19 0 0 0-15.3 0zM571.6 251.47L488 182.56V44.05a12 12 0 0 0-12-12h-56a12 12 0 0 0-12 12v72.61L318.47 43a48 48 0 0 0-61 0L4.34 251.47a12 12 0 0 0-1.6 16.9l25.5 31A12 12 0 0 0 45.15 301l235.22-193.74a12.19 12.19 0 0 1 15.3 0L530.9 301a12 12 0 0 0 16.9-1.6l25.5-31a12 12 0 0 0-1.7-16.93z\"><\/path><\/svg>\t\t\t<\/span>\n\t\t\t\t\t\t\t\t\t<span class=\"elementor-button-text\">HOME<\/span>\n\t\t\t\t\t<\/span>\n\t\t\t\t\t<\/a>\n\t\t\t\t<\/div>\n\t\t\t\t\t\t\t\t<\/div>\n\t\t\t\t<\/div>\n\t\t\t\t<\/div>\n\t\t<div class=\"elementor-element elementor-element-26c8f8ad e-con-full e-flex e-con e-child\" data-id=\"26c8f8ad\" data-element_type=\"container\" data-e-type=\"container\">\n\t\t\t\t<div class=\"elementor-element elementor-element-6fa4238b elementor-widget elementor-widget-heading\" data-id=\"6fa4238b\" data-element_type=\"widget\" data-e-type=\"widget\" data-widget_type=\"heading.default\">\n\t\t\t\t<div class=\"elementor-widget-container\">\n\t\t\t\t\t<h2 class=\"elementor-heading-title elementor-size-default\">NEWS<\/h2>\t\t\t\t<\/div>\n\t\t\t\t<\/div>\n\t\t\t\t<\/div>\n\t\t<div class=\"elementor-element elementor-element-1fe21687 e-con-full e-flex e-con e-child\" data-id=\"1fe21687\" data-element_type=\"container\" data-e-type=\"container\">\n\t\t\t\t<div class=\"elementor-element elementor-element-112ef86d elementor-align-right elementor-widget elementor-widget-button\" data-id=\"112ef86d\" data-element_type=\"widget\" data-e-type=\"widget\" data-widget_type=\"button.default\">\n\t\t\t\t<div class=\"elementor-widget-container\">\n\t\t\t\t\t\t\t\t\t<div class=\"elementor-button-wrapper\">\n\t\t\t\t\t<a class=\"elementor-button elementor-button-link elementor-size-sm\" href=\"\/de\/news-events\/\">\n\t\t\t\t\t\t<span class=\"elementor-button-content-wrapper\">\n\t\t\t\t\t\t<span class=\"elementor-button-icon\">\n\t\t\t\t<svg aria-hidden=\"true\" class=\"e-font-icon-svg e-fas-bars\" viewbox=\"0 0 448 512\" xmlns=\"http:\/\/www.w3.org\/2000\/svg\"><path d=\"M16 132h416c8.837 0 16-7.163 16-16V76c0-8.837-7.163-16-16-16H16C7.163 60 0 67.163 0 76v40c0 8.837 7.163 16 16 16zm0 160h416c8.837 0 16-7.163 16-16v-40c0-8.837-7.163-16-16-16H16c-8.837 0-16 7.163-16 16v40c0 8.837 7.163 16 16 16zm0 160h416c8.837 0 16-7.163 16-16v-40c0-8.837-7.163-16-16-16H16c-8.837 0-16 7.163-16 16v40c0 8.837 7.163 16 16 16z\"><\/path><\/svg>\t\t\t<\/span>\n\t\t\t\t\t\t\t\t\t<span class=\"elementor-button-text\">Liste<\/span>\n\t\t\t\t\t<\/span>\n\t\t\t\t\t<\/a>\n\t\t\t\t<\/div>\n\t\t\t\t\t\t\t\t<\/div>\n\t\t\t\t<\/div>\n\t\t\t\t<\/div>\n\t\t\t\t\t<\/div>\n\t\t\t\t<\/div>\n\t\t\t\t<\/div>\n\t\t<div class=\"elementor-element elementor-element-1ba5353e e-flex e-con-boxed e-con e-parent\" data-id=\"1ba5353e\" data-element_type=\"container\" data-e-type=\"container\">\n\t\t\t\t\t<div class=\"e-con-inner\">\n\t\t<div class=\"elementor-element elementor-element-3b865feb e-con-full e-flex e-con e-child\" data-id=\"3b865feb\" data-element_type=\"container\" data-e-type=\"container\">\n\t\t\t\t<div class=\"elementor-element elementor-element-2fa6392 elementor-widget elementor-widget-heading\" data-id=\"2fa6392\" data-element_type=\"widget\" data-e-type=\"widget\" data-widget_type=\"heading.default\">\n\t\t\t\t<div class=\"elementor-widget-container\">\n\t\t\t\t\t<h1 class=\"elementor-heading-title elementor-size-default\">Die Spherefix SP30-Serie erh\u00e4lt die NGS-Antennenzertifizierung<\/h1>\t\t\t\t<\/div>\n\t\t\t\t<\/div>\n\t\t\t\t<\/div>\n\t\t<div class=\"elementor-element elementor-element-1b84fb95 e-con-full e-flex e-con e-child\" data-id=\"1b84fb95\" data-element_type=\"container\" data-e-type=\"container\">\n\t\t<div class=\"elementor-element elementor-element-2597a4d9 e-con-full e-flex e-con e-child\" data-id=\"2597a4d9\" data-element_type=\"container\" data-e-type=\"container\">\n\t\t\t\t<div class=\"elementor-element elementor-element-73842242 elementor-view-default elementor-widget elementor-widget-icon\" data-id=\"73842242\" data-element_type=\"widget\" data-e-type=\"widget\" data-widget_type=\"icon.default\">\n\t\t\t\t<div class=\"elementor-widget-container\">\n\t\t\t\t\t\t\t<div class=\"elementor-icon-wrapper\">\n\t\t\t<div class=\"elementor-icon\">\n\t\t\t<svg aria-hidden=\"true\" class=\"e-font-icon-svg e-far-clock\" viewbox=\"0 0 512 512\" xmlns=\"http:\/\/www.w3.org\/2000\/svg\"><path d=\"M256 8C119 8 8 119 8 256s111 248 248 248 248-111 248-248S393 8 256 8zm0 448c-110.5 0-200-89.5-200-200S145.5 56 256 56s200 89.5 200 200-89.5 200-200 200zm61.8-104.4l-84.9-61.7c-3.1-2.3-4.9-5.9-4.9-9.7V116c0-6.6 5.4-12 12-12h32c6.6 0 12 5.4 12 12v141.7l66.8 48.6c5.4 3.9 6.5 11.4 2.6 16.8L334.6 349c-3.9 5.3-11.4 6.5-16.8 2.6z\"><\/path><\/svg>\t\t\t<\/div>\n\t\t<\/div>\n\t\t\t\t\t\t<\/div>\n\t\t\t\t<\/div>\n\t\t\t\t<\/div>\n\t\t<div class=\"elementor-element elementor-element-404fa764 e-con-full e-flex e-con e-child\" data-id=\"404fa764\" data-element_type=\"container\" data-e-type=\"container\">\n\t\t\t\t<div class=\"elementor-element elementor-element-44b3772 elementor-widget elementor-widget-heading\" data-id=\"44b3772\" data-element_type=\"widget\" data-e-type=\"widget\" data-widget_type=\"heading.default\">\n\t\t\t\t<div class=\"elementor-widget-container\">\n\t\t\t\t\t<h3 class=\"elementor-heading-title elementor-size-default\">09. Dezember 2025<\/h3>\t\t\t\t<\/div>\n\t\t\t\t<\/div>\n\t\t\t\t<\/div>\n\t\t\t\t<\/div>\n\t\t<div class=\"elementor-element elementor-element-6d320e38 e-flex e-con-boxed e-con e-child\" data-id=\"6d320e38\" data-element_type=\"container\" data-e-type=\"container\">\n\t\t\t\t\t<div class=\"e-con-inner\">\n\t\t\t\t<div class=\"elementor-element elementor-element-35ecb81f elementor-widget elementor-widget-text-editor\" data-id=\"35ecb81f\" data-element_type=\"widget\" data-e-type=\"widget\" data-widget_type=\"text-editor.default\">\n\t\t\t\t<div class=\"elementor-widget-container\">\n\t\t\t\t\t\t\t\t\t<p>Guangzhou, 2. November 2025 - Spherefix gibt spannende Neuigkeiten bekannt. Die GNSS-Empf\u00e4nger SP30, SP30SE und SP30Pro haben die Antennenkalibrierung des U.S. National Geodetic Survey (NGS) bestanden. <strong>Insbesondere<\/strong>, Mit dieser Auflistung kann die gesamte Serie bei Auftr\u00e4gen des Bundes, der L\u00e4nder und der Privatwirtschaft eingesetzt werden. Sie ist in ganz Nordamerika, Ozeanien und Lateinamerika verwendbar - \u00fcberall dort, wo NGS-Phasenzentrumswerte erforderlich sind.<\/p>\t\t\t\t\t\t\t\t<\/div>\n\t\t\t\t<\/div>\n\t\t\t\t\t<\/div>\n\t\t\t\t<\/div>\n\t\t<div class=\"elementor-element elementor-element-c56273b e-con-full e-flex e-con e-child\" data-id=\"c56273b\" data-element_type=\"container\" data-e-type=\"container\">\n\t\t\t\t<div class=\"elementor-element elementor-element-5d49d34 elementor-widget elementor-widget-text-editor\" data-id=\"5d49d34\" data-element_type=\"widget\" data-e-type=\"widget\" data-widget_type=\"text-editor.default\">\n\t\t\t\t<div class=\"elementor-widget-container\">\n\t\t\t\t\t\t\t\t\t<p><strong>Au\u00dferdem<\/strong>, Alle drei Empf\u00e4nger verwenden dieselbe 1408-Kanal-Engine. Sie erfassen GPS, BDS, GLONASS, Galileo, QZSS, SBAS und NavIC. Die Empf\u00e4nger liefern eine RTK-Leistung von \u00b1(8 mm + 1 ppm) horizontal. Au\u00dferdem erreichen sie eine vertikale Genauigkeit von \u00b1(15 mm + 1 ppm). Die Neigungskompensation bleibt bis zu einem Winkel von 60\u00b0 innerhalb von 2 cm. Der interne 10000-mAh-Akku versorgt den Rover \u00fcber 24 Stunden lang mit Strom. <strong>Dar\u00fcber hinaus<\/strong>, 4G, Wi-Fi, Bluetooth und ein 5-W-UHF-Funkger\u00e4t machen die Verbindung zwischen Basis und Rover flexibel.<\/p>\t\t\t\t\t\t\t\t<\/div>\n\t\t\t\t<\/div>\n\t\t\t\t<\/div>\n\t\t<div class=\"elementor-element elementor-element-6c00236a e-con-full e-flex e-con e-child\" data-id=\"6c00236a\" data-element_type=\"container\" data-e-type=\"container\">\n\t\t<div class=\"elementor-element elementor-element-19f2328d e-con-full e-flex e-con e-child\" data-id=\"19f2328d\" data-element_type=\"container\" data-e-type=\"container\">\n\t\t\t\t<div class=\"elementor-element elementor-element-4b3bff35 elementor-widget elementor-widget-image\" data-id=\"4b3bff35\" data-element_type=\"widget\" data-e-type=\"widget\" data-widget_type=\"image.default\">\n\t\t\t\t<div class=\"elementor-widget-container\">\n\t\t\t\t\t\t\t\t\t\t\t\t\t\t\t<img fetchpriority=\"high\" decoding=\"async\" width=\"1024\" height=\"416\" src=\"https:\/\/spherefixgnssrtk.com\/wp-content\/uploads\/2025\/12\/\u5206\u7ec4-23-1024x416.png\" class=\"attachment-large size-large wp-image-8231\" alt=\"\" srcset=\"https:\/\/spherefixgnssrtk.com\/wp-content\/uploads\/2025\/12\/\u5206\u7ec4-23-1024x416.png 1024w, https:\/\/spherefixgnssrtk.com\/wp-content\/uploads\/2025\/12\/\u5206\u7ec4-23-300x122.png 300w, https:\/\/spherefixgnssrtk.com\/wp-content\/uploads\/2025\/12\/\u5206\u7ec4-23-768x312.png 768w, https:\/\/spherefixgnssrtk.com\/wp-content\/uploads\/2025\/12\/\u5206\u7ec4-23-600x244.png 600w, https:\/\/spherefixgnssrtk.com\/wp-content\/uploads\/2025\/12\/\u5206\u7ec4-23.png 1074w\" sizes=\"(max-width: 1024px) 100vw, 1024px\" \/>\t\t\t\t\t\t\t\t\t\t\t\t\t\t\t<\/div>\n\t\t\t\t<\/div>\n\t\t<div class=\"elementor-element elementor-element-354e5e41 e-con-full e-flex e-con e-child\" data-id=\"354e5e41\" data-element_type=\"container\" data-e-type=\"container\">\n\t\t\t\t<div class=\"elementor-element elementor-element-1bae570f elementor-widget elementor-widget-heading\" data-id=\"1bae570f\" data-element_type=\"widget\" data-e-type=\"widget\" data-widget_type=\"heading.default\">\n\t\t\t\t<div class=\"elementor-widget-container\">\n\t\t\t\t\t<h2 class=\"elementor-heading-title elementor-size-default\">SP30SE - der Experte f\u00fcr Basisstationen mit gro\u00dfer Reichweite<\/h2>\t\t\t\t<\/div>\n\t\t\t\t<\/div>\n\t\t\t\t<div class=\"elementor-element elementor-element-19a48386 elementor-widget elementor-widget-text-editor\" data-id=\"19a48386\" data-element_type=\"widget\" data-e-type=\"widget\" data-widget_type=\"text-editor.default\">\n\t\t\t\t<div class=\"elementor-widget-container\">\n\t\t\t\t\t\t\t\t\t<p>Das SP30SE wiegt nur 1 kg und eignet sich perfekt f\u00fcr die Arbeit in einer Basisstation. Sein 5 W LoRa-Funkger\u00e4t deckt 410-470 MHz ab, mit w\u00e4hlbaren 9600 oder 19200 bps. Die werkseitigen Tests haben eine Kommunikationsreichweite von 16 km ergeben. <strong>In der Tat<\/strong>, Es unterst\u00fctzt alle Protokolle wie TrimTalk, South, TRANSEOT, TrimMark3. Eine SP30SE-Basis kann jeden Rover versorgen - ob neu oder bereits vorhanden. Das macht es zum einfachsten Weg, gemischten Flotten Korrekturen auf Zentimeter-Ebene hinzuzuf\u00fcgen.<\/p>\t\t\t\t\t\t\t\t<\/div>\n\t\t\t\t<\/div>\n\t\t\t\t<\/div>\n\t\t<div class=\"elementor-element elementor-element-4762c57b e-con-full e-flex e-con e-child\" data-id=\"4762c57b\" data-element_type=\"container\" data-e-type=\"container\">\n\t\t\t\t<div class=\"elementor-element elementor-element-62f44e9a elementor-widget elementor-widget-heading\" data-id=\"62f44e9a\" data-element_type=\"widget\" data-e-type=\"widget\" data-widget_type=\"heading.default\">\n\t\t\t\t<div class=\"elementor-widget-container\">\n\t\t\t\t\t<h2 class=\"elementor-heading-title elementor-size-default\">SP30 - der \u201cSee-Measure\u201d-Rover<\/h2>\t\t\t\t<\/div>\n\t\t\t\t<\/div>\n\t\t\t\t<div class=\"elementor-element elementor-element-55a479ac elementor-widget elementor-widget-text-editor\" data-id=\"55a479ac\" data-element_type=\"widget\" data-e-type=\"widget\" data-widget_type=\"text-editor.default\">\n\t\t\t\t<div class=\"elementor-widget-container\">\n\t\t\t\t\t\t\t\t\t<p>Das Standard-SP30 wiegt ebenfalls 1 kg und ist mit einem 5-W-Funkger\u00e4t ausgestattet. <strong>Zus\u00e4tzlich<\/strong>, Das Ger\u00e4t verf\u00fcgt zus\u00e4tzlich \u00fcber einen Laser-Entfernungsmesser im Millimeterbereich und eine 1\/3-Zoll-Zielkamera. Wenn die Mastspitze eine Ecke, einen Rinnstein oder eine stark befahrene Stra\u00dfe nicht erreichen kann, tippt der Bediener auf Laservermessung. Der Laser liefert den Offset, und die IMU liefert den Vektor. Die Software berechnet dann den vermessenen Punkt mit einer Genauigkeit der RTK-Klasse.<\/p>\t\t\t\t\t\t\t\t<\/div>\n\t\t\t\t<\/div>\n\t\t\t\t<\/div>\n\t\t<div class=\"elementor-element elementor-element-398b0804 e-con-full e-flex e-con e-child\" data-id=\"398b0804\" data-element_type=\"container\" data-e-type=\"container\">\n\t\t\t\t<div class=\"elementor-element elementor-element-30a802d8 elementor-widget elementor-widget-heading\" data-id=\"30a802d8\" data-element_type=\"widget\" data-e-type=\"widget\" data-widget_type=\"heading.default\">\n\t\t\t\t<div class=\"elementor-widget-container\">\n\t\t\t\t\t<h2 class=\"elementor-heading-title elementor-size-default\">SP30Pro - die AR Imaging Workstation<\/h2>\t\t\t\t<\/div>\n\t\t\t\t<\/div>\n\t\t\t\t<div class=\"elementor-element elementor-element-2153c1f3 elementor-widget elementor-widget-text-editor\" data-id=\"2153c1f3\" data-element_type=\"widget\" data-e-type=\"widget\" data-widget_type=\"text-editor.default\">\n\t\t\t\t<div class=\"elementor-widget-container\">\n\t\t\t\t\t\t\t\t\t<p>Die SP30Pro verf\u00fcgt \u00fcber zwei Hochleistungskameras mit doppelter Funktionalit\u00e4t. Eine davon ist eine 1\/2,6-Zoll-Weitwinkeleinheit f\u00fcr die Photogrammetrie. Die andere ist ein Ultraweitwinkelmodul f\u00fcr die AR-Absteckung. Die Entwurfspunkte \u00fcberlagern sich mit der Live-Szene, so dass die Person mit dem Stab genau an die richtige Stelle gehen kann. Das Beste daran ist, dass die hochpr\u00e4zise IMU das AR-Symbol innerhalb der zertifizierten RTK-Toleranz h\u00e4lt.<br \/>Die SP30-Serie hat die Schutzart IP68 und funktioniert bei Temperaturen von -20 \u00b0C bis +60 \u00b0C. Spherefix und seine weltweiten Partner vertreiben die SP30-Serie ab sofort.<\/p>\t\t\t\t\t\t\t\t<\/div>\n\t\t\t\t<\/div>\n\t\t\t\t<\/div>\n\t\t<div class=\"elementor-element elementor-element-4630444c e-con-full e-flex e-con e-child\" data-id=\"4630444c\" data-element_type=\"container\" data-e-type=\"container\">\n\t\t\t\t<\/div>\n\t\t\t\t<\/div>\n\t\t\t\t<\/div>\n\t\t\t\t\t<\/div>\n\t\t\t\t<\/div>\n\t\t<div class=\"elementor-element elementor-element-670133ad e-con-full e-flex e-con e-parent\" data-id=\"670133ad\" data-element_type=\"container\" data-e-type=\"container\" data-settings=\"{&quot;background_background&quot;:&quot;classic&quot;}\">\n\t\t<div class=\"elementor-element elementor-element-7b47dc7f e-flex e-con-boxed e-con e-child\" data-id=\"7b47dc7f\" data-element_type=\"container\" data-e-type=\"container\">\n\t\t\t\t\t<div class=\"e-con-inner\">\n\t\t<div class=\"elementor-element elementor-element-466891d2 e-con-full e-flex e-con e-child\" data-id=\"466891d2\" data-element_type=\"container\" data-e-type=\"container\">\n\t\t\t\t<div class=\"elementor-element elementor-element-26135e72 elementor-widget elementor-widget-button\" data-id=\"26135e72\" data-element_type=\"widget\" data-e-type=\"widget\" data-widget_type=\"button.default\">\n\t\t\t\t<div class=\"elementor-widget-container\">\n\t\t\t\t\t\t\t\t\t<div class=\"elementor-button-wrapper\">\n\t\t\t\t\t<a class=\"elementor-button elementor-button-link elementor-size-sm\" href=\"\/de\/spherefix-at-chintergeo-2025\/\">\n\t\t\t\t\t\t<span class=\"elementor-button-content-wrapper\">\n\t\t\t\t\t\t<span class=\"elementor-button-icon\">\n\t\t\t\t<svg aria-hidden=\"true\" class=\"e-font-icon-svg e-fas-chevron-left\" viewbox=\"0 0 320 512\" xmlns=\"http:\/\/www.w3.org\/2000\/svg\"><path d=\"M34.52 239.03L228.87 44.69c9.37-9.37 24.57-9.37 33.94 0l22.67 22.67c9.36 9.36 9.37 24.52.04 33.9L131.49 256l154.02 154.75c9.34 9.38 9.32 24.54-.04 33.9l-22.67 22.67c-9.37 9.37-24.57 9.37-33.94 0L34.52 272.97c-9.37-9.37-9.37-24.57 0-33.94z\"><\/path><\/svg>\t\t\t<\/span>\n\t\t\t\t\t\t\t\t\t<span class=\"elementor-button-text\">letzte Seite<\/span>\n\t\t\t\t\t<\/span>\n\t\t\t\t\t<\/a>\n\t\t\t\t<\/div>\n\t\t\t\t\t\t\t\t<\/div>\n\t\t\t\t<\/div>\n\t\t\t\t<\/div>\n\t\t<div class=\"elementor-element elementor-element-76df01f0 e-con-full e-flex e-con e-child\" data-id=\"76df01f0\" data-element_type=\"container\" data-e-type=\"container\">\n\t\t\t\t<\/div>\n\t\t<div class=\"elementor-element elementor-element-99f6c0c e-con-full e-flex e-con e-child\" data-id=\"99f6c0c\" data-element_type=\"container\" data-e-type=\"container\">\n\t\t\t\t<div class=\"elementor-element elementor-element-b702811 elementor-align-right elementor-widget elementor-widget-button\" data-id=\"b702811\" data-element_type=\"widget\" data-e-type=\"widget\" data-widget_type=\"button.default\">\n\t\t\t\t<div class=\"elementor-widget-container\">\n\t\t\t\t\t\t\t\t\t<div class=\"elementor-button-wrapper\">\n\t\t\t\t\t<a class=\"elementor-button elementor-button-link elementor-size-sm\" href=\"\/de\/251107\u6587\u7ae0\u9875\/\">\n\t\t\t\t\t\t<span class=\"elementor-button-content-wrapper\">\n\t\t\t\t\t\t<span class=\"elementor-button-icon\">\n\t\t\t\t<svg aria-hidden=\"true\" class=\"e-font-icon-svg e-fas-chevron-right\" viewbox=\"0 0 320 512\" xmlns=\"http:\/\/www.w3.org\/2000\/svg\"><path d=\"M285.476 272.971L91.132 467.314c-9.373 9.373-24.569 9.373-33.941 0l-22.667-22.667c-9.357-9.357-9.375-24.522-.04-33.901L188.505 256 34.484 101.255c-9.335-9.379-9.317-24.544.04-33.901l22.667-22.667c9.373-9.373 24.569-9.373 33.941 0L285.475 239.03c9.373 9.372 9.373 24.568.001 33.941z\"><\/path><\/svg>\t\t\t<\/span>\n\t\t\t\t\t\t\t\t\t<span class=\"elementor-button-text\">n\u00e4chste Seite<\/span>\n\t\t\t\t\t<\/span>\n\t\t\t\t\t<\/a>\n\t\t\t\t<\/div>\n\t\t\t\t\t\t\t\t<\/div>\n\t\t\t\t<\/div>\n\t\t\t\t<\/div>\n\t\t\t\t\t<\/div>\n\t\t\t\t<\/div>\n\t\t\t\t<\/div>\n\t\t\t\t<\/div>","protected":false},"excerpt":{"rendered":"<p>HOME NEWS List Spherefix SP30 Series Receives NGS Antenna Certification 09 December 2025 Guangzhou, 2 Nov 2025 \u2013 Spherefix shares exciting news. Its SP30, SP30SE and SP30Pro GNSS receivers have passed U.S. National Geodetic Survey (NGS) antenna calibration. Notably, this listing lets the whole series work on federal, state and private jobs. It\u2019s usable across [&hellip;]<\/p>\n","protected":false},"author":1,"featured_media":0,"parent":0,"menu_order":0,"comment_status":"closed","ping_status":"closed","template":"","meta":{"_surecart_dashboard_logo_width":"180px","_surecart_dashboard_show_logo":true,"_surecart_dashboard_navigation_orders":true,"_surecart_dashboard_navigation_invoices":true,"_surecart_dashboard_navigation_subscriptions":true,"_surecart_dashboard_navigation_downloads":true,"_surecart_dashboard_navigation_billing":true,"_surecart_dashboard_navigation_account":true,"_uag_custom_page_level_css":"","site-sidebar-layout":"no-sidebar","site-content-layout":"page-builder","ast-site-content-layout":"full-width-container","site-content-style":"default","site-sidebar-style":"default","ast-global-header-display":"","ast-banner-title-visibility":"","ast-main-header-display":"","ast-hfb-above-header-display":"","ast-hfb-below-header-display":"","ast-hfb-mobile-header-display":"","site-post-title":"","ast-breadcrumbs-content":"","ast-featured-img":"disabled","footer-sml-layout":"","theme-transparent-header-meta":"","adv-header-id-meta":"","stick-header-meta":"","header-above-stick-meta":"","header-main-stick-meta":"","header-below-stick-meta":"","astra-migrate-meta-layouts":"set","ast-page-background-enabled":"default","ast-page-background-meta":{"desktop":{"background-color":"","background-image":"","background-repeat":"repeat","background-position":"center center","background-size":"auto","background-attachment":"scroll","background-type":"","background-media":"","overlay-type":"","overlay-color":"","overlay-opacity":"","overlay-gradient":""},"tablet":{"background-color":"","background-image":"","background-repeat":"repeat","background-position":"center center","background-size":"auto","background-attachment":"scroll","background-type":"","background-media":"","overlay-type":"","overlay-color":"","overlay-opacity":"","overlay-gradient":""},"mobile":{"background-color":"","background-image":"","background-repeat":"repeat","background-position":"center center","background-size":"auto","background-attachment":"scroll","background-type":"","background-media":"","overlay-type":"","overlay-color":"","overlay-opacity":"","overlay-gradient":""}},"ast-content-background-meta":{"desktop":{"background-color":"var(--ast-global-color-5)","background-image":"","background-repeat":"repeat","background-position":"center center","background-size":"auto","background-attachment":"scroll","background-type":"","background-media":"","overlay-type":"","overlay-color":"","overlay-opacity":"","overlay-gradient":""},"tablet":{"background-color":"var(--ast-global-color-5)","background-image":"","background-repeat":"repeat","background-position":"center center","background-size":"auto","background-attachment":"scroll","background-type":"","background-media":"","overlay-type":"","overlay-color":"","overlay-opacity":"","overlay-gradient":""},"mobile":{"background-color":"var(--ast-global-color-5)","background-image":"","background-repeat":"repeat","background-position":"center center","background-size":"auto","background-attachment":"scroll","background-type":"","background-media":"","overlay-type":"","overlay-color":"","overlay-opacity":"","overlay-gradient":""}},"footnotes":""},"class_list":["post-8229","page","type-page","status-publish","hentry"],"_hostinger_reach_plugin_has_subscription_block":false,"_hostinger_reach_plugin_is_elementor":false,"uagb_featured_image_src":{"full":false,"thumbnail":false,"medium":false,"medium_large":false,"large":false,"1536x1536":false,"2048x2048":false,"trp-custom-language-flag":false,"woocommerce_thumbnail":false,"woocommerce_single":false,"woocommerce_gallery_thumbnail":false},"uagb_author_info":{"display_name":"jeffreyrtk@gmail.com","author_link":"https:\/\/spherefixgnssrtk.com\/de\/author\/jeffreyrtkgmail-com\/"},"uagb_comment_info":0,"uagb_excerpt":"HOME NEWS List Spherefix SP30 Series Receives NGS Antenna Certification 09 December 2025 Guangzhou, 2 Nov 2025 \u2013 Spherefix shares exciting news. Its SP30, SP30SE and SP30Pro GNSS receivers have passed U.S. National Geodetic Survey (NGS) antenna calibration. Notably, this listing lets the whole series work on federal, state and private jobs. It\u2019s usable across&hellip;","_links":{"self":[{"href":"https:\/\/spherefixgnssrtk.com\/de\/wp-json\/wp\/v2\/pages\/8229","targetHints":{"allow":["GET"]}}],"collection":[{"href":"https:\/\/spherefixgnssrtk.com\/de\/wp-json\/wp\/v2\/pages"}],"about":[{"href":"https:\/\/spherefixgnssrtk.com\/de\/wp-json\/wp\/v2\/types\/page"}],"author":[{"embeddable":true,"href":"https:\/\/spherefixgnssrtk.com\/de\/wp-json\/wp\/v2\/users\/1"}],"replies":[{"embeddable":true,"href":"https:\/\/spherefixgnssrtk.com\/de\/wp-json\/wp\/v2\/comments?post=8229"}],"version-history":[{"count":23,"href":"https:\/\/spherefixgnssrtk.com\/de\/wp-json\/wp\/v2\/pages\/8229\/revisions"}],"predecessor-version":[{"id":10478,"href":"https:\/\/spherefixgnssrtk.com\/de\/wp-json\/wp\/v2\/pages\/8229\/revisions\/10478"}],"wp:attachment":[{"href":"https:\/\/spherefixgnssrtk.com\/de\/wp-json\/wp\/v2\/media?parent=8229"}],"curies":[{"name":"wp","href":"https:\/\/api.w.org\/{rel}","templated":true}]}}